{"id":4547,"date":"2025-12-01T13:41:01","date_gmt":"2025-12-01T13:41:01","guid":{"rendered":"https:\/\/imperialparfums.com\/?page_id=4547"},"modified":"2025-12-01T13:41:01","modified_gmt":"2025-12-01T13:41:01","slug":"privacy-policy","status":"publish","type":"page","link":"https:\/\/imperialparfums.com\/es\/privacy-policy\/","title":{"rendered":"Privacy Policy"},"content":{"rendered":"<div class=\"wpb-content-wrapper\"><p>[vc_row][vc_column][vc_custom_heading text=\u00bbPRIVACY POLICY\u00bb font_container=\u00bbtag:h2|font_size:24px|text_align:center|color:%230a0a0a\u00bb google_fonts=\u00bbfont_family:Sorts%20Mill%20Goudy%3Aregular%2Citalic|font_style:400%20regular%3A400%3Anormal\u00bb][vc_column_text css=\u00bb\u00bb]Esta Pol\u00edtica de Privacidad describe c\u00f3mo se recopila, utiliza y comparte su informaci\u00f3n personal cuando visita o realiza una compra en imperialparfums.com (el \u201cSitio\u201d).<\/p>\n<h3>PERSONAL INFORMATION WE COLLECT<\/h3>\n<p>Cuando visita el Sitio, recopilamos autom\u00e1ticamente cierta informaci\u00f3n sobre su dispositivo, incluida informaci\u00f3n sobre su navegador web, direcci\u00f3n IP, zona horaria y algunas de las cookies que se instalan en su dispositivo. Adem\u00e1s, mientras navega por el Sitio, recopilamos informaci\u00f3n sobre las p\u00e1ginas web o productos individuales que visita, qu\u00e9 sitios web o t\u00e9rminos de b\u00fasqueda le remitieron al Sitio, y datos sobre c\u00f3mo interact\u00faa con el Sitio. Nos referimos a esta informaci\u00f3n recopilada autom\u00e1ticamente como \u201cInformaci\u00f3n del Dispositivo\u201d.<\/p>\n<p>Recopilamos Informaci\u00f3n del Dispositivo utilizando las siguientes tecnolog\u00edas:<br \/>\n\u2013 \u201cCookies\u201d: archivos de datos que se colocan en su dispositivo o computadora y que a menudo incluyen un identificador \u00fanico an\u00f3nimo. Para obtener m\u00e1s informaci\u00f3n sobre las cookies y c\u00f3mo deshabilitarlas, visite http:\/\/www.allaboutcookies.org.<br \/>\n\u2013 \u201cArchivos de registro\u201d (log files): rastrean las acciones que se producen en el Sitio y recopilan datos, incluida su direcci\u00f3n IP, tipo de navegador, proveedor de servicios de Internet, p\u00e1ginas de referencia\/salida y sellos de fecha y hora.<br \/>\n\u2013 \u201cBalizas web\u201d (web beacons), \u201cetiquetas\u201d (tags) y \u201cp\u00edxeles\u201d: archivos electr\u00f3nicos utilizados para registrar informaci\u00f3n sobre c\u00f3mo navega por el Sitio.<\/p>\n<p>Adem\u00e1s, cuando realiza o intenta realizar una compra a trav\u00e9s del Sitio, recopilamos cierta informaci\u00f3n suya, incluido su nombre, direcci\u00f3n de facturaci\u00f3n, direcci\u00f3n de env\u00edo, informaci\u00f3n de pago (incluidos n\u00fameros de tarjeta de cr\u00e9dito), direcci\u00f3n de correo electr\u00f3nico y n\u00famero de tel\u00e9fono. Nos referimos a esta informaci\u00f3n como \u201cInformaci\u00f3n del Pedido\u201d.<\/p>\n<p>Cuando hablamos de \u201cInformaci\u00f3n Personal\u201d en esta Pol\u00edtica de Privacidad, nos referimos tanto a la Informaci\u00f3n del Dispositivo como a la Informaci\u00f3n del Pedido.<\/p>\n<h3>HOW DO WE USE YOUR PERSONAL INFORMATION?<\/h3>\n<p>Utilizamos la Informaci\u00f3n del Pedido que recopilamos, en general, para cumplir con cualquier pedido realizado a trav\u00e9s del Sitio (incluido el procesamiento de su informaci\u00f3n de pago, la organizaci\u00f3n del env\u00edo y la provisi\u00f3n de facturas y\/o confirmaciones de pedido). Adem\u00e1s, utilizamos esta Informaci\u00f3n del Pedido para:<br \/>\n\u2013 Comunicarnos con usted;<br \/>\n\u2013 Examinar nuestros pedidos en busca de posibles riesgos o fraudes; y<br \/>\n\u2013 Cuando est\u00e9 en l\u00ednea con las preferencias que nos haya compartido, proporcionarle informaci\u00f3n o publicidad relacionada con nuestros productos o servicios.<\/p>\n<p>Utilizamos la Informaci\u00f3n del Dispositivo que recopilamos para ayudarnos a detectar posibles riesgos y fraudes (en particular, su direcci\u00f3n IP) y, de manera m\u00e1s general, para mejorar y optimizar nuestro Sitio (por ejemplo, generando anal\u00edticas sobre c\u00f3mo nuestros clientes navegan e interact\u00faan con el Sitio y evaluando el \u00e9xito de nuestras campa\u00f1as de marketing y publicidad).<\/p>\n<h3>SHARING YOUR PERSONAL INFORMATION<\/h3>\n<p>Compartimos su Informaci\u00f3n Personal con terceros para ayudarnos a utilizar su Informaci\u00f3n Personal, seg\u00fan se describe arriba. Por ejemplo, usamos WordPress para gestionar nuestra tienda online; puede obtener m\u00e1s informaci\u00f3n sobre c\u00f3mo WordPress utiliza su Informaci\u00f3n Personal aqu\u00ed: https:\/\/automattic.com\/privacy\/ Tambi\u00e9n utilizamos Google Analytics para ayudarnos a entender c\u00f3mo nuestros clientes utilizan el Sitio; puede leer m\u00e1s sobre c\u00f3mo Google utiliza su Informaci\u00f3n Personal aqu\u00ed: https:\/\/www.google.com\/intl\/en\/policies\/privacy\/. Tambi\u00e9n puede optar por desactivar Google Analytics aqu\u00ed: https:\/\/tools.google.com\/dlpage\/gaoptout.<\/p>\n<p>Finalmente, tambi\u00e9n podemos compartir su Informaci\u00f3n Personal para cumplir con las leyes y regulaciones aplicables, responder a una citaci\u00f3n, orden de registro u otra solicitud legal de informaci\u00f3n que recibamos, o para proteger nuestros derechos de otro modo.<\/p>\n<h3>BEHAVIOURAL ADVERTISING<\/h3>\n<p>Como se describi\u00f3 anteriormente, utilizamos su Informaci\u00f3n Personal para ofrecerle publicidad dirigida o comunicaciones de marketing que creemos que pueden ser de su inter\u00e9s. Para obtener m\u00e1s informaci\u00f3n sobre c\u00f3mo funciona la publicidad dirigida, puede visitar la p\u00e1gina educativa de la Network Advertising Initiative (\u201cNAI\u201d) en http:\/\/www.networkadvertising.org\/understanding-online-advertising\/how-does-it-work.<\/p>\n<p>Puede optar por no recibir publicidad dirigida utilizando los siguientes enlaces:<br \/>\n\u2013 Facebook: https:\/\/www.facebook.com\/settings\/?tab=ads<br \/>\n\u2013 Google: https:\/\/www.google.com\/settings\/ads\/anonymous<br \/>\n\u2013 Bing: https:\/\/advertise.bingads.microsoft.com\/en-us\/resources\/policies\/personalized-ads<br \/>\nAdem\u00e1s, puede optar por no participar en algunos de estos servicios visitando el portal de exclusi\u00f3n de la Digital Advertising Alliance en: http:\/\/optout.aboutads.info\/.<\/p>\n<h3>DO NOT TRACK<\/h3>\n<p>Tenga en cuenta que no modificamos las pr\u00e1cticas de recopilaci\u00f3n y uso de datos de nuestro Sitio cuando vemos una se\u00f1al de \u201cDo Not Track\u201d (No rastrear) de su navegador.<\/p>\n<h3>YOUR RIGHTS<\/h3>\n<p>Si usted es residente europeo, tiene derecho a acceder a la informaci\u00f3n personal que tenemos sobre usted y a solicitar que su informaci\u00f3n personal sea corregida, actualizada o eliminada. Si desea ejercer este derecho, p\u00f3ngase en contacto con nosotros a trav\u00e9s de la informaci\u00f3n de contacto que figura a continuaci\u00f3n.<\/p>\n<p>Adem\u00e1s, si usted es residente europeo, se\u00f1alamos que estamos procesando su informaci\u00f3n para cumplir los contratos que podamos tener con usted (por ejemplo, si realiza un pedido a trav\u00e9s del Sitio) o, de otro modo, para perseguir nuestros intereses comerciales leg\u00edtimos mencionados anteriormente.<br \/>\nAsimismo, tenga en cuenta que su informaci\u00f3n ser\u00e1 transferida fuera de Europa, incluidos Canad\u00e1 y Estados Unidos.<\/p>\n<h3>DATA RETENTION<\/h3>\n<p>Cuando realiza un pedido a trav\u00e9s del Sitio, conservaremos su Informaci\u00f3n del Pedido para nuestros registros a menos y hasta que nos solicite eliminar esta informaci\u00f3n.<\/p>\n<h3>CHANGES<\/h3>\n<p>Podemos actualizar esta Pol\u00edtica de Privacidad de vez en cuando para reflejar, por ejemplo, cambios en nuestras pr\u00e1cticas o por otros motivos operativos, legales o reglamentarios.<\/p>\n<h3>CONTACT US<\/h3>\n<p>Para obtener m\u00e1s informaci\u00f3n sobre nuestras pr\u00e1cticas de privacidad, si tiene preguntas o si desea presentar una queja, cont\u00e1ctenos por email a info@imperialparfums.com o por correo postal utilizando los datos proporcionados a continuaci\u00f3n:<\/p>\n<p>Imperial Shop<br \/>\n131 Boulevard Pereire<br \/>\n75017 Paris<br \/>\nFrancia[\/vc_column_text][\/vc_column][\/vc_row]<\/p>\n<\/div>","protected":false},"excerpt":{"rendered":"<p>[vc_row][vc_column][vc_custom_heading text=\u00bbPRIVACY POLICY\u00bb font_container=\u00bbtag:h2|font_size:24px|text_align:center|color:%230a0a0a\u00bb google_fonts=\u00bbfont_family:Sorts%20Mill%20Goudy%3Aregular%2Citalic|font_style:400%20regular%3A400%3Anormal\u00bb][vc_column_text css=\u00bb\u00bb]Esta Pol\u00edtica de Privacidad describe c\u00f3mo se recopila, utiliza y comparte su informaci\u00f3n personal cuando visita o realiza una compra en imperialparfums.com (el \u201cSitio\u201d). PERSONAL&hellip;<\/p>\n","protected":false},"author":1,"featured_media":0,"parent":0,"menu_order":0,"comment_status":"closed","ping_status":"closed","template":"","meta":{"footnotes":""},"class_list":["post-4547","page","type-page","status-publish","hentry"],"yoast_head":"<!-- This site is optimized with the Yoast SEO plugin v27.0 - https:\/\/yoast.com\/product\/yoast-seo-wordpress\/ -->\n<title>Privacy Policy - Imperial Parfums<\/title>\n<meta name=\"robots\" content=\"index, follow, max-snippet:-1, max-image-preview:large, max-video-preview:-1\" \/>\n<link rel=\"canonical\" href=\"https:\/\/imperialparfums.com\/es\/privacy-policy\/\" \/>\n<meta property=\"og:locale\" content=\"es_ES\" \/>\n<meta property=\"og:type\" content=\"article\" \/>\n<meta property=\"og:title\" content=\"Privacy Policy - Imperial Parfums\" \/>\n<meta property=\"og:description\" content=\"[vc_row][vc_column][vc_custom_heading text=\u00bbPRIVACY POLICY\u00bb font_container=\u00bbtag:h2|font_size:24px|text_align:center|color:%230a0a0a\u00bb google_fonts=\u00bbfont_family:Sorts%20Mill%20Goudy%3Aregular%2Citalic|font_style:400%20regular%3A400%3Anormal\u00bb][vc_column_text css=\u00bb\u00bb]Esta Pol\u00edtica de Privacidad describe c\u00f3mo se recopila, utiliza y comparte su informaci\u00f3n personal cuando visita o realiza una compra en imperialparfums.com (el \u201cSitio\u201d). PERSONAL&hellip;\" \/>\n<meta property=\"og:url\" content=\"https:\/\/imperialparfums.com\/es\/privacy-policy\/\" \/>\n<meta property=\"og:site_name\" content=\"Imperial Parfums\" \/>\n<meta name=\"twitter:card\" content=\"summary_large_image\" \/>\n<meta name=\"twitter:label1\" content=\"Est. reading time\" \/>\n\t<meta name=\"twitter:data1\" content=\"4 minutos\" \/>\n<script type=\"application\/ld+json\" class=\"yoast-schema-graph\">{\"@context\":\"https:\/\/schema.org\",\"@graph\":[{\"@type\":\"WebPage\",\"@id\":\"https:\/\/imperialparfums.com\/es\/privacy-policy\/\",\"url\":\"https:\/\/imperialparfums.com\/es\/privacy-policy\/\",\"name\":\"Privacy Policy - Imperial Parfums\",\"isPartOf\":{\"@id\":\"https:\/\/imperialparfums.com\/#website\"},\"datePublished\":\"2025-12-01T13:41:01+00:00\",\"breadcrumb\":{\"@id\":\"https:\/\/imperialparfums.com\/es\/privacy-policy\/#breadcrumb\"},\"inLanguage\":\"es\",\"potentialAction\":[{\"@type\":\"ReadAction\",\"target\":[\"https:\/\/imperialparfums.com\/es\/privacy-policy\/\"]}]},{\"@type\":\"BreadcrumbList\",\"@id\":\"https:\/\/imperialparfums.com\/es\/privacy-policy\/#breadcrumb\",\"itemListElement\":[{\"@type\":\"ListItem\",\"position\":1,\"name\":\"Home\",\"item\":\"https:\/\/imperialparfums.com\/es\/\"},{\"@type\":\"ListItem\",\"position\":2,\"name\":\"Privacy Policy\"}]},{\"@type\":\"WebSite\",\"@id\":\"https:\/\/imperialparfums.com\/#website\",\"url\":\"https:\/\/imperialparfums.com\/\",\"name\":\"Imperial Parfums\",\"description\":\"\",\"publisher\":{\"@id\":\"https:\/\/imperialparfums.com\/#organization\"},\"potentialAction\":[{\"@type\":\"SearchAction\",\"target\":{\"@type\":\"EntryPoint\",\"urlTemplate\":\"https:\/\/imperialparfums.com\/?s={search_term_string}\"},\"query-input\":{\"@type\":\"PropertyValueSpecification\",\"valueRequired\":true,\"valueName\":\"search_term_string\"}}],\"inLanguage\":\"es\"},{\"@type\":\"Organization\",\"@id\":\"https:\/\/imperialparfums.com\/#organization\",\"name\":\"Imperial Parfums\",\"url\":\"https:\/\/imperialparfums.com\/\",\"logo\":{\"@type\":\"ImageObject\",\"inLanguage\":\"es\",\"@id\":\"https:\/\/imperialparfums.com\/#\/schema\/logo\/image\/\",\"url\":\"https:\/\/imperialparfums.com\/wp-content\/uploads\/2021\/09\/logo-black-small.png\",\"contentUrl\":\"https:\/\/imperialparfums.com\/wp-content\/uploads\/2021\/09\/logo-black-small.png\",\"width\":250,\"height\":36,\"caption\":\"Imperial Parfums\"},\"image\":{\"@id\":\"https:\/\/imperialparfums.com\/#\/schema\/logo\/image\/\"}}]}<\/script>\n<!-- \/ Yoast SEO plugin. -->","yoast_head_json":{"title":"Privacy Policy - Imperial Parfums","robots":{"index":"index","follow":"follow","max-snippet":"max-snippet:-1","max-image-preview":"max-image-preview:large","max-video-preview":"max-video-preview:-1"},"canonical":"https:\/\/imperialparfums.com\/es\/privacy-policy\/","og_locale":"es_ES","og_type":"article","og_title":"Privacy Policy - Imperial Parfums","og_description":"[vc_row][vc_column][vc_custom_heading text=\u00bbPRIVACY POLICY\u00bb font_container=\u00bbtag:h2|font_size:24px|text_align:center|color:%230a0a0a\u00bb google_fonts=\u00bbfont_family:Sorts%20Mill%20Goudy%3Aregular%2Citalic|font_style:400%20regular%3A400%3Anormal\u00bb][vc_column_text css=\u00bb\u00bb]Esta Pol\u00edtica de Privacidad describe c\u00f3mo se recopila, utiliza y comparte su informaci\u00f3n personal cuando visita o realiza una compra en imperialparfums.com (el \u201cSitio\u201d). PERSONAL&hellip;","og_url":"https:\/\/imperialparfums.com\/es\/privacy-policy\/","og_site_name":"Imperial Parfums","twitter_card":"summary_large_image","twitter_misc":{"Est. reading time":"4 minutos"},"schema":{"@context":"https:\/\/schema.org","@graph":[{"@type":"WebPage","@id":"https:\/\/imperialparfums.com\/es\/privacy-policy\/","url":"https:\/\/imperialparfums.com\/es\/privacy-policy\/","name":"Privacy Policy - Imperial Parfums","isPartOf":{"@id":"https:\/\/imperialparfums.com\/#website"},"datePublished":"2025-12-01T13:41:01+00:00","breadcrumb":{"@id":"https:\/\/imperialparfums.com\/es\/privacy-policy\/#breadcrumb"},"inLanguage":"es","potentialAction":[{"@type":"ReadAction","target":["https:\/\/imperialparfums.com\/es\/privacy-policy\/"]}]},{"@type":"BreadcrumbList","@id":"https:\/\/imperialparfums.com\/es\/privacy-policy\/#breadcrumb","itemListElement":[{"@type":"ListItem","position":1,"name":"Home","item":"https:\/\/imperialparfums.com\/es\/"},{"@type":"ListItem","position":2,"name":"Privacy Policy"}]},{"@type":"WebSite","@id":"https:\/\/imperialparfums.com\/#website","url":"https:\/\/imperialparfums.com\/","name":"Imperial Parfums","description":"","publisher":{"@id":"https:\/\/imperialparfums.com\/#organization"},"potentialAction":[{"@type":"SearchAction","target":{"@type":"EntryPoint","urlTemplate":"https:\/\/imperialparfums.com\/?s={search_term_string}"},"query-input":{"@type":"PropertyValueSpecification","valueRequired":true,"valueName":"search_term_string"}}],"inLanguage":"es"},{"@type":"Organization","@id":"https:\/\/imperialparfums.com\/#organization","name":"Imperial Parfums","url":"https:\/\/imperialparfums.com\/","logo":{"@type":"ImageObject","inLanguage":"es","@id":"https:\/\/imperialparfums.com\/#\/schema\/logo\/image\/","url":"https:\/\/imperialparfums.com\/wp-content\/uploads\/2021\/09\/logo-black-small.png","contentUrl":"https:\/\/imperialparfums.com\/wp-content\/uploads\/2021\/09\/logo-black-small.png","width":250,"height":36,"caption":"Imperial Parfums"},"image":{"@id":"https:\/\/imperialparfums.com\/#\/schema\/logo\/image\/"}}]}},"jetpack_sharing_enabled":true,"_links":{"self":[{"href":"https:\/\/imperialparfums.com\/es\/wp-json\/wp\/v2\/pages\/4547","targetHints":{"allow":["GET"]}}],"collection":[{"href":"https:\/\/imperialparfums.com\/es\/wp-json\/wp\/v2\/pages"}],"about":[{"href":"https:\/\/imperialparfums.com\/es\/wp-json\/wp\/v2\/types\/page"}],"author":[{"embeddable":true,"href":"https:\/\/imperialparfums.com\/es\/wp-json\/wp\/v2\/users\/1"}],"replies":[{"embeddable":true,"href":"https:\/\/imperialparfums.com\/es\/wp-json\/wp\/v2\/comments?post=4547"}],"version-history":[{"count":1,"href":"https:\/\/imperialparfums.com\/es\/wp-json\/wp\/v2\/pages\/4547\/revisions"}],"predecessor-version":[{"id":4548,"href":"https:\/\/imperialparfums.com\/es\/wp-json\/wp\/v2\/pages\/4547\/revisions\/4548"}],"wp:attachment":[{"href":"https:\/\/imperialparfums.com\/es\/wp-json\/wp\/v2\/media?parent=4547"}],"curies":[{"name":"wp","href":"https:\/\/api.w.org\/{rel}","templated":true}]}}