{"id":4406,"date":"2021-08-31T14:56:49","date_gmt":"2021-09-28T11:28:09","guid":{"rendered":"https:\/\/imperialparfums.com\/?post_type=product&#038;p=4406"},"modified":"2025-10-08T11:32:22","modified_gmt":"2025-10-08T10:32:22","slug":"nil-imperial","status":"publish","type":"product","link":"https:\/\/imperialparfums.com\/es\/producto\/nil-imperial\/","title":{"rendered":"Nil Imp\u00e9rial"},"content":{"rendered":"<p>Ad\u00e9ntrate en un recuerdo dorado a orillas del legendario Nilo, donde los antiguos faraones reinaron y el aire vibraba con una grandeza eterna. Nil Imp\u00e9rial es la llave que abre los misterios y el esplendor del r\u00edo m\u00e1s m\u00edtico de Egipto.<\/p>\n<p>La fragancia se abre con la frescura luminosa del aceite de lim\u00f3n italiano, capturando los primeros rayos de sol que danzan sobre la superficie del Nilo. En su coraz\u00f3n, un delicado bouquet de rosas b\u00falgaras y az\u00facar cristalina evoca los jardines frondosos y los patios secretos de los palacios reales, donde la belleza y la dulzura se entrelazaban.<\/p>\n<p>El fondo es un abrazo sedoso de vainilla oriental e impoluto almizcle blanco, dejando un rastro sensual y perdurable que recuerda a noches de luna y secretos susurrados a la orilla del r\u00edo. Con cada pulverizaci\u00f3n, Nil Imp\u00e9rial te transporta a una era en la que la elegancia era eterna y cada instante estaba tocado por la majestad del Nilo.<\/p>\n<p><strong>Notas de salida<\/strong><br \/>\nAceite de lim\u00f3n italiano<\/p>\n<p><strong>Notas de coraz\u00f3n<\/strong><br \/>\nAz\u00facar, absoluto de rosa turca<\/p>\n<p><strong>Notas de fondo<\/strong><br \/>\nVainilla intensa, az\u00facar, almizcle blanco<\/p>\n","protected":false},"excerpt":{"rendered":"<p>Ad\u00e9ntrate en un recuerdo dorado a orillas del legendario Nilo, donde los antiguos faraones reinaron y el aire vibraba con una grandeza eterna. Nil Imp\u00e9rial es la llave que abre&hellip;<\/p>\n","protected":false},"featured_media":4463,"template":"","meta":[],"product_brand":[],"product_cat":[94],"product_tag":[],"class_list":{"0":"post-4406","1":"product","2":"type-product","3":"status-publish","4":"has-post-thumbnail","6":"product_cat-fragancias","8":"first","9":"instock","10":"taxable","11":"shipping-taxable","12":"purchasable","13":"product-type-simple","15":"col-md-4 col-sm-4 col-xs-6","16":"col-md-4 col-sm-4 col-xs-12","17":"col-lg-4","18":"product-style-default"},"yoast_head":"<!-- This site is optimized with the Yoast SEO plugin v27.0 - https:\/\/yoast.com\/product\/yoast-seo-wordpress\/ -->\n<title>Nil Imp\u00e9rial - Imperial Parfums<\/title>\n<meta name=\"robots\" content=\"index, follow, max-snippet:-1, max-image-preview:large, max-video-preview:-1\" \/>\n<link rel=\"canonical\" href=\"https:\/\/imperialparfums.com\/es\/producto\/nil-imperial\/\" \/>\n<meta property=\"og:locale\" content=\"es_ES\" \/>\n<meta property=\"og:type\" content=\"article\" \/>\n<meta property=\"og:title\" content=\"Nil Imp\u00e9rial - Imperial Parfums\" \/>\n<meta property=\"og:description\" content=\"Ad\u00e9ntrate en un recuerdo dorado a orillas del legendario Nilo, donde los antiguos faraones reinaron y el aire vibraba con una grandeza eterna. Nil Imp\u00e9rial es la llave que abre&hellip;\" \/>\n<meta property=\"og:url\" content=\"https:\/\/imperialparfums.com\/es\/producto\/nil-imperial\/\" \/>\n<meta property=\"og:site_name\" content=\"Imperial Parfums\" \/>\n<meta property=\"article:modified_time\" content=\"2025-10-08T10:32:22+00:00\" \/>\n<meta property=\"og:image\" content=\"https:\/\/imperialparfums.com\/wp-content\/uploads\/2021\/08\/Nil-Germ-1920.png\" \/>\n\t<meta property=\"og:image:width\" content=\"960\" \/>\n\t<meta property=\"og:image:height\" content=\"639\" \/>\n\t<meta property=\"og:image:type\" content=\"image\/png\" \/>\n<meta name=\"twitter:card\" content=\"summary_large_image\" \/>\n<meta name=\"twitter:label1\" content=\"Est. reading time\" \/>\n\t<meta name=\"twitter:data1\" content=\"1 minuto\" \/>\n<script type=\"application\/ld+json\" class=\"yoast-schema-graph\">{\"@context\":\"https:\/\/schema.org\",\"@graph\":[{\"@type\":\"WebPage\",\"@id\":\"https:\/\/imperialparfums.com\/es\/producto\/nil-imperial\/\",\"url\":\"https:\/\/imperialparfums.com\/es\/producto\/nil-imperial\/\",\"name\":\"Nil Imp\u00e9rial - Imperial Parfums\",\"isPartOf\":{\"@id\":\"https:\/\/imperialparfums.com\/#website\"},\"primaryImageOfPage\":{\"@id\":\"https:\/\/imperialparfums.com\/es\/producto\/nil-imperial\/#primaryimage\"},\"image\":{\"@id\":\"https:\/\/imperialparfums.com\/es\/producto\/nil-imperial\/#primaryimage\"},\"thumbnailUrl\":\"https:\/\/imperialparfums.com\/wp-content\/uploads\/2021\/08\/Nil-Germ-1920.png\",\"datePublished\":\"2021-09-28T11:28:09+00:00\",\"dateModified\":\"2025-10-08T10:32:22+00:00\",\"breadcrumb\":{\"@id\":\"https:\/\/imperialparfums.com\/es\/producto\/nil-imperial\/#breadcrumb\"},\"inLanguage\":\"es\",\"potentialAction\":[{\"@type\":\"ReadAction\",\"target\":[\"https:\/\/imperialparfums.com\/es\/producto\/nil-imperial\/\"]}]},{\"@type\":\"ImageObject\",\"inLanguage\":\"es\",\"@id\":\"https:\/\/imperialparfums.com\/es\/producto\/nil-imperial\/#primaryimage\",\"url\":\"https:\/\/imperialparfums.com\/wp-content\/uploads\/2021\/08\/Nil-Germ-1920.png\",\"contentUrl\":\"https:\/\/imperialparfums.com\/wp-content\/uploads\/2021\/08\/Nil-Germ-1920.png\",\"width\":960,\"height\":639},{\"@type\":\"BreadcrumbList\",\"@id\":\"https:\/\/imperialparfums.com\/es\/producto\/nil-imperial\/#breadcrumb\",\"itemListElement\":[{\"@type\":\"ListItem\",\"position\":1,\"name\":\"Home\",\"item\":\"https:\/\/imperialparfums.com\/es\/\"},{\"@type\":\"ListItem\",\"position\":2,\"name\":\"Shop\",\"item\":\"https:\/\/imperialparfums.com\/en\/shop\/\"},{\"@type\":\"ListItem\",\"position\":3,\"name\":\"Nil Imp\u00e9rial\"}]},{\"@type\":\"WebSite\",\"@id\":\"https:\/\/imperialparfums.com\/#website\",\"url\":\"https:\/\/imperialparfums.com\/\",\"name\":\"Imperial Parfums\",\"description\":\"\",\"publisher\":{\"@id\":\"https:\/\/imperialparfums.com\/#organization\"},\"potentialAction\":[{\"@type\":\"SearchAction\",\"target\":{\"@type\":\"EntryPoint\",\"urlTemplate\":\"https:\/\/imperialparfums.com\/?s={search_term_string}\"},\"query-input\":{\"@type\":\"PropertyValueSpecification\",\"valueRequired\":true,\"valueName\":\"search_term_string\"}}],\"inLanguage\":\"es\"},{\"@type\":\"Organization\",\"@id\":\"https:\/\/imperialparfums.com\/#organization\",\"name\":\"Imperial Parfums\",\"url\":\"https:\/\/imperialparfums.com\/\",\"logo\":{\"@type\":\"ImageObject\",\"inLanguage\":\"es\",\"@id\":\"https:\/\/imperialparfums.com\/#\/schema\/logo\/image\/\",\"url\":\"https:\/\/imperialparfums.com\/wp-content\/uploads\/2021\/09\/logo-black-small.png\",\"contentUrl\":\"https:\/\/imperialparfums.com\/wp-content\/uploads\/2021\/09\/logo-black-small.png\",\"width\":250,\"height\":36,\"caption\":\"Imperial Parfums\"},\"image\":{\"@id\":\"https:\/\/imperialparfums.com\/#\/schema\/logo\/image\/\"}}]}<\/script>\n<!-- \/ Yoast SEO plugin. -->","yoast_head_json":{"title":"Nil Imp\u00e9rial - Imperial Parfums","robots":{"index":"index","follow":"follow","max-snippet":"max-snippet:-1","max-image-preview":"max-image-preview:large","max-video-preview":"max-video-preview:-1"},"canonical":"https:\/\/imperialparfums.com\/es\/producto\/nil-imperial\/","og_locale":"es_ES","og_type":"article","og_title":"Nil Imp\u00e9rial - Imperial Parfums","og_description":"Ad\u00e9ntrate en un recuerdo dorado a orillas del legendario Nilo, donde los antiguos faraones reinaron y el aire vibraba con una grandeza eterna. Nil Imp\u00e9rial es la llave que abre&hellip;","og_url":"https:\/\/imperialparfums.com\/es\/producto\/nil-imperial\/","og_site_name":"Imperial Parfums","article_modified_time":"2025-10-08T10:32:22+00:00","og_image":[{"width":960,"height":639,"url":"https:\/\/imperialparfums.com\/wp-content\/uploads\/2021\/08\/Nil-Germ-1920.png","type":"image\/png"}],"twitter_card":"summary_large_image","twitter_misc":{"Est. reading time":"1 minuto"},"schema":{"@context":"https:\/\/schema.org","@graph":[{"@type":"WebPage","@id":"https:\/\/imperialparfums.com\/es\/producto\/nil-imperial\/","url":"https:\/\/imperialparfums.com\/es\/producto\/nil-imperial\/","name":"Nil Imp\u00e9rial - Imperial Parfums","isPartOf":{"@id":"https:\/\/imperialparfums.com\/#website"},"primaryImageOfPage":{"@id":"https:\/\/imperialparfums.com\/es\/producto\/nil-imperial\/#primaryimage"},"image":{"@id":"https:\/\/imperialparfums.com\/es\/producto\/nil-imperial\/#primaryimage"},"thumbnailUrl":"https:\/\/imperialparfums.com\/wp-content\/uploads\/2021\/08\/Nil-Germ-1920.png","datePublished":"2021-09-28T11:28:09+00:00","dateModified":"2025-10-08T10:32:22+00:00","breadcrumb":{"@id":"https:\/\/imperialparfums.com\/es\/producto\/nil-imperial\/#breadcrumb"},"inLanguage":"es","potentialAction":[{"@type":"ReadAction","target":["https:\/\/imperialparfums.com\/es\/producto\/nil-imperial\/"]}]},{"@type":"ImageObject","inLanguage":"es","@id":"https:\/\/imperialparfums.com\/es\/producto\/nil-imperial\/#primaryimage","url":"https:\/\/imperialparfums.com\/wp-content\/uploads\/2021\/08\/Nil-Germ-1920.png","contentUrl":"https:\/\/imperialparfums.com\/wp-content\/uploads\/2021\/08\/Nil-Germ-1920.png","width":960,"height":639},{"@type":"BreadcrumbList","@id":"https:\/\/imperialparfums.com\/es\/producto\/nil-imperial\/#breadcrumb","itemListElement":[{"@type":"ListItem","position":1,"name":"Home","item":"https:\/\/imperialparfums.com\/es\/"},{"@type":"ListItem","position":2,"name":"Shop","item":"https:\/\/imperialparfums.com\/en\/shop\/"},{"@type":"ListItem","position":3,"name":"Nil Imp\u00e9rial"}]},{"@type":"WebSite","@id":"https:\/\/imperialparfums.com\/#website","url":"https:\/\/imperialparfums.com\/","name":"Imperial Parfums","description":"","publisher":{"@id":"https:\/\/imperialparfums.com\/#organization"},"potentialAction":[{"@type":"SearchAction","target":{"@type":"EntryPoint","urlTemplate":"https:\/\/imperialparfums.com\/?s={search_term_string}"},"query-input":{"@type":"PropertyValueSpecification","valueRequired":true,"valueName":"search_term_string"}}],"inLanguage":"es"},{"@type":"Organization","@id":"https:\/\/imperialparfums.com\/#organization","name":"Imperial Parfums","url":"https:\/\/imperialparfums.com\/","logo":{"@type":"ImageObject","inLanguage":"es","@id":"https:\/\/imperialparfums.com\/#\/schema\/logo\/image\/","url":"https:\/\/imperialparfums.com\/wp-content\/uploads\/2021\/09\/logo-black-small.png","contentUrl":"https:\/\/imperialparfums.com\/wp-content\/uploads\/2021\/09\/logo-black-small.png","width":250,"height":36,"caption":"Imperial Parfums"},"image":{"@id":"https:\/\/imperialparfums.com\/#\/schema\/logo\/image\/"}}]}},"jetpack_sharing_enabled":true,"_links":{"self":[{"href":"https:\/\/imperialparfums.com\/es\/wp-json\/wp\/v2\/product\/4406","targetHints":{"allow":["GET"]}}],"collection":[{"href":"https:\/\/imperialparfums.com\/es\/wp-json\/wp\/v2\/product"}],"about":[{"href":"https:\/\/imperialparfums.com\/es\/wp-json\/wp\/v2\/types\/product"}],"wp:featuredmedia":[{"embeddable":true,"href":"https:\/\/imperialparfums.com\/es\/wp-json\/wp\/v2\/media\/4463"}],"wp:attachment":[{"href":"https:\/\/imperialparfums.com\/es\/wp-json\/wp\/v2\/media?parent=4406"}],"wp:term":[{"taxonomy":"product_brand","embeddable":true,"href":"https:\/\/imperialparfums.com\/es\/wp-json\/wp\/v2\/product_brand?post=4406"},{"taxonomy":"product_cat","embeddable":true,"href":"https:\/\/imperialparfums.com\/es\/wp-json\/wp\/v2\/product_cat?post=4406"},{"taxonomy":"product_tag","embeddable":true,"href":"https:\/\/imperialparfums.com\/es\/wp-json\/wp\/v2\/product_tag?post=4406"}],"curies":[{"name":"wp","href":"https:\/\/api.w.org\/{rel}","templated":true}]}}