{"id":4412,"date":"2021-08-31T16:39:15","date_gmt":"2021-09-28T11:27:11","guid":{"rendered":"https:\/\/imperialparfums.com\/?post_type=product&#038;p=4412"},"modified":"2025-10-08T11:30:44","modified_gmt":"2025-10-08T10:30:44","slug":"rubis-imperial","status":"publish","type":"product","link":"https:\/\/imperialparfums.com\/es\/producto\/rubis-imperial\/","title":{"rendered":"Rubis Imp\u00e9rial"},"content":{"rendered":"<p>Rubis Imp\u00e9rial captura el encanto radiante de la Riviera francesa, evocando recuerdos de huertos de c\u00edtricos, terrazas floridas y silenciosas tardes junto al mar. Se abre con un estallido vivaz de lim\u00f3n italiano, brillante y alentador como un paseo matinal por los jardines en las laderas de Menton.<\/p>\n<p>El coraz\u00f3n florece con suaves flores y una lavanda relajante, que recuerda a s\u00e1banas tendidas al viento y a campos vibrantes de verano. A medida que el d\u00eda se desvanece, una base c\u00e1lida de vainilla se despliega suavemente sobre la piel: cremosa, reconfortante y discretamente segura de s\u00ed. Una fragancia que perdura con gracia, Rubis Imp\u00e9rial te invita a un mundo donde el tiempo se ralentiza y la belleza perdura.<\/p>\n<p><strong>Notas de salida<\/strong><br \/>\nLim\u00f3n de Italia, acorde c\u00edtrico, bergamota, acorde de vainilla<\/p>\n<p><strong>Notas de coraz\u00f3n<\/strong><br \/>\nLavanda, pachul\u00ed de Indonesia<\/p>\n<p><strong>Notas de fondo<\/strong><br \/>\nAbsoluto de l\u00e1dano, almizcle, \u00e1mbar<\/p>\n","protected":false},"excerpt":{"rendered":"<p>Rubis Imp\u00e9rial captura el encanto radiante de la Riviera francesa, evocando recuerdos de huertos de c\u00edtricos, terrazas floridas y silenciosas tardes junto al mar. Se abre con un estallido vivaz&hellip;<\/p>\n","protected":false},"featured_media":4454,"template":"","meta":[],"product_brand":[],"product_cat":[94],"product_tag":[],"class_list":{"0":"post-4412","1":"product","2":"type-product","3":"status-publish","4":"has-post-thumbnail","6":"product_cat-fragancias","8":"first","9":"instock","10":"taxable","11":"shipping-taxable","12":"purchasable","13":"product-type-simple","15":"col-md-4 col-sm-4 col-xs-6","16":"col-md-4 col-sm-4 col-xs-12","17":"col-lg-4","18":"product-style-default"},"yoast_head":"<!-- This site is optimized with the Yoast SEO plugin v27.0 - https:\/\/yoast.com\/product\/yoast-seo-wordpress\/ -->\n<title>Rubis Imp\u00e9rial - Imperial Parfums<\/title>\n<meta name=\"robots\" content=\"index, follow, max-snippet:-1, max-image-preview:large, max-video-preview:-1\" \/>\n<link rel=\"canonical\" href=\"https:\/\/imperialparfums.com\/es\/producto\/rubis-imperial\/\" \/>\n<meta property=\"og:locale\" content=\"es_ES\" \/>\n<meta property=\"og:type\" content=\"article\" \/>\n<meta property=\"og:title\" content=\"Rubis Imp\u00e9rial - Imperial Parfums\" \/>\n<meta property=\"og:description\" content=\"Rubis Imp\u00e9rial captura el encanto radiante de la Riviera francesa, evocando recuerdos de huertos de c\u00edtricos, terrazas floridas y silenciosas tardes junto al mar. Se abre con un estallido vivaz&hellip;\" \/>\n<meta property=\"og:url\" content=\"https:\/\/imperialparfums.com\/es\/producto\/rubis-imperial\/\" \/>\n<meta property=\"og:site_name\" content=\"Imperial Parfums\" \/>\n<meta property=\"article:modified_time\" content=\"2025-10-08T10:30:44+00:00\" \/>\n<meta property=\"og:image\" content=\"https:\/\/imperialparfums.com\/wp-content\/uploads\/2021\/08\/Rubis-Imperial.jpg\" \/>\n\t<meta property=\"og:image:width\" content=\"1920\" \/>\n\t<meta property=\"og:image:height\" content=\"1360\" \/>\n\t<meta property=\"og:image:type\" content=\"image\/jpeg\" \/>\n<meta name=\"twitter:card\" content=\"summary_large_image\" \/>\n<meta name=\"twitter:label1\" content=\"Est. reading time\" \/>\n\t<meta name=\"twitter:data1\" content=\"1 minuto\" \/>\n<script type=\"application\/ld+json\" class=\"yoast-schema-graph\">{\"@context\":\"https:\/\/schema.org\",\"@graph\":[{\"@type\":\"WebPage\",\"@id\":\"https:\/\/imperialparfums.com\/es\/producto\/rubis-imperial\/\",\"url\":\"https:\/\/imperialparfums.com\/es\/producto\/rubis-imperial\/\",\"name\":\"Rubis Imp\u00e9rial - Imperial Parfums\",\"isPartOf\":{\"@id\":\"https:\/\/imperialparfums.com\/#website\"},\"primaryImageOfPage\":{\"@id\":\"https:\/\/imperialparfums.com\/es\/producto\/rubis-imperial\/#primaryimage\"},\"image\":{\"@id\":\"https:\/\/imperialparfums.com\/es\/producto\/rubis-imperial\/#primaryimage\"},\"thumbnailUrl\":\"https:\/\/imperialparfums.com\/wp-content\/uploads\/2021\/08\/Rubis-Imperial.jpg\",\"datePublished\":\"2021-09-28T11:27:11+00:00\",\"dateModified\":\"2025-10-08T10:30:44+00:00\",\"breadcrumb\":{\"@id\":\"https:\/\/imperialparfums.com\/es\/producto\/rubis-imperial\/#breadcrumb\"},\"inLanguage\":\"es\",\"potentialAction\":[{\"@type\":\"ReadAction\",\"target\":[\"https:\/\/imperialparfums.com\/es\/producto\/rubis-imperial\/\"]}]},{\"@type\":\"ImageObject\",\"inLanguage\":\"es\",\"@id\":\"https:\/\/imperialparfums.com\/es\/producto\/rubis-imperial\/#primaryimage\",\"url\":\"https:\/\/imperialparfums.com\/wp-content\/uploads\/2021\/08\/Rubis-Imperial.jpg\",\"contentUrl\":\"https:\/\/imperialparfums.com\/wp-content\/uploads\/2021\/08\/Rubis-Imperial.jpg\",\"width\":1920,\"height\":1360},{\"@type\":\"BreadcrumbList\",\"@id\":\"https:\/\/imperialparfums.com\/es\/producto\/rubis-imperial\/#breadcrumb\",\"itemListElement\":[{\"@type\":\"ListItem\",\"position\":1,\"name\":\"Home\",\"item\":\"https:\/\/imperialparfums.com\/es\/\"},{\"@type\":\"ListItem\",\"position\":2,\"name\":\"Shop\",\"item\":\"https:\/\/imperialparfums.com\/en\/shop\/\"},{\"@type\":\"ListItem\",\"position\":3,\"name\":\"Rubis Imp\u00e9rial\"}]},{\"@type\":\"WebSite\",\"@id\":\"https:\/\/imperialparfums.com\/#website\",\"url\":\"https:\/\/imperialparfums.com\/\",\"name\":\"Imperial Parfums\",\"description\":\"\",\"publisher\":{\"@id\":\"https:\/\/imperialparfums.com\/#organization\"},\"potentialAction\":[{\"@type\":\"SearchAction\",\"target\":{\"@type\":\"EntryPoint\",\"urlTemplate\":\"https:\/\/imperialparfums.com\/?s={search_term_string}\"},\"query-input\":{\"@type\":\"PropertyValueSpecification\",\"valueRequired\":true,\"valueName\":\"search_term_string\"}}],\"inLanguage\":\"es\"},{\"@type\":\"Organization\",\"@id\":\"https:\/\/imperialparfums.com\/#organization\",\"name\":\"Imperial Parfums\",\"url\":\"https:\/\/imperialparfums.com\/\",\"logo\":{\"@type\":\"ImageObject\",\"inLanguage\":\"es\",\"@id\":\"https:\/\/imperialparfums.com\/#\/schema\/logo\/image\/\",\"url\":\"https:\/\/imperialparfums.com\/wp-content\/uploads\/2021\/09\/logo-black-small.png\",\"contentUrl\":\"https:\/\/imperialparfums.com\/wp-content\/uploads\/2021\/09\/logo-black-small.png\",\"width\":250,\"height\":36,\"caption\":\"Imperial Parfums\"},\"image\":{\"@id\":\"https:\/\/imperialparfums.com\/#\/schema\/logo\/image\/\"}}]}<\/script>\n<!-- \/ Yoast SEO plugin. -->","yoast_head_json":{"title":"Rubis Imp\u00e9rial - Imperial Parfums","robots":{"index":"index","follow":"follow","max-snippet":"max-snippet:-1","max-image-preview":"max-image-preview:large","max-video-preview":"max-video-preview:-1"},"canonical":"https:\/\/imperialparfums.com\/es\/producto\/rubis-imperial\/","og_locale":"es_ES","og_type":"article","og_title":"Rubis Imp\u00e9rial - Imperial Parfums","og_description":"Rubis Imp\u00e9rial captura el encanto radiante de la Riviera francesa, evocando recuerdos de huertos de c\u00edtricos, terrazas floridas y silenciosas tardes junto al mar. Se abre con un estallido vivaz&hellip;","og_url":"https:\/\/imperialparfums.com\/es\/producto\/rubis-imperial\/","og_site_name":"Imperial Parfums","article_modified_time":"2025-10-08T10:30:44+00:00","og_image":[{"width":1920,"height":1360,"url":"https:\/\/imperialparfums.com\/wp-content\/uploads\/2021\/08\/Rubis-Imperial.jpg","type":"image\/jpeg"}],"twitter_card":"summary_large_image","twitter_misc":{"Est. reading time":"1 minuto"},"schema":{"@context":"https:\/\/schema.org","@graph":[{"@type":"WebPage","@id":"https:\/\/imperialparfums.com\/es\/producto\/rubis-imperial\/","url":"https:\/\/imperialparfums.com\/es\/producto\/rubis-imperial\/","name":"Rubis Imp\u00e9rial - Imperial Parfums","isPartOf":{"@id":"https:\/\/imperialparfums.com\/#website"},"primaryImageOfPage":{"@id":"https:\/\/imperialparfums.com\/es\/producto\/rubis-imperial\/#primaryimage"},"image":{"@id":"https:\/\/imperialparfums.com\/es\/producto\/rubis-imperial\/#primaryimage"},"thumbnailUrl":"https:\/\/imperialparfums.com\/wp-content\/uploads\/2021\/08\/Rubis-Imperial.jpg","datePublished":"2021-09-28T11:27:11+00:00","dateModified":"2025-10-08T10:30:44+00:00","breadcrumb":{"@id":"https:\/\/imperialparfums.com\/es\/producto\/rubis-imperial\/#breadcrumb"},"inLanguage":"es","potentialAction":[{"@type":"ReadAction","target":["https:\/\/imperialparfums.com\/es\/producto\/rubis-imperial\/"]}]},{"@type":"ImageObject","inLanguage":"es","@id":"https:\/\/imperialparfums.com\/es\/producto\/rubis-imperial\/#primaryimage","url":"https:\/\/imperialparfums.com\/wp-content\/uploads\/2021\/08\/Rubis-Imperial.jpg","contentUrl":"https:\/\/imperialparfums.com\/wp-content\/uploads\/2021\/08\/Rubis-Imperial.jpg","width":1920,"height":1360},{"@type":"BreadcrumbList","@id":"https:\/\/imperialparfums.com\/es\/producto\/rubis-imperial\/#breadcrumb","itemListElement":[{"@type":"ListItem","position":1,"name":"Home","item":"https:\/\/imperialparfums.com\/es\/"},{"@type":"ListItem","position":2,"name":"Shop","item":"https:\/\/imperialparfums.com\/en\/shop\/"},{"@type":"ListItem","position":3,"name":"Rubis Imp\u00e9rial"}]},{"@type":"WebSite","@id":"https:\/\/imperialparfums.com\/#website","url":"https:\/\/imperialparfums.com\/","name":"Imperial Parfums","description":"","publisher":{"@id":"https:\/\/imperialparfums.com\/#organization"},"potentialAction":[{"@type":"SearchAction","target":{"@type":"EntryPoint","urlTemplate":"https:\/\/imperialparfums.com\/?s={search_term_string}"},"query-input":{"@type":"PropertyValueSpecification","valueRequired":true,"valueName":"search_term_string"}}],"inLanguage":"es"},{"@type":"Organization","@id":"https:\/\/imperialparfums.com\/#organization","name":"Imperial Parfums","url":"https:\/\/imperialparfums.com\/","logo":{"@type":"ImageObject","inLanguage":"es","@id":"https:\/\/imperialparfums.com\/#\/schema\/logo\/image\/","url":"https:\/\/imperialparfums.com\/wp-content\/uploads\/2021\/09\/logo-black-small.png","contentUrl":"https:\/\/imperialparfums.com\/wp-content\/uploads\/2021\/09\/logo-black-small.png","width":250,"height":36,"caption":"Imperial Parfums"},"image":{"@id":"https:\/\/imperialparfums.com\/#\/schema\/logo\/image\/"}}]}},"jetpack_sharing_enabled":true,"_links":{"self":[{"href":"https:\/\/imperialparfums.com\/es\/wp-json\/wp\/v2\/product\/4412","targetHints":{"allow":["GET"]}}],"collection":[{"href":"https:\/\/imperialparfums.com\/es\/wp-json\/wp\/v2\/product"}],"about":[{"href":"https:\/\/imperialparfums.com\/es\/wp-json\/wp\/v2\/types\/product"}],"wp:featuredmedia":[{"embeddable":true,"href":"https:\/\/imperialparfums.com\/es\/wp-json\/wp\/v2\/media\/4454"}],"wp:attachment":[{"href":"https:\/\/imperialparfums.com\/es\/wp-json\/wp\/v2\/media?parent=4412"}],"wp:term":[{"taxonomy":"product_brand","embeddable":true,"href":"https:\/\/imperialparfums.com\/es\/wp-json\/wp\/v2\/product_brand?post=4412"},{"taxonomy":"product_cat","embeddable":true,"href":"https:\/\/imperialparfums.com\/es\/wp-json\/wp\/v2\/product_cat?post=4412"},{"taxonomy":"product_tag","embeddable":true,"href":"https:\/\/imperialparfums.com\/es\/wp-json\/wp\/v2\/product_tag?post=4412"}],"curies":[{"name":"wp","href":"https:\/\/api.w.org\/{rel}","templated":true}]}}