{"id":4425,"date":"2024-08-21T08:42:41","date_gmt":"2024-08-21T07:42:41","guid":{"rendered":"https:\/\/imperialparfums.com\/?post_type=product&#038;p=4425"},"modified":"2025-10-08T11:21:27","modified_gmt":"2025-10-08T10:21:27","slug":"sweet-serenade","status":"publish","type":"product","link":"https:\/\/imperialparfums.com\/es\/producto\/sweet-serenade\/","title":{"rendered":"Sweet Serenade"},"content":{"rendered":"<p>Sweet Serenade es la m\u00e1xima seducci\u00f3n dulce de lujo y elegancia en un frasco. Esta fragancia cautivadora se abre con la irresistible dulzura del algod\u00f3n de az\u00facar, entrelazada en armon\u00eda con una jugosa frambuesa y la carnosidad del albaricoque, perfecta para las cuatro estaciones.<\/p>\n<p>En el coraz\u00f3n, revela una rica mezcla de delicioso caramelo y delicado jazm\u00edn, que aporta profundidad y sofisticaci\u00f3n a la composici\u00f3n. A medida que la fragancia se despliega, emergen notas terrosas de pachul\u00ed que anclan la dulzura con un magnetismo intenso y cautivador, creando una experiencia olfativa extremadamente estimulante.<\/p>\n<p>Sweet Serenade te envuelve en un aura sofisticada que perdura y deja un rastro de elegancia atemporal. R\u00edndete a una fragancia que trasciende lo ordinario y exhala un encanto seductor, haciendo de cada momento algo inolvidable. Descubre la sinfon\u00eda de dulzura y sofisticaci\u00f3n con esta obra maestra frutal y dulce de Imperial Parfums.<\/p>\n<p><strong>Notas de salida<\/strong><br \/>\nAlgod\u00f3n de az\u00facar, frambuesa<\/p>\n<p><strong>Notas de coraz\u00f3n<\/strong><br \/>\nCaramelo, \u00e1mbar, jazm\u00edn egipcio<\/p>\n<p><strong>Notas de fondo<\/strong><br \/>\nAlbaricoque intenso, almizcle blanco, pachul\u00ed de Indonesia<\/p>\n","protected":false},"excerpt":{"rendered":"<p>Sweet Serenade es la m\u00e1xima seducci\u00f3n dulce de lujo y elegancia en un frasco. Esta fragancia cautivadora se abre con la irresistible dulzura del algod\u00f3n de az\u00facar, entrelazada en armon\u00eda&hellip;<\/p>\n","protected":false},"featured_media":4429,"template":"","meta":[],"product_brand":[],"product_cat":[94],"product_tag":[],"class_list":{"0":"post-4425","1":"product","2":"type-product","3":"status-publish","4":"has-post-thumbnail","6":"product_cat-fragancias","8":"first","9":"instock","10":"taxable","11":"shipping-taxable","12":"purchasable","13":"product-type-simple","15":"col-md-4 col-sm-4 col-xs-6","16":"col-md-4 col-sm-4 col-xs-12","17":"col-lg-4","18":"product-has-gallery","19":"product-style-default"},"yoast_head":"<!-- This site is optimized with the Yoast SEO plugin v27.0 - https:\/\/yoast.com\/product\/yoast-seo-wordpress\/ -->\n<title>Sweet Serenade - Imperial Parfums<\/title>\n<meta name=\"robots\" content=\"index, follow, max-snippet:-1, max-image-preview:large, max-video-preview:-1\" \/>\n<link rel=\"canonical\" href=\"https:\/\/imperialparfums.com\/es\/producto\/sweet-serenade\/\" \/>\n<meta property=\"og:locale\" content=\"es_ES\" \/>\n<meta property=\"og:type\" content=\"article\" \/>\n<meta property=\"og:title\" content=\"Sweet Serenade - Imperial Parfums\" \/>\n<meta property=\"og:description\" content=\"Sweet Serenade es la m\u00e1xima seducci\u00f3n dulce de lujo y elegancia en un frasco. Esta fragancia cautivadora se abre con la irresistible dulzura del algod\u00f3n de az\u00facar, entrelazada en armon\u00eda&hellip;\" \/>\n<meta property=\"og:url\" content=\"https:\/\/imperialparfums.com\/es\/producto\/sweet-serenade\/\" \/>\n<meta property=\"og:site_name\" content=\"Imperial Parfums\" \/>\n<meta property=\"article:modified_time\" content=\"2025-10-08T10:21:27+00:00\" \/>\n<meta property=\"og:image\" content=\"https:\/\/imperialparfums.com\/wp-content\/uploads\/2024\/08\/SS.jpg\" \/>\n\t<meta property=\"og:image:width\" content=\"1920\" \/>\n\t<meta property=\"og:image:height\" content=\"1453\" \/>\n\t<meta property=\"og:image:type\" content=\"image\/jpeg\" \/>\n<meta name=\"twitter:card\" content=\"summary_large_image\" \/>\n<script type=\"application\/ld+json\" class=\"yoast-schema-graph\">{\"@context\":\"https:\/\/schema.org\",\"@graph\":[{\"@type\":\"WebPage\",\"@id\":\"https:\/\/imperialparfums.com\/es\/producto\/sweet-serenade\/\",\"url\":\"https:\/\/imperialparfums.com\/es\/producto\/sweet-serenade\/\",\"name\":\"Sweet Serenade - Imperial Parfums\",\"isPartOf\":{\"@id\":\"https:\/\/imperialparfums.com\/#website\"},\"primaryImageOfPage\":{\"@id\":\"https:\/\/imperialparfums.com\/es\/producto\/sweet-serenade\/#primaryimage\"},\"image\":{\"@id\":\"https:\/\/imperialparfums.com\/es\/producto\/sweet-serenade\/#primaryimage\"},\"thumbnailUrl\":\"https:\/\/imperialparfums.com\/wp-content\/uploads\/2024\/08\/SS.jpg\",\"datePublished\":\"2024-08-21T07:42:41+00:00\",\"dateModified\":\"2025-10-08T10:21:27+00:00\",\"breadcrumb\":{\"@id\":\"https:\/\/imperialparfums.com\/es\/producto\/sweet-serenade\/#breadcrumb\"},\"inLanguage\":\"es\",\"potentialAction\":[{\"@type\":\"ReadAction\",\"target\":[\"https:\/\/imperialparfums.com\/es\/producto\/sweet-serenade\/\"]}]},{\"@type\":\"ImageObject\",\"inLanguage\":\"es\",\"@id\":\"https:\/\/imperialparfums.com\/es\/producto\/sweet-serenade\/#primaryimage\",\"url\":\"https:\/\/imperialparfums.com\/wp-content\/uploads\/2024\/08\/SS.jpg\",\"contentUrl\":\"https:\/\/imperialparfums.com\/wp-content\/uploads\/2024\/08\/SS.jpg\",\"width\":1920,\"height\":1453},{\"@type\":\"BreadcrumbList\",\"@id\":\"https:\/\/imperialparfums.com\/es\/producto\/sweet-serenade\/#breadcrumb\",\"itemListElement\":[{\"@type\":\"ListItem\",\"position\":1,\"name\":\"Home\",\"item\":\"https:\/\/imperialparfums.com\/es\/\"},{\"@type\":\"ListItem\",\"position\":2,\"name\":\"Shop\",\"item\":\"https:\/\/imperialparfums.com\/en\/shop\/\"},{\"@type\":\"ListItem\",\"position\":3,\"name\":\"Sweet Serenade\"}]},{\"@type\":\"WebSite\",\"@id\":\"https:\/\/imperialparfums.com\/#website\",\"url\":\"https:\/\/imperialparfums.com\/\",\"name\":\"Imperial Parfums\",\"description\":\"\",\"publisher\":{\"@id\":\"https:\/\/imperialparfums.com\/#organization\"},\"potentialAction\":[{\"@type\":\"SearchAction\",\"target\":{\"@type\":\"EntryPoint\",\"urlTemplate\":\"https:\/\/imperialparfums.com\/?s={search_term_string}\"},\"query-input\":{\"@type\":\"PropertyValueSpecification\",\"valueRequired\":true,\"valueName\":\"search_term_string\"}}],\"inLanguage\":\"es\"},{\"@type\":\"Organization\",\"@id\":\"https:\/\/imperialparfums.com\/#organization\",\"name\":\"Imperial Parfums\",\"url\":\"https:\/\/imperialparfums.com\/\",\"logo\":{\"@type\":\"ImageObject\",\"inLanguage\":\"es\",\"@id\":\"https:\/\/imperialparfums.com\/#\/schema\/logo\/image\/\",\"url\":\"https:\/\/imperialparfums.com\/wp-content\/uploads\/2021\/09\/logo-black-small.png\",\"contentUrl\":\"https:\/\/imperialparfums.com\/wp-content\/uploads\/2021\/09\/logo-black-small.png\",\"width\":250,\"height\":36,\"caption\":\"Imperial Parfums\"},\"image\":{\"@id\":\"https:\/\/imperialparfums.com\/#\/schema\/logo\/image\/\"}}]}<\/script>\n<!-- \/ Yoast SEO plugin. -->","yoast_head_json":{"title":"Sweet Serenade - Imperial Parfums","robots":{"index":"index","follow":"follow","max-snippet":"max-snippet:-1","max-image-preview":"max-image-preview:large","max-video-preview":"max-video-preview:-1"},"canonical":"https:\/\/imperialparfums.com\/es\/producto\/sweet-serenade\/","og_locale":"es_ES","og_type":"article","og_title":"Sweet Serenade - Imperial Parfums","og_description":"Sweet Serenade es la m\u00e1xima seducci\u00f3n dulce de lujo y elegancia en un frasco. Esta fragancia cautivadora se abre con la irresistible dulzura del algod\u00f3n de az\u00facar, entrelazada en armon\u00eda&hellip;","og_url":"https:\/\/imperialparfums.com\/es\/producto\/sweet-serenade\/","og_site_name":"Imperial Parfums","article_modified_time":"2025-10-08T10:21:27+00:00","og_image":[{"width":1920,"height":1453,"url":"https:\/\/imperialparfums.com\/wp-content\/uploads\/2024\/08\/SS.jpg","type":"image\/jpeg"}],"twitter_card":"summary_large_image","schema":{"@context":"https:\/\/schema.org","@graph":[{"@type":"WebPage","@id":"https:\/\/imperialparfums.com\/es\/producto\/sweet-serenade\/","url":"https:\/\/imperialparfums.com\/es\/producto\/sweet-serenade\/","name":"Sweet Serenade - Imperial Parfums","isPartOf":{"@id":"https:\/\/imperialparfums.com\/#website"},"primaryImageOfPage":{"@id":"https:\/\/imperialparfums.com\/es\/producto\/sweet-serenade\/#primaryimage"},"image":{"@id":"https:\/\/imperialparfums.com\/es\/producto\/sweet-serenade\/#primaryimage"},"thumbnailUrl":"https:\/\/imperialparfums.com\/wp-content\/uploads\/2024\/08\/SS.jpg","datePublished":"2024-08-21T07:42:41+00:00","dateModified":"2025-10-08T10:21:27+00:00","breadcrumb":{"@id":"https:\/\/imperialparfums.com\/es\/producto\/sweet-serenade\/#breadcrumb"},"inLanguage":"es","potentialAction":[{"@type":"ReadAction","target":["https:\/\/imperialparfums.com\/es\/producto\/sweet-serenade\/"]}]},{"@type":"ImageObject","inLanguage":"es","@id":"https:\/\/imperialparfums.com\/es\/producto\/sweet-serenade\/#primaryimage","url":"https:\/\/imperialparfums.com\/wp-content\/uploads\/2024\/08\/SS.jpg","contentUrl":"https:\/\/imperialparfums.com\/wp-content\/uploads\/2024\/08\/SS.jpg","width":1920,"height":1453},{"@type":"BreadcrumbList","@id":"https:\/\/imperialparfums.com\/es\/producto\/sweet-serenade\/#breadcrumb","itemListElement":[{"@type":"ListItem","position":1,"name":"Home","item":"https:\/\/imperialparfums.com\/es\/"},{"@type":"ListItem","position":2,"name":"Shop","item":"https:\/\/imperialparfums.com\/en\/shop\/"},{"@type":"ListItem","position":3,"name":"Sweet Serenade"}]},{"@type":"WebSite","@id":"https:\/\/imperialparfums.com\/#website","url":"https:\/\/imperialparfums.com\/","name":"Imperial Parfums","description":"","publisher":{"@id":"https:\/\/imperialparfums.com\/#organization"},"potentialAction":[{"@type":"SearchAction","target":{"@type":"EntryPoint","urlTemplate":"https:\/\/imperialparfums.com\/?s={search_term_string}"},"query-input":{"@type":"PropertyValueSpecification","valueRequired":true,"valueName":"search_term_string"}}],"inLanguage":"es"},{"@type":"Organization","@id":"https:\/\/imperialparfums.com\/#organization","name":"Imperial Parfums","url":"https:\/\/imperialparfums.com\/","logo":{"@type":"ImageObject","inLanguage":"es","@id":"https:\/\/imperialparfums.com\/#\/schema\/logo\/image\/","url":"https:\/\/imperialparfums.com\/wp-content\/uploads\/2021\/09\/logo-black-small.png","contentUrl":"https:\/\/imperialparfums.com\/wp-content\/uploads\/2021\/09\/logo-black-small.png","width":250,"height":36,"caption":"Imperial Parfums"},"image":{"@id":"https:\/\/imperialparfums.com\/#\/schema\/logo\/image\/"}}]}},"jetpack_sharing_enabled":true,"_links":{"self":[{"href":"https:\/\/imperialparfums.com\/es\/wp-json\/wp\/v2\/product\/4425","targetHints":{"allow":["GET"]}}],"collection":[{"href":"https:\/\/imperialparfums.com\/es\/wp-json\/wp\/v2\/product"}],"about":[{"href":"https:\/\/imperialparfums.com\/es\/wp-json\/wp\/v2\/types\/product"}],"wp:featuredmedia":[{"embeddable":true,"href":"https:\/\/imperialparfums.com\/es\/wp-json\/wp\/v2\/media\/4429"}],"wp:attachment":[{"href":"https:\/\/imperialparfums.com\/es\/wp-json\/wp\/v2\/media?parent=4425"}],"wp:term":[{"taxonomy":"product_brand","embeddable":true,"href":"https:\/\/imperialparfums.com\/es\/wp-json\/wp\/v2\/product_brand?post=4425"},{"taxonomy":"product_cat","embeddable":true,"href":"https:\/\/imperialparfums.com\/es\/wp-json\/wp\/v2\/product_cat?post=4425"},{"taxonomy":"product_tag","embeddable":true,"href":"https:\/\/imperialparfums.com\/es\/wp-json\/wp\/v2\/product_tag?post=4425"}],"curies":[{"name":"wp","href":"https:\/\/api.w.org\/{rel}","templated":true}]}}