{"id":4437,"date":"2021-08-31T14:57:25","date_gmt":"2021-09-28T11:25:09","guid":{"rendered":"https:\/\/imperialparfums.com\/?post_type=product&#038;p=4437"},"modified":"2026-02-19T03:10:56","modified_gmt":"2026-02-19T03:10:56","slug":"black-imperial","status":"publish","type":"product","link":"https:\/\/imperialparfums.com\/es\/producto\/black-imperial\/","title":{"rendered":"Black Imp\u00e9rial"},"content":{"rendered":"<p>Black Imp\u00e9rial se abre en el umbral de un trono de m\u00e1rmol negro silencioso, inalcanzable, coronado de oro. Una chispa de bergamota atraviesa la sombra, y la violeta de Parma se revela elevada a lo in\u00e9dito. M\u00e1s oscura, m\u00e1s rara, imperial, ca\u00edda como terciopelo sobre una autoridad absoluta.<\/p>\n<p>En su coraz\u00f3n, una rosa aterciopelada florece con una sutil dulzura especiada tierna y, sin embargo provocadora. Se desliza en el aire como una tentaci\u00f3n en una corte donde cada mirada se pesa como oro, donde el deseo se disciplina y la elegancia es la primera forma de poder.<\/p>\n<p>Luego llega la conquista. El pachul\u00ed de Indonesia, el \u00e1mbar y la vainilla de Madagascar irrumpen en oleadas c\u00e1lidas tierra y fuego, profundidad y dulzura hasta volver la estela irresistible. Black Imp\u00e9rial es el trono que todos anhelan alcanzar, no para poseerlo, sino para ser dignos de rozar la excelencia.<\/p>\n<p><strong>Notas de salida<\/strong><br \/>\nBergamota, violeta de Parma<\/p>\n<p><strong>Notas de coraz\u00f3n<\/strong><br \/>\nRosa aterciopelada<\/p>\n<p><strong>Notas de fondo<\/strong><br \/>\nPachul\u00ed de Indonesia, \u00e1mbar, vainilla de Madagascar<\/p>\n","protected":false},"excerpt":{"rendered":"<p>Black Imp\u00e9rial se abre en el umbral de un trono de m\u00e1rmol negro silencioso, inalcanzable, coronado de oro. Una chispa de bergamota atraviesa la sombra, y la violeta de Parma&hellip;<\/p>\n","protected":false},"featured_media":4441,"template":"","meta":[],"product_brand":[],"product_cat":[94],"product_tag":[],"class_list":{"0":"post-4437","1":"product","2":"type-product","3":"status-publish","4":"has-post-thumbnail","6":"product_cat-fragancias","8":"first","9":"instock","10":"taxable","11":"shipping-taxable","12":"purchasable","13":"product-type-simple","15":"col-md-4 col-sm-4 col-xs-6","16":"col-md-4 col-sm-4 col-xs-12","17":"col-lg-4","18":"product-has-gallery","19":"product-style-default"},"yoast_head":"<!-- This site is optimized with the Yoast SEO plugin v27.0 - https:\/\/yoast.com\/product\/yoast-seo-wordpress\/ -->\n<title>Black Imp\u00e9rial - Imperial Parfums<\/title>\n<meta name=\"robots\" content=\"index, follow, max-snippet:-1, max-image-preview:large, max-video-preview:-1\" \/>\n<link rel=\"canonical\" href=\"https:\/\/imperialparfums.com\/es\/producto\/black-imperial\/\" \/>\n<meta property=\"og:locale\" content=\"es_ES\" \/>\n<meta property=\"og:type\" content=\"article\" \/>\n<meta property=\"og:title\" content=\"Black Imp\u00e9rial - Imperial Parfums\" \/>\n<meta property=\"og:description\" content=\"Black Imp\u00e9rial se abre en el umbral de un trono de m\u00e1rmol negro silencioso, inalcanzable, coronado de oro. Una chispa de bergamota atraviesa la sombra, y la violeta de Parma&hellip;\" \/>\n<meta property=\"og:url\" content=\"https:\/\/imperialparfums.com\/es\/producto\/black-imperial\/\" \/>\n<meta property=\"og:site_name\" content=\"Imperial Parfums\" \/>\n<meta property=\"article:modified_time\" content=\"2026-02-19T03:10:56+00:00\" \/>\n<meta property=\"og:image\" content=\"https:\/\/imperialparfums.com\/wp-content\/uploads\/2021\/08\/Black-Imperial.jpg\" \/>\n\t<meta property=\"og:image:width\" content=\"1920\" \/>\n\t<meta property=\"og:image:height\" content=\"1372\" \/>\n\t<meta property=\"og:image:type\" content=\"image\/jpeg\" \/>\n<meta name=\"twitter:card\" content=\"summary_large_image\" \/>\n<meta name=\"twitter:label1\" content=\"Est. reading time\" \/>\n\t<meta name=\"twitter:data1\" content=\"1 minuto\" \/>\n<script type=\"application\/ld+json\" class=\"yoast-schema-graph\">{\"@context\":\"https:\/\/schema.org\",\"@graph\":[{\"@type\":\"WebPage\",\"@id\":\"https:\/\/imperialparfums.com\/es\/producto\/black-imperial\/\",\"url\":\"https:\/\/imperialparfums.com\/es\/producto\/black-imperial\/\",\"name\":\"Black Imp\u00e9rial - Imperial Parfums\",\"isPartOf\":{\"@id\":\"https:\/\/imperialparfums.com\/#website\"},\"primaryImageOfPage\":{\"@id\":\"https:\/\/imperialparfums.com\/es\/producto\/black-imperial\/#primaryimage\"},\"image\":{\"@id\":\"https:\/\/imperialparfums.com\/es\/producto\/black-imperial\/#primaryimage\"},\"thumbnailUrl\":\"https:\/\/imperialparfums.com\/wp-content\/uploads\/2021\/08\/Black-Imperial.jpg\",\"datePublished\":\"2021-09-28T11:25:09+00:00\",\"dateModified\":\"2026-02-19T03:10:56+00:00\",\"breadcrumb\":{\"@id\":\"https:\/\/imperialparfums.com\/es\/producto\/black-imperial\/#breadcrumb\"},\"inLanguage\":\"es\",\"potentialAction\":[{\"@type\":\"ReadAction\",\"target\":[\"https:\/\/imperialparfums.com\/es\/producto\/black-imperial\/\"]}]},{\"@type\":\"ImageObject\",\"inLanguage\":\"es\",\"@id\":\"https:\/\/imperialparfums.com\/es\/producto\/black-imperial\/#primaryimage\",\"url\":\"https:\/\/imperialparfums.com\/wp-content\/uploads\/2021\/08\/Black-Imperial.jpg\",\"contentUrl\":\"https:\/\/imperialparfums.com\/wp-content\/uploads\/2021\/08\/Black-Imperial.jpg\",\"width\":1920,\"height\":1372},{\"@type\":\"BreadcrumbList\",\"@id\":\"https:\/\/imperialparfums.com\/es\/producto\/black-imperial\/#breadcrumb\",\"itemListElement\":[{\"@type\":\"ListItem\",\"position\":1,\"name\":\"Home\",\"item\":\"https:\/\/imperialparfums.com\/es\/\"},{\"@type\":\"ListItem\",\"position\":2,\"name\":\"Shop\",\"item\":\"https:\/\/imperialparfums.com\/en\/shop\/\"},{\"@type\":\"ListItem\",\"position\":3,\"name\":\"Black Imp\u00e9rial\"}]},{\"@type\":\"WebSite\",\"@id\":\"https:\/\/imperialparfums.com\/#website\",\"url\":\"https:\/\/imperialparfums.com\/\",\"name\":\"Imperial Parfums\",\"description\":\"\",\"publisher\":{\"@id\":\"https:\/\/imperialparfums.com\/#organization\"},\"potentialAction\":[{\"@type\":\"SearchAction\",\"target\":{\"@type\":\"EntryPoint\",\"urlTemplate\":\"https:\/\/imperialparfums.com\/?s={search_term_string}\"},\"query-input\":{\"@type\":\"PropertyValueSpecification\",\"valueRequired\":true,\"valueName\":\"search_term_string\"}}],\"inLanguage\":\"es\"},{\"@type\":\"Organization\",\"@id\":\"https:\/\/imperialparfums.com\/#organization\",\"name\":\"Imperial Parfums\",\"url\":\"https:\/\/imperialparfums.com\/\",\"logo\":{\"@type\":\"ImageObject\",\"inLanguage\":\"es\",\"@id\":\"https:\/\/imperialparfums.com\/#\/schema\/logo\/image\/\",\"url\":\"https:\/\/imperialparfums.com\/wp-content\/uploads\/2021\/09\/logo-black-small.png\",\"contentUrl\":\"https:\/\/imperialparfums.com\/wp-content\/uploads\/2021\/09\/logo-black-small.png\",\"width\":250,\"height\":36,\"caption\":\"Imperial Parfums\"},\"image\":{\"@id\":\"https:\/\/imperialparfums.com\/#\/schema\/logo\/image\/\"}}]}<\/script>\n<!-- \/ Yoast SEO plugin. -->","yoast_head_json":{"title":"Black Imp\u00e9rial - Imperial Parfums","robots":{"index":"index","follow":"follow","max-snippet":"max-snippet:-1","max-image-preview":"max-image-preview:large","max-video-preview":"max-video-preview:-1"},"canonical":"https:\/\/imperialparfums.com\/es\/producto\/black-imperial\/","og_locale":"es_ES","og_type":"article","og_title":"Black Imp\u00e9rial - Imperial Parfums","og_description":"Black Imp\u00e9rial se abre en el umbral de un trono de m\u00e1rmol negro silencioso, inalcanzable, coronado de oro. Una chispa de bergamota atraviesa la sombra, y la violeta de Parma&hellip;","og_url":"https:\/\/imperialparfums.com\/es\/producto\/black-imperial\/","og_site_name":"Imperial Parfums","article_modified_time":"2026-02-19T03:10:56+00:00","og_image":[{"width":1920,"height":1372,"url":"https:\/\/imperialparfums.com\/wp-content\/uploads\/2021\/08\/Black-Imperial.jpg","type":"image\/jpeg"}],"twitter_card":"summary_large_image","twitter_misc":{"Est. reading time":"1 minuto"},"schema":{"@context":"https:\/\/schema.org","@graph":[{"@type":"WebPage","@id":"https:\/\/imperialparfums.com\/es\/producto\/black-imperial\/","url":"https:\/\/imperialparfums.com\/es\/producto\/black-imperial\/","name":"Black Imp\u00e9rial - Imperial Parfums","isPartOf":{"@id":"https:\/\/imperialparfums.com\/#website"},"primaryImageOfPage":{"@id":"https:\/\/imperialparfums.com\/es\/producto\/black-imperial\/#primaryimage"},"image":{"@id":"https:\/\/imperialparfums.com\/es\/producto\/black-imperial\/#primaryimage"},"thumbnailUrl":"https:\/\/imperialparfums.com\/wp-content\/uploads\/2021\/08\/Black-Imperial.jpg","datePublished":"2021-09-28T11:25:09+00:00","dateModified":"2026-02-19T03:10:56+00:00","breadcrumb":{"@id":"https:\/\/imperialparfums.com\/es\/producto\/black-imperial\/#breadcrumb"},"inLanguage":"es","potentialAction":[{"@type":"ReadAction","target":["https:\/\/imperialparfums.com\/es\/producto\/black-imperial\/"]}]},{"@type":"ImageObject","inLanguage":"es","@id":"https:\/\/imperialparfums.com\/es\/producto\/black-imperial\/#primaryimage","url":"https:\/\/imperialparfums.com\/wp-content\/uploads\/2021\/08\/Black-Imperial.jpg","contentUrl":"https:\/\/imperialparfums.com\/wp-content\/uploads\/2021\/08\/Black-Imperial.jpg","width":1920,"height":1372},{"@type":"BreadcrumbList","@id":"https:\/\/imperialparfums.com\/es\/producto\/black-imperial\/#breadcrumb","itemListElement":[{"@type":"ListItem","position":1,"name":"Home","item":"https:\/\/imperialparfums.com\/es\/"},{"@type":"ListItem","position":2,"name":"Shop","item":"https:\/\/imperialparfums.com\/en\/shop\/"},{"@type":"ListItem","position":3,"name":"Black Imp\u00e9rial"}]},{"@type":"WebSite","@id":"https:\/\/imperialparfums.com\/#website","url":"https:\/\/imperialparfums.com\/","name":"Imperial Parfums","description":"","publisher":{"@id":"https:\/\/imperialparfums.com\/#organization"},"potentialAction":[{"@type":"SearchAction","target":{"@type":"EntryPoint","urlTemplate":"https:\/\/imperialparfums.com\/?s={search_term_string}"},"query-input":{"@type":"PropertyValueSpecification","valueRequired":true,"valueName":"search_term_string"}}],"inLanguage":"es"},{"@type":"Organization","@id":"https:\/\/imperialparfums.com\/#organization","name":"Imperial Parfums","url":"https:\/\/imperialparfums.com\/","logo":{"@type":"ImageObject","inLanguage":"es","@id":"https:\/\/imperialparfums.com\/#\/schema\/logo\/image\/","url":"https:\/\/imperialparfums.com\/wp-content\/uploads\/2021\/09\/logo-black-small.png","contentUrl":"https:\/\/imperialparfums.com\/wp-content\/uploads\/2021\/09\/logo-black-small.png","width":250,"height":36,"caption":"Imperial Parfums"},"image":{"@id":"https:\/\/imperialparfums.com\/#\/schema\/logo\/image\/"}}]}},"jetpack_sharing_enabled":true,"_links":{"self":[{"href":"https:\/\/imperialparfums.com\/es\/wp-json\/wp\/v2\/product\/4437","targetHints":{"allow":["GET"]}}],"collection":[{"href":"https:\/\/imperialparfums.com\/es\/wp-json\/wp\/v2\/product"}],"about":[{"href":"https:\/\/imperialparfums.com\/es\/wp-json\/wp\/v2\/types\/product"}],"wp:featuredmedia":[{"embeddable":true,"href":"https:\/\/imperialparfums.com\/es\/wp-json\/wp\/v2\/media\/4441"}],"wp:attachment":[{"href":"https:\/\/imperialparfums.com\/es\/wp-json\/wp\/v2\/media?parent=4437"}],"wp:term":[{"taxonomy":"product_brand","embeddable":true,"href":"https:\/\/imperialparfums.com\/es\/wp-json\/wp\/v2\/product_brand?post=4437"},{"taxonomy":"product_cat","embeddable":true,"href":"https:\/\/imperialparfums.com\/es\/wp-json\/wp\/v2\/product_cat?post=4437"},{"taxonomy":"product_tag","embeddable":true,"href":"https:\/\/imperialparfums.com\/es\/wp-json\/wp\/v2\/product_tag?post=4437"}],"curies":[{"name":"wp","href":"https:\/\/api.w.org\/{rel}","templated":true}]}}