{"id":4469,"date":"2025-07-31T08:40:01","date_gmt":"2025-07-31T07:40:01","guid":{"rendered":"https:\/\/imperialparfums.com\/?post_type=product&#038;p=4469"},"modified":"2025-10-08T11:45:10","modified_gmt":"2025-10-08T10:45:10","slug":"kashmir","status":"publish","type":"product","link":"https:\/\/imperialparfums.com\/es\/producto\/kashmir\/","title":{"rendered":"Kashmir"},"content":{"rendered":"<p>Kashmir se inspira en el encanto atemporal del cachemir tejido a mano, capturando un aire de discreto prestigio y dulzura refinada. Esta fragancia exquisita se abre con una mezcla luminosa de pera jugosa, delicadamente glaseada con az\u00facar de ca\u00f1a dorada y miel tibia: un opulento tributo a la indulgencia anta\u00f1o reservada a las cortes reales.<\/p>\n<p>A medida que el coraz\u00f3n se despliega, el jazm\u00edn florece con una gracia et\u00e9rea, tan suave y suntuoso como el m\u00e1s fino chal de cachemir sobre los hombros de la nobleza. El viaje culmina en un abrazo armonioso de elixir de vainilla cremosa y aterciopelado almizcle blanco, que permanece cerca de la piel como un susurro de lujo discreto.<\/p>\n<p>Kashmir es una sinfon\u00eda de calidez sofisticada, que encarna una elegancia sin esfuerzo para todas las estaciones. Arropa a quien lo lleva en un capullo de calidez regia, dejando un rastro de silenciosa confianza y grandeza intemporal.<\/p>\n<p><strong>Notas de salida<\/strong><br \/>\nPera, az\u00facar de ca\u00f1a<\/p>\n<p><strong>Notas de coraz\u00f3n<\/strong><br \/>\nMiel, jazm\u00edn<\/p>\n<p><strong>Notas de fondo<\/strong><br \/>\nAlmizcle blanco, elixir de vainilla<\/p>\n","protected":false},"excerpt":{"rendered":"<p>Kashmir se inspira en el encanto atemporal del cachemir tejido a mano, capturando un aire de discreto prestigio y dulzura refinada. Esta fragancia exquisita se abre con una mezcla luminosa&hellip;<\/p>\n","protected":false},"featured_media":4470,"template":"","meta":[],"product_brand":[],"product_cat":[94],"product_tag":[],"class_list":{"0":"post-4469","1":"product","2":"type-product","3":"status-publish","4":"has-post-thumbnail","6":"product_cat-fragancias","8":"first","9":"instock","10":"taxable","11":"shipping-taxable","12":"purchasable","13":"product-type-simple","15":"col-md-4 col-sm-4 col-xs-6","16":"col-md-4 col-sm-4 col-xs-12","17":"col-lg-4","18":"product-has-gallery","19":"product-style-default"},"yoast_head":"<!-- This site is optimized with the Yoast SEO plugin v27.0 - https:\/\/yoast.com\/product\/yoast-seo-wordpress\/ -->\n<title>Kashmir - Imperial Parfums<\/title>\n<meta name=\"robots\" content=\"index, follow, max-snippet:-1, max-image-preview:large, max-video-preview:-1\" \/>\n<link rel=\"canonical\" href=\"https:\/\/imperialparfums.com\/es\/producto\/kashmir\/\" \/>\n<meta property=\"og:locale\" content=\"es_ES\" \/>\n<meta property=\"og:type\" content=\"article\" \/>\n<meta property=\"og:title\" content=\"Kashmir - Imperial Parfums\" \/>\n<meta property=\"og:description\" content=\"Kashmir se inspira en el encanto atemporal del cachemir tejido a mano, capturando un aire de discreto prestigio y dulzura refinada. Esta fragancia exquisita se abre con una mezcla luminosa&hellip;\" \/>\n<meta property=\"og:url\" content=\"https:\/\/imperialparfums.com\/es\/producto\/kashmir\/\" \/>\n<meta property=\"og:site_name\" content=\"Imperial Parfums\" \/>\n<meta property=\"article:modified_time\" content=\"2025-10-08T10:45:10+00:00\" \/>\n<meta property=\"og:image\" content=\"https:\/\/imperialparfums.com\/wp-content\/uploads\/2025\/07\/kashmir.webp\" \/>\n\t<meta property=\"og:image:width\" content=\"1920\" \/>\n\t<meta property=\"og:image:height\" content=\"1280\" \/>\n\t<meta property=\"og:image:type\" content=\"image\/webp\" \/>\n<meta name=\"twitter:card\" content=\"summary_large_image\" \/>\n<meta name=\"twitter:label1\" content=\"Est. reading time\" \/>\n\t<meta name=\"twitter:data1\" content=\"1 minuto\" \/>\n<script type=\"application\/ld+json\" class=\"yoast-schema-graph\">{\"@context\":\"https:\/\/schema.org\",\"@graph\":[{\"@type\":\"WebPage\",\"@id\":\"https:\/\/imperialparfums.com\/es\/producto\/kashmir\/\",\"url\":\"https:\/\/imperialparfums.com\/es\/producto\/kashmir\/\",\"name\":\"Kashmir - Imperial Parfums\",\"isPartOf\":{\"@id\":\"https:\/\/imperialparfums.com\/#website\"},\"primaryImageOfPage\":{\"@id\":\"https:\/\/imperialparfums.com\/es\/producto\/kashmir\/#primaryimage\"},\"image\":{\"@id\":\"https:\/\/imperialparfums.com\/es\/producto\/kashmir\/#primaryimage\"},\"thumbnailUrl\":\"https:\/\/imperialparfums.com\/wp-content\/uploads\/2025\/07\/kashmir.webp\",\"datePublished\":\"2025-07-31T07:40:01+00:00\",\"dateModified\":\"2025-10-08T10:45:10+00:00\",\"breadcrumb\":{\"@id\":\"https:\/\/imperialparfums.com\/es\/producto\/kashmir\/#breadcrumb\"},\"inLanguage\":\"es\",\"potentialAction\":[{\"@type\":\"ReadAction\",\"target\":[\"https:\/\/imperialparfums.com\/es\/producto\/kashmir\/\"]}]},{\"@type\":\"ImageObject\",\"inLanguage\":\"es\",\"@id\":\"https:\/\/imperialparfums.com\/es\/producto\/kashmir\/#primaryimage\",\"url\":\"https:\/\/imperialparfums.com\/wp-content\/uploads\/2025\/07\/kashmir.webp\",\"contentUrl\":\"https:\/\/imperialparfums.com\/wp-content\/uploads\/2025\/07\/kashmir.webp\",\"width\":1920,\"height\":1280},{\"@type\":\"BreadcrumbList\",\"@id\":\"https:\/\/imperialparfums.com\/es\/producto\/kashmir\/#breadcrumb\",\"itemListElement\":[{\"@type\":\"ListItem\",\"position\":1,\"name\":\"Home\",\"item\":\"https:\/\/imperialparfums.com\/es\/\"},{\"@type\":\"ListItem\",\"position\":2,\"name\":\"Shop\",\"item\":\"https:\/\/imperialparfums.com\/en\/shop\/\"},{\"@type\":\"ListItem\",\"position\":3,\"name\":\"Kashmir\"}]},{\"@type\":\"WebSite\",\"@id\":\"https:\/\/imperialparfums.com\/#website\",\"url\":\"https:\/\/imperialparfums.com\/\",\"name\":\"Imperial Parfums\",\"description\":\"\",\"publisher\":{\"@id\":\"https:\/\/imperialparfums.com\/#organization\"},\"potentialAction\":[{\"@type\":\"SearchAction\",\"target\":{\"@type\":\"EntryPoint\",\"urlTemplate\":\"https:\/\/imperialparfums.com\/?s={search_term_string}\"},\"query-input\":{\"@type\":\"PropertyValueSpecification\",\"valueRequired\":true,\"valueName\":\"search_term_string\"}}],\"inLanguage\":\"es\"},{\"@type\":\"Organization\",\"@id\":\"https:\/\/imperialparfums.com\/#organization\",\"name\":\"Imperial Parfums\",\"url\":\"https:\/\/imperialparfums.com\/\",\"logo\":{\"@type\":\"ImageObject\",\"inLanguage\":\"es\",\"@id\":\"https:\/\/imperialparfums.com\/#\/schema\/logo\/image\/\",\"url\":\"https:\/\/imperialparfums.com\/wp-content\/uploads\/2021\/09\/logo-black-small.png\",\"contentUrl\":\"https:\/\/imperialparfums.com\/wp-content\/uploads\/2021\/09\/logo-black-small.png\",\"width\":250,\"height\":36,\"caption\":\"Imperial Parfums\"},\"image\":{\"@id\":\"https:\/\/imperialparfums.com\/#\/schema\/logo\/image\/\"}}]}<\/script>\n<!-- \/ Yoast SEO plugin. -->","yoast_head_json":{"title":"Kashmir - Imperial Parfums","robots":{"index":"index","follow":"follow","max-snippet":"max-snippet:-1","max-image-preview":"max-image-preview:large","max-video-preview":"max-video-preview:-1"},"canonical":"https:\/\/imperialparfums.com\/es\/producto\/kashmir\/","og_locale":"es_ES","og_type":"article","og_title":"Kashmir - Imperial Parfums","og_description":"Kashmir se inspira en el encanto atemporal del cachemir tejido a mano, capturando un aire de discreto prestigio y dulzura refinada. Esta fragancia exquisita se abre con una mezcla luminosa&hellip;","og_url":"https:\/\/imperialparfums.com\/es\/producto\/kashmir\/","og_site_name":"Imperial Parfums","article_modified_time":"2025-10-08T10:45:10+00:00","og_image":[{"width":1920,"height":1280,"url":"https:\/\/imperialparfums.com\/wp-content\/uploads\/2025\/07\/kashmir.webp","type":"image\/webp"}],"twitter_card":"summary_large_image","twitter_misc":{"Est. reading time":"1 minuto"},"schema":{"@context":"https:\/\/schema.org","@graph":[{"@type":"WebPage","@id":"https:\/\/imperialparfums.com\/es\/producto\/kashmir\/","url":"https:\/\/imperialparfums.com\/es\/producto\/kashmir\/","name":"Kashmir - Imperial Parfums","isPartOf":{"@id":"https:\/\/imperialparfums.com\/#website"},"primaryImageOfPage":{"@id":"https:\/\/imperialparfums.com\/es\/producto\/kashmir\/#primaryimage"},"image":{"@id":"https:\/\/imperialparfums.com\/es\/producto\/kashmir\/#primaryimage"},"thumbnailUrl":"https:\/\/imperialparfums.com\/wp-content\/uploads\/2025\/07\/kashmir.webp","datePublished":"2025-07-31T07:40:01+00:00","dateModified":"2025-10-08T10:45:10+00:00","breadcrumb":{"@id":"https:\/\/imperialparfums.com\/es\/producto\/kashmir\/#breadcrumb"},"inLanguage":"es","potentialAction":[{"@type":"ReadAction","target":["https:\/\/imperialparfums.com\/es\/producto\/kashmir\/"]}]},{"@type":"ImageObject","inLanguage":"es","@id":"https:\/\/imperialparfums.com\/es\/producto\/kashmir\/#primaryimage","url":"https:\/\/imperialparfums.com\/wp-content\/uploads\/2025\/07\/kashmir.webp","contentUrl":"https:\/\/imperialparfums.com\/wp-content\/uploads\/2025\/07\/kashmir.webp","width":1920,"height":1280},{"@type":"BreadcrumbList","@id":"https:\/\/imperialparfums.com\/es\/producto\/kashmir\/#breadcrumb","itemListElement":[{"@type":"ListItem","position":1,"name":"Home","item":"https:\/\/imperialparfums.com\/es\/"},{"@type":"ListItem","position":2,"name":"Shop","item":"https:\/\/imperialparfums.com\/en\/shop\/"},{"@type":"ListItem","position":3,"name":"Kashmir"}]},{"@type":"WebSite","@id":"https:\/\/imperialparfums.com\/#website","url":"https:\/\/imperialparfums.com\/","name":"Imperial Parfums","description":"","publisher":{"@id":"https:\/\/imperialparfums.com\/#organization"},"potentialAction":[{"@type":"SearchAction","target":{"@type":"EntryPoint","urlTemplate":"https:\/\/imperialparfums.com\/?s={search_term_string}"},"query-input":{"@type":"PropertyValueSpecification","valueRequired":true,"valueName":"search_term_string"}}],"inLanguage":"es"},{"@type":"Organization","@id":"https:\/\/imperialparfums.com\/#organization","name":"Imperial Parfums","url":"https:\/\/imperialparfums.com\/","logo":{"@type":"ImageObject","inLanguage":"es","@id":"https:\/\/imperialparfums.com\/#\/schema\/logo\/image\/","url":"https:\/\/imperialparfums.com\/wp-content\/uploads\/2021\/09\/logo-black-small.png","contentUrl":"https:\/\/imperialparfums.com\/wp-content\/uploads\/2021\/09\/logo-black-small.png","width":250,"height":36,"caption":"Imperial Parfums"},"image":{"@id":"https:\/\/imperialparfums.com\/#\/schema\/logo\/image\/"}}]}},"jetpack_sharing_enabled":true,"_links":{"self":[{"href":"https:\/\/imperialparfums.com\/es\/wp-json\/wp\/v2\/product\/4469","targetHints":{"allow":["GET"]}}],"collection":[{"href":"https:\/\/imperialparfums.com\/es\/wp-json\/wp\/v2\/product"}],"about":[{"href":"https:\/\/imperialparfums.com\/es\/wp-json\/wp\/v2\/types\/product"}],"wp:featuredmedia":[{"embeddable":true,"href":"https:\/\/imperialparfums.com\/es\/wp-json\/wp\/v2\/media\/4470"}],"wp:attachment":[{"href":"https:\/\/imperialparfums.com\/es\/wp-json\/wp\/v2\/media?parent=4469"}],"wp:term":[{"taxonomy":"product_brand","embeddable":true,"href":"https:\/\/imperialparfums.com\/es\/wp-json\/wp\/v2\/product_brand?post=4469"},{"taxonomy":"product_cat","embeddable":true,"href":"https:\/\/imperialparfums.com\/es\/wp-json\/wp\/v2\/product_cat?post=4469"},{"taxonomy":"product_tag","embeddable":true,"href":"https:\/\/imperialparfums.com\/es\/wp-json\/wp\/v2\/product_tag?post=4469"}],"curies":[{"name":"wp","href":"https:\/\/api.w.org\/{rel}","templated":true}]}}