{"id":4473,"date":"2022-09-26T13:07:14","date_gmt":"2022-09-26T12:07:14","guid":{"rendered":"https:\/\/imperialparfums.com\/?post_type=product&#038;p=4473"},"modified":"2026-02-19T03:04:53","modified_gmt":"2026-02-19T03:04:53","slug":"ilyan","status":"publish","type":"product","link":"https:\/\/imperialparfums.com\/es\/producto\/ilyan\/","title":{"rendered":"Ilyan"},"content":{"rendered":"<p>En el dulce silencio de una noche oriental, donde los palacios de piedra guardan sus secretos y el aire mismo parece dorado, Ilyan se abre como un homenaje real. El caramelo se funde con la vainilla opulenta, lenta, deliberada como una dulzura preciosa servida en silencio para honrar una presencia que se basta a s\u00ed misma.<\/p>\n<p>Luego el perfume se transforma y la historia se profundiza. El s\u00e1ndalo se eleva con la serena autoridad de puertas talladas y vigas antiguas, pulidas por el tiempo, templadas por el sol. En el coraz\u00f3n aparece una bendici\u00f3n delicada, agua de rosas pura y luminosa  que roza la piel como un gesto ritual. El jazm\u00edn le sigue, suave y persistente, como llegado de un jard\u00edn interior oculto tras altos muros; aqu\u00ed nada es ostentoso, todo es intenci\u00f3n.<\/p>\n<p>Y cuando la noche revela su verdadero color, la vainilla de Madagascar y el \u00e1mbar anclan la estela tierra y oro, sombra y calor dejando una firma golosa y sensual, a la vez \u00edntima e imperial. Ilyan no se lleva simplemente, se entra en \u00e9l como en un palacio, como en un recuerdo, como en una promesa momento.<\/p>\n<p><strong>Notas de salida<\/strong><br \/>\nCaramelo intenso, pomelo<\/p>\n<p><strong>Notas de coraz\u00f3n<\/strong><br \/>\nRosa b\u00falgara, jazm\u00edn<\/p>\n<p><strong>Notas de fondo<\/strong><br \/>\nAbsoluto de vainilla de Madagascar, s\u00e1ndalo de la India, oud (agarwood), almizcle blanco, \u00e1mbar<\/p>\n","protected":false},"excerpt":{"rendered":"<p>En el dulce silencio de una noche oriental, donde los palacios de piedra guardan sus secretos y el aire mismo parece dorado, Ilyan se abre como un homenaje real. El&hellip;<\/p>\n","protected":false},"featured_media":4450,"template":"","meta":[],"product_brand":[],"product_cat":[94],"product_tag":[],"class_list":{"0":"post-4473","1":"product","2":"type-product","3":"status-publish","4":"has-post-thumbnail","6":"product_cat-fragancias","8":"first","9":"instock","10":"taxable","11":"shipping-taxable","12":"purchasable","13":"product-type-simple","15":"col-md-4 col-sm-4 col-xs-6","16":"col-md-4 col-sm-4 col-xs-12","17":"col-lg-4","18":"product-has-gallery","19":"product-style-default"},"yoast_head":"<!-- This site is optimized with the Yoast SEO plugin v27.0 - https:\/\/yoast.com\/product\/yoast-seo-wordpress\/ -->\n<title>Ilyan - Imperial Parfums<\/title>\n<meta name=\"robots\" content=\"index, follow, max-snippet:-1, max-image-preview:large, max-video-preview:-1\" \/>\n<link rel=\"canonical\" href=\"https:\/\/imperialparfums.com\/es\/producto\/ilyan\/\" \/>\n<meta property=\"og:locale\" content=\"es_ES\" \/>\n<meta property=\"og:type\" content=\"article\" \/>\n<meta property=\"og:title\" content=\"Ilyan - Imperial Parfums\" \/>\n<meta property=\"og:description\" content=\"En el dulce silencio de una noche oriental, donde los palacios de piedra guardan sus secretos y el aire mismo parece dorado, Ilyan se abre como un homenaje real. El&hellip;\" \/>\n<meta property=\"og:url\" content=\"https:\/\/imperialparfums.com\/es\/producto\/ilyan\/\" \/>\n<meta property=\"og:site_name\" content=\"Imperial Parfums\" \/>\n<meta property=\"article:modified_time\" content=\"2026-02-19T03:04:53+00:00\" \/>\n<meta property=\"og:image\" content=\"https:\/\/imperialparfums.com\/wp-content\/uploads\/2022\/09\/Germ-Ilyan-1920.png\" \/>\n\t<meta property=\"og:image:width\" content=\"639\" \/>\n\t<meta property=\"og:image:height\" content=\"960\" \/>\n\t<meta property=\"og:image:type\" content=\"image\/png\" \/>\n<meta name=\"twitter:card\" content=\"summary_large_image\" \/>\n<meta name=\"twitter:label1\" content=\"Est. reading time\" \/>\n\t<meta name=\"twitter:data1\" content=\"1 minuto\" \/>\n<script type=\"application\/ld+json\" class=\"yoast-schema-graph\">{\"@context\":\"https:\/\/schema.org\",\"@graph\":[{\"@type\":\"WebPage\",\"@id\":\"https:\/\/imperialparfums.com\/es\/producto\/ilyan\/\",\"url\":\"https:\/\/imperialparfums.com\/es\/producto\/ilyan\/\",\"name\":\"Ilyan - Imperial Parfums\",\"isPartOf\":{\"@id\":\"https:\/\/imperialparfums.com\/#website\"},\"primaryImageOfPage\":{\"@id\":\"https:\/\/imperialparfums.com\/es\/producto\/ilyan\/#primaryimage\"},\"image\":{\"@id\":\"https:\/\/imperialparfums.com\/es\/producto\/ilyan\/#primaryimage\"},\"thumbnailUrl\":\"https:\/\/imperialparfums.com\/wp-content\/uploads\/2022\/09\/Germ-Ilyan-1920.png\",\"datePublished\":\"2022-09-26T12:07:14+00:00\",\"dateModified\":\"2026-02-19T03:04:53+00:00\",\"breadcrumb\":{\"@id\":\"https:\/\/imperialparfums.com\/es\/producto\/ilyan\/#breadcrumb\"},\"inLanguage\":\"es\",\"potentialAction\":[{\"@type\":\"ReadAction\",\"target\":[\"https:\/\/imperialparfums.com\/es\/producto\/ilyan\/\"]}]},{\"@type\":\"ImageObject\",\"inLanguage\":\"es\",\"@id\":\"https:\/\/imperialparfums.com\/es\/producto\/ilyan\/#primaryimage\",\"url\":\"https:\/\/imperialparfums.com\/wp-content\/uploads\/2022\/09\/Germ-Ilyan-1920.png\",\"contentUrl\":\"https:\/\/imperialparfums.com\/wp-content\/uploads\/2022\/09\/Germ-Ilyan-1920.png\",\"width\":639,\"height\":960},{\"@type\":\"BreadcrumbList\",\"@id\":\"https:\/\/imperialparfums.com\/es\/producto\/ilyan\/#breadcrumb\",\"itemListElement\":[{\"@type\":\"ListItem\",\"position\":1,\"name\":\"Home\",\"item\":\"https:\/\/imperialparfums.com\/es\/\"},{\"@type\":\"ListItem\",\"position\":2,\"name\":\"Shop\",\"item\":\"https:\/\/imperialparfums.com\/en\/shop\/\"},{\"@type\":\"ListItem\",\"position\":3,\"name\":\"Ilyan\"}]},{\"@type\":\"WebSite\",\"@id\":\"https:\/\/imperialparfums.com\/#website\",\"url\":\"https:\/\/imperialparfums.com\/\",\"name\":\"Imperial Parfums\",\"description\":\"\",\"publisher\":{\"@id\":\"https:\/\/imperialparfums.com\/#organization\"},\"potentialAction\":[{\"@type\":\"SearchAction\",\"target\":{\"@type\":\"EntryPoint\",\"urlTemplate\":\"https:\/\/imperialparfums.com\/?s={search_term_string}\"},\"query-input\":{\"@type\":\"PropertyValueSpecification\",\"valueRequired\":true,\"valueName\":\"search_term_string\"}}],\"inLanguage\":\"es\"},{\"@type\":\"Organization\",\"@id\":\"https:\/\/imperialparfums.com\/#organization\",\"name\":\"Imperial Parfums\",\"url\":\"https:\/\/imperialparfums.com\/\",\"logo\":{\"@type\":\"ImageObject\",\"inLanguage\":\"es\",\"@id\":\"https:\/\/imperialparfums.com\/#\/schema\/logo\/image\/\",\"url\":\"https:\/\/imperialparfums.com\/wp-content\/uploads\/2021\/09\/logo-black-small.png\",\"contentUrl\":\"https:\/\/imperialparfums.com\/wp-content\/uploads\/2021\/09\/logo-black-small.png\",\"width\":250,\"height\":36,\"caption\":\"Imperial Parfums\"},\"image\":{\"@id\":\"https:\/\/imperialparfums.com\/#\/schema\/logo\/image\/\"}}]}<\/script>\n<!-- \/ Yoast SEO plugin. -->","yoast_head_json":{"title":"Ilyan - Imperial Parfums","robots":{"index":"index","follow":"follow","max-snippet":"max-snippet:-1","max-image-preview":"max-image-preview:large","max-video-preview":"max-video-preview:-1"},"canonical":"https:\/\/imperialparfums.com\/es\/producto\/ilyan\/","og_locale":"es_ES","og_type":"article","og_title":"Ilyan - Imperial Parfums","og_description":"En el dulce silencio de una noche oriental, donde los palacios de piedra guardan sus secretos y el aire mismo parece dorado, Ilyan se abre como un homenaje real. El&hellip;","og_url":"https:\/\/imperialparfums.com\/es\/producto\/ilyan\/","og_site_name":"Imperial Parfums","article_modified_time":"2026-02-19T03:04:53+00:00","og_image":[{"width":639,"height":960,"url":"https:\/\/imperialparfums.com\/wp-content\/uploads\/2022\/09\/Germ-Ilyan-1920.png","type":"image\/png"}],"twitter_card":"summary_large_image","twitter_misc":{"Est. reading time":"1 minuto"},"schema":{"@context":"https:\/\/schema.org","@graph":[{"@type":"WebPage","@id":"https:\/\/imperialparfums.com\/es\/producto\/ilyan\/","url":"https:\/\/imperialparfums.com\/es\/producto\/ilyan\/","name":"Ilyan - Imperial Parfums","isPartOf":{"@id":"https:\/\/imperialparfums.com\/#website"},"primaryImageOfPage":{"@id":"https:\/\/imperialparfums.com\/es\/producto\/ilyan\/#primaryimage"},"image":{"@id":"https:\/\/imperialparfums.com\/es\/producto\/ilyan\/#primaryimage"},"thumbnailUrl":"https:\/\/imperialparfums.com\/wp-content\/uploads\/2022\/09\/Germ-Ilyan-1920.png","datePublished":"2022-09-26T12:07:14+00:00","dateModified":"2026-02-19T03:04:53+00:00","breadcrumb":{"@id":"https:\/\/imperialparfums.com\/es\/producto\/ilyan\/#breadcrumb"},"inLanguage":"es","potentialAction":[{"@type":"ReadAction","target":["https:\/\/imperialparfums.com\/es\/producto\/ilyan\/"]}]},{"@type":"ImageObject","inLanguage":"es","@id":"https:\/\/imperialparfums.com\/es\/producto\/ilyan\/#primaryimage","url":"https:\/\/imperialparfums.com\/wp-content\/uploads\/2022\/09\/Germ-Ilyan-1920.png","contentUrl":"https:\/\/imperialparfums.com\/wp-content\/uploads\/2022\/09\/Germ-Ilyan-1920.png","width":639,"height":960},{"@type":"BreadcrumbList","@id":"https:\/\/imperialparfums.com\/es\/producto\/ilyan\/#breadcrumb","itemListElement":[{"@type":"ListItem","position":1,"name":"Home","item":"https:\/\/imperialparfums.com\/es\/"},{"@type":"ListItem","position":2,"name":"Shop","item":"https:\/\/imperialparfums.com\/en\/shop\/"},{"@type":"ListItem","position":3,"name":"Ilyan"}]},{"@type":"WebSite","@id":"https:\/\/imperialparfums.com\/#website","url":"https:\/\/imperialparfums.com\/","name":"Imperial Parfums","description":"","publisher":{"@id":"https:\/\/imperialparfums.com\/#organization"},"potentialAction":[{"@type":"SearchAction","target":{"@type":"EntryPoint","urlTemplate":"https:\/\/imperialparfums.com\/?s={search_term_string}"},"query-input":{"@type":"PropertyValueSpecification","valueRequired":true,"valueName":"search_term_string"}}],"inLanguage":"es"},{"@type":"Organization","@id":"https:\/\/imperialparfums.com\/#organization","name":"Imperial Parfums","url":"https:\/\/imperialparfums.com\/","logo":{"@type":"ImageObject","inLanguage":"es","@id":"https:\/\/imperialparfums.com\/#\/schema\/logo\/image\/","url":"https:\/\/imperialparfums.com\/wp-content\/uploads\/2021\/09\/logo-black-small.png","contentUrl":"https:\/\/imperialparfums.com\/wp-content\/uploads\/2021\/09\/logo-black-small.png","width":250,"height":36,"caption":"Imperial Parfums"},"image":{"@id":"https:\/\/imperialparfums.com\/#\/schema\/logo\/image\/"}}]}},"jetpack_sharing_enabled":true,"_links":{"self":[{"href":"https:\/\/imperialparfums.com\/es\/wp-json\/wp\/v2\/product\/4473","targetHints":{"allow":["GET"]}}],"collection":[{"href":"https:\/\/imperialparfums.com\/es\/wp-json\/wp\/v2\/product"}],"about":[{"href":"https:\/\/imperialparfums.com\/es\/wp-json\/wp\/v2\/types\/product"}],"wp:featuredmedia":[{"embeddable":true,"href":"https:\/\/imperialparfums.com\/es\/wp-json\/wp\/v2\/media\/4450"}],"wp:attachment":[{"href":"https:\/\/imperialparfums.com\/es\/wp-json\/wp\/v2\/media?parent=4473"}],"wp:term":[{"taxonomy":"product_brand","embeddable":true,"href":"https:\/\/imperialparfums.com\/es\/wp-json\/wp\/v2\/product_brand?post=4473"},{"taxonomy":"product_cat","embeddable":true,"href":"https:\/\/imperialparfums.com\/es\/wp-json\/wp\/v2\/product_cat?post=4473"},{"taxonomy":"product_tag","embeddable":true,"href":"https:\/\/imperialparfums.com\/es\/wp-json\/wp\/v2\/product_tag?post=4473"}],"curies":[{"name":"wp","href":"https:\/\/api.w.org\/{rel}","templated":true}]}}