{"id":4684,"date":"2026-03-25T12:36:54","date_gmt":"2026-03-25T12:36:54","guid":{"rendered":"https:\/\/imperialparfums.com\/?post_type=product&#038;p=4684"},"modified":"2026-03-25T13:08:33","modified_gmt":"2026-03-25T13:08:33","slug":"santorini","status":"publish","type":"product","link":"https:\/\/imperialparfums.com\/es\/producto\/santorini\/","title":{"rendered":"SANTORINI"},"content":{"rendered":"<p>Bajo el sol dorado de Santorini, donde los acantilados de m\u00e1rmol se sumergen en el azul infinito de Poseid\u00f3n, las leyendas susurran el recuerdo de los gladiadores y los emperadores griegos que recorr\u00edan los anta\u00f1os de estas orillas antiguas. Una brisa marina, avivada por el aceite de lim\u00f3n y el pomelo resplandeciente, lleva en s\u00ed la promesa de conquista y libertad. Una fragancia tan energizante como las primeras luces del d\u00eda sobre el mar turquesa. La mandarina flota en el aire, un gui\u00f1o discreto a las historias secretas de la isla.<\/p>\n<p>En el coraz\u00f3n de esta tierra m\u00edtica, el tomillo y la bergamota se abren entre las piedras blancas, uniendo pasado y presente en un torbellino de sensaciones. Aqu\u00ed, cada paso evoca un reinado y una gracia eterna, donde la fuerza se armoniza con la belleza, y el esp\u00edritu de Santorini se despierta con cada respiraci\u00f3n. Este perfume no pertenece ni a \u00e9l ni a ella: es tuyo, para descubrirlo y guardarlo con cuidado.<\/p>\n<p>Al caer el crep\u00fasculo, el \u00e1mbar gris, la madera de cedro y el lirio del valle se revelan bajo un cielo inspirado por los dioses, suavizados por la dulzura de la vainilla. Un perfume imperial para quienes buscan aventura y elegancia, para las almas en busca de nuevos horizontes. Una sola inhalaci\u00f3n, y caminas junto a las leyendas, marcado para siempre por el encanto de Santorini.<\/p>\n<p><strong>Notas de salida <\/strong><br \/>\n\u2060Pomelo, Aceite de lim\u00f3n, Mandarina  <\/p>\n<p><strong>Notas de coraz\u00f3n<\/strong><br \/>\nTomillo, Bergamota  <\/p>\n<p><strong>Notas de fondo<\/strong><br \/>\n\u2060\u00c1mbar gris, Madera de cedro, Lirio de los valles, Vainilla<\/p>\n","protected":false},"excerpt":{"rendered":"<p>Bajo el sol dorado de Santorini, donde los acantilados de m\u00e1rmol se sumergen en el azul infinito de Poseid\u00f3n, las leyendas susurran el recuerdo de los gladiadores y los emperadores&hellip;<\/p>\n","protected":false},"featured_media":4679,"template":"","meta":[],"product_brand":[],"product_cat":[94],"product_tag":[],"class_list":{"0":"post-4684","1":"product","2":"type-product","3":"status-publish","4":"has-post-thumbnail","6":"product_cat-fragancias","8":"first","9":"instock","10":"taxable","11":"shipping-taxable","12":"purchasable","13":"product-type-simple","15":"col-md-4 col-sm-4 col-xs-6","16":"col-md-4 col-sm-4 col-xs-12","17":"col-lg-4","18":"product-has-gallery","19":"product-style-default"},"yoast_head":"<!-- This site is optimized with the Yoast SEO plugin v27.0 - https:\/\/yoast.com\/product\/yoast-seo-wordpress\/ -->\n<title>SANTORINI - Imperial Parfums<\/title>\n<meta name=\"robots\" content=\"index, follow, max-snippet:-1, max-image-preview:large, max-video-preview:-1\" \/>\n<link rel=\"canonical\" href=\"https:\/\/imperialparfums.com\/es\/producto\/santorini\/\" \/>\n<meta property=\"og:locale\" content=\"es_ES\" \/>\n<meta property=\"og:type\" content=\"article\" \/>\n<meta property=\"og:title\" content=\"SANTORINI - Imperial Parfums\" \/>\n<meta property=\"og:description\" content=\"Bajo el sol dorado de Santorini, donde los acantilados de m\u00e1rmol se sumergen en el azul infinito de Poseid\u00f3n, las leyendas susurran el recuerdo de los gladiadores y los emperadores&hellip;\" \/>\n<meta property=\"og:url\" content=\"https:\/\/imperialparfums.com\/es\/producto\/santorini\/\" \/>\n<meta property=\"og:site_name\" content=\"Imperial Parfums\" \/>\n<meta property=\"article:modified_time\" content=\"2026-03-25T13:08:33+00:00\" \/>\n<meta property=\"og:image\" content=\"https:\/\/imperialparfums.com\/wp-content\/uploads\/2026\/03\/Santorini-Germ6.jpg\" \/>\n\t<meta property=\"og:image:width\" content=\"1920\" \/>\n\t<meta property=\"og:image:height\" content=\"1310\" \/>\n\t<meta property=\"og:image:type\" content=\"image\/jpeg\" \/>\n<meta name=\"twitter:card\" content=\"summary_large_image\" \/>\n<meta name=\"twitter:label1\" content=\"Est. reading time\" \/>\n\t<meta name=\"twitter:data1\" content=\"2 minutos\" \/>\n<script type=\"application\/ld+json\" class=\"yoast-schema-graph\">{\"@context\":\"https:\/\/schema.org\",\"@graph\":[{\"@type\":\"WebPage\",\"@id\":\"https:\/\/imperialparfums.com\/es\/producto\/santorini\/\",\"url\":\"https:\/\/imperialparfums.com\/es\/producto\/santorini\/\",\"name\":\"SANTORINI - Imperial Parfums\",\"isPartOf\":{\"@id\":\"https:\/\/imperialparfums.com\/#website\"},\"primaryImageOfPage\":{\"@id\":\"https:\/\/imperialparfums.com\/es\/producto\/santorini\/#primaryimage\"},\"image\":{\"@id\":\"https:\/\/imperialparfums.com\/es\/producto\/santorini\/#primaryimage\"},\"thumbnailUrl\":\"https:\/\/imperialparfums.com\/wp-content\/uploads\/2026\/03\/Santorini-Germ6.jpg\",\"datePublished\":\"2026-03-25T12:36:54+00:00\",\"dateModified\":\"2026-03-25T13:08:33+00:00\",\"breadcrumb\":{\"@id\":\"https:\/\/imperialparfums.com\/es\/producto\/santorini\/#breadcrumb\"},\"inLanguage\":\"es\",\"potentialAction\":[{\"@type\":\"ReadAction\",\"target\":[\"https:\/\/imperialparfums.com\/es\/producto\/santorini\/\"]}]},{\"@type\":\"ImageObject\",\"inLanguage\":\"es\",\"@id\":\"https:\/\/imperialparfums.com\/es\/producto\/santorini\/#primaryimage\",\"url\":\"https:\/\/imperialparfums.com\/wp-content\/uploads\/2026\/03\/Santorini-Germ6.jpg\",\"contentUrl\":\"https:\/\/imperialparfums.com\/wp-content\/uploads\/2026\/03\/Santorini-Germ6.jpg\",\"width\":1920,\"height\":1310},{\"@type\":\"BreadcrumbList\",\"@id\":\"https:\/\/imperialparfums.com\/es\/producto\/santorini\/#breadcrumb\",\"itemListElement\":[{\"@type\":\"ListItem\",\"position\":1,\"name\":\"Home\",\"item\":\"https:\/\/imperialparfums.com\/es\/\"},{\"@type\":\"ListItem\",\"position\":2,\"name\":\"Shop\",\"item\":\"https:\/\/imperialparfums.com\/en\/shop\/\"},{\"@type\":\"ListItem\",\"position\":3,\"name\":\"SANTORINI\"}]},{\"@type\":\"WebSite\",\"@id\":\"https:\/\/imperialparfums.com\/#website\",\"url\":\"https:\/\/imperialparfums.com\/\",\"name\":\"Imperial Parfums\",\"description\":\"\",\"publisher\":{\"@id\":\"https:\/\/imperialparfums.com\/#organization\"},\"potentialAction\":[{\"@type\":\"SearchAction\",\"target\":{\"@type\":\"EntryPoint\",\"urlTemplate\":\"https:\/\/imperialparfums.com\/?s={search_term_string}\"},\"query-input\":{\"@type\":\"PropertyValueSpecification\",\"valueRequired\":true,\"valueName\":\"search_term_string\"}}],\"inLanguage\":\"es\"},{\"@type\":\"Organization\",\"@id\":\"https:\/\/imperialparfums.com\/#organization\",\"name\":\"Imperial Parfums\",\"url\":\"https:\/\/imperialparfums.com\/\",\"logo\":{\"@type\":\"ImageObject\",\"inLanguage\":\"es\",\"@id\":\"https:\/\/imperialparfums.com\/#\/schema\/logo\/image\/\",\"url\":\"https:\/\/imperialparfums.com\/wp-content\/uploads\/2021\/09\/logo-black-small.png\",\"contentUrl\":\"https:\/\/imperialparfums.com\/wp-content\/uploads\/2021\/09\/logo-black-small.png\",\"width\":250,\"height\":36,\"caption\":\"Imperial Parfums\"},\"image\":{\"@id\":\"https:\/\/imperialparfums.com\/#\/schema\/logo\/image\/\"}}]}<\/script>\n<!-- \/ Yoast SEO plugin. -->","yoast_head_json":{"title":"SANTORINI - Imperial Parfums","robots":{"index":"index","follow":"follow","max-snippet":"max-snippet:-1","max-image-preview":"max-image-preview:large","max-video-preview":"max-video-preview:-1"},"canonical":"https:\/\/imperialparfums.com\/es\/producto\/santorini\/","og_locale":"es_ES","og_type":"article","og_title":"SANTORINI - Imperial Parfums","og_description":"Bajo el sol dorado de Santorini, donde los acantilados de m\u00e1rmol se sumergen en el azul infinito de Poseid\u00f3n, las leyendas susurran el recuerdo de los gladiadores y los emperadores&hellip;","og_url":"https:\/\/imperialparfums.com\/es\/producto\/santorini\/","og_site_name":"Imperial Parfums","article_modified_time":"2026-03-25T13:08:33+00:00","og_image":[{"width":1920,"height":1310,"url":"https:\/\/imperialparfums.com\/wp-content\/uploads\/2026\/03\/Santorini-Germ6.jpg","type":"image\/jpeg"}],"twitter_card":"summary_large_image","twitter_misc":{"Est. reading time":"2 minutos"},"schema":{"@context":"https:\/\/schema.org","@graph":[{"@type":"WebPage","@id":"https:\/\/imperialparfums.com\/es\/producto\/santorini\/","url":"https:\/\/imperialparfums.com\/es\/producto\/santorini\/","name":"SANTORINI - Imperial Parfums","isPartOf":{"@id":"https:\/\/imperialparfums.com\/#website"},"primaryImageOfPage":{"@id":"https:\/\/imperialparfums.com\/es\/producto\/santorini\/#primaryimage"},"image":{"@id":"https:\/\/imperialparfums.com\/es\/producto\/santorini\/#primaryimage"},"thumbnailUrl":"https:\/\/imperialparfums.com\/wp-content\/uploads\/2026\/03\/Santorini-Germ6.jpg","datePublished":"2026-03-25T12:36:54+00:00","dateModified":"2026-03-25T13:08:33+00:00","breadcrumb":{"@id":"https:\/\/imperialparfums.com\/es\/producto\/santorini\/#breadcrumb"},"inLanguage":"es","potentialAction":[{"@type":"ReadAction","target":["https:\/\/imperialparfums.com\/es\/producto\/santorini\/"]}]},{"@type":"ImageObject","inLanguage":"es","@id":"https:\/\/imperialparfums.com\/es\/producto\/santorini\/#primaryimage","url":"https:\/\/imperialparfums.com\/wp-content\/uploads\/2026\/03\/Santorini-Germ6.jpg","contentUrl":"https:\/\/imperialparfums.com\/wp-content\/uploads\/2026\/03\/Santorini-Germ6.jpg","width":1920,"height":1310},{"@type":"BreadcrumbList","@id":"https:\/\/imperialparfums.com\/es\/producto\/santorini\/#breadcrumb","itemListElement":[{"@type":"ListItem","position":1,"name":"Home","item":"https:\/\/imperialparfums.com\/es\/"},{"@type":"ListItem","position":2,"name":"Shop","item":"https:\/\/imperialparfums.com\/en\/shop\/"},{"@type":"ListItem","position":3,"name":"SANTORINI"}]},{"@type":"WebSite","@id":"https:\/\/imperialparfums.com\/#website","url":"https:\/\/imperialparfums.com\/","name":"Imperial Parfums","description":"","publisher":{"@id":"https:\/\/imperialparfums.com\/#organization"},"potentialAction":[{"@type":"SearchAction","target":{"@type":"EntryPoint","urlTemplate":"https:\/\/imperialparfums.com\/?s={search_term_string}"},"query-input":{"@type":"PropertyValueSpecification","valueRequired":true,"valueName":"search_term_string"}}],"inLanguage":"es"},{"@type":"Organization","@id":"https:\/\/imperialparfums.com\/#organization","name":"Imperial Parfums","url":"https:\/\/imperialparfums.com\/","logo":{"@type":"ImageObject","inLanguage":"es","@id":"https:\/\/imperialparfums.com\/#\/schema\/logo\/image\/","url":"https:\/\/imperialparfums.com\/wp-content\/uploads\/2021\/09\/logo-black-small.png","contentUrl":"https:\/\/imperialparfums.com\/wp-content\/uploads\/2021\/09\/logo-black-small.png","width":250,"height":36,"caption":"Imperial Parfums"},"image":{"@id":"https:\/\/imperialparfums.com\/#\/schema\/logo\/image\/"}}]}},"jetpack_sharing_enabled":true,"_links":{"self":[{"href":"https:\/\/imperialparfums.com\/es\/wp-json\/wp\/v2\/product\/4684","targetHints":{"allow":["GET"]}}],"collection":[{"href":"https:\/\/imperialparfums.com\/es\/wp-json\/wp\/v2\/product"}],"about":[{"href":"https:\/\/imperialparfums.com\/es\/wp-json\/wp\/v2\/types\/product"}],"wp:featuredmedia":[{"embeddable":true,"href":"https:\/\/imperialparfums.com\/es\/wp-json\/wp\/v2\/media\/4679"}],"wp:attachment":[{"href":"https:\/\/imperialparfums.com\/es\/wp-json\/wp\/v2\/media?parent=4684"}],"wp:term":[{"taxonomy":"product_brand","embeddable":true,"href":"https:\/\/imperialparfums.com\/es\/wp-json\/wp\/v2\/product_brand?post=4684"},{"taxonomy":"product_cat","embeddable":true,"href":"https:\/\/imperialparfums.com\/es\/wp-json\/wp\/v2\/product_cat?post=4684"},{"taxonomy":"product_tag","embeddable":true,"href":"https:\/\/imperialparfums.com\/es\/wp-json\/wp\/v2\/product_tag?post=4684"}],"curies":[{"name":"wp","href":"https:\/\/api.w.org\/{rel}","templated":true}]}}