{"id":27,"date":"2016-07-28T04:06:45","date_gmt":"2016-07-28T04:06:45","guid":{"rendered":"http:\/\/demo.uix.store\/sober\/?page_id=27"},"modified":"2021-09-13T09:54:08","modified_gmt":"2021-09-13T05:54:08","slug":"home-v1","status":"publish","type":"page","link":"https:\/\/imperialparfums.com\/fr\/home-v1\/","title":{"rendered":"Home v1"},"content":{"rendered":"<div class=\"wpb-content-wrapper\"><p>[vc_row][vc_column]\n\t\t\t<!-- START Homepage Banner REVOLUTION SLIDER 6.7.23 --><p class=\"rs-p-wp-fix\"><\/p>\n\t\t\t<rs-module-wrap id=\"rev_slider_2_1_wrapper\" data-source=\"gallery\" style=\"visibility:hidden;background:#f1f2f4;padding:0;margin:0px auto;margin-top:0;margin-bottom:0;\">\n\t\t\t\t<rs-module id=\"rev_slider_2_1\" style=\"\" data-version=\"6.7.23\">\n\t\t\t\t\t<rs-slides style=\"overflow: hidden; position: absolute;\">\n\t\t\t\t\t\t<rs-slide style=\"position: absolute;\" data-key=\"rs-4\" data-title=\"New Arrilvals\" data-anim=\"adpr:false;\" data-in=\"o:0;\" data-out=\"a:false;\">\n\t\t\t\t\t\t\t<img decoding=\"async\" src=\"\/\/imperialparfums.com\/wp-content\/plugins\/revslider\/sr6\/assets\/assets\/dummy.png\" alt=\"\" title=\"homepage-banner\" width=\"1218\" height=\"600\" class=\"rev-slidebg tp-rs-img rs-lazyload\" data-lazyload=\"\/\/imperialparfums.test\/wp-content\/uploads\/2021\/08\/homepage-banner.jpg\" data-parallax=\"2\" data-no-retina>\n<!---->\t\t\t\t\t<\/rs-slide>\n\t\t\t\t\t<\/rs-slides>\n\t\t\t\t<\/rs-module>\n\t\t\t\t<script>\n\t\t\t\t\tsetREVStartSize({c: 'rev_slider_2_1',rl:[1240,1024,778,480],el:[847,768,960,720],gw:[1720,1024,778,480],gh:[847,504,960,720],type:'hero',justify:'',layout:'fullwidth',mh:\"0\"});if (window.RS_MODULES!==undefined && window.RS_MODULES.modules!==undefined && window.RS_MODULES.modules[\"revslider21\"]!==undefined) {window.RS_MODULES.modules[\"revslider21\"].once = false;window.revapi2 = undefined;if (window.RS_MODULES.checkMinimal!==undefined) window.RS_MODULES.checkMinimal()}\n\t\t\t\t<\/script>\n\t\t\t<\/rs-module-wrap>\n\t\t\t<!-- END REVOLUTION SLIDER -->\n[\/vc_column][\/vc_row][vc_row][vc_column][vc_row_inner][vc_column_inner][vc_column_text]<\/p>\n<div class=\"text-center\">\n<h3 class=\"text-uppercase\">Collection Imperial<\/h3>\n<p>Collection Imperial d\u00e9voile les senteurs de Duba\u00ef dans 5 Fragrances hors du commun.<br \/>\nDans un flacon \u00e9l\u00e9gant et raffin\u00e9 qui ne fait qu\u2019affirmer haut et fort le go\u00fbt pour la raret\u00e9, l\u2019originalit\u00e9, le luxe des mati\u00e8res premi\u00e8res et des compostions in\u00e9dites.<br \/>\nCette collection m\u00e9morable peut satisfaire tout autant le d\u00e9sir des hommes comme celui des femmes.<\/div>\n<p>[\/vc_column_text][vc_separator border_width=\u00a0\u00bb2&Prime; css=\u00a0\u00bb.vc_custom_1630409011511{padding-top: 40px !important;padding-bottom: 60px !important;}\u00a0\u00bb][\/vc_column_inner][\/vc_row_inner][\/vc_column][\/vc_row][vc_row][vc_column][vc_row_inner][vc_column_inner][vc_custom_heading text=\u00a0\u00bbFRAGRANCES\u00a0\u00bb font_container=\u00a0\u00bbtag:h2|font_size:24px|text_align:center|color:%23000000&Prime; google_fonts=\u00a0\u00bbfont_family:Sorts%20Mill%20Goudy%3Aregular%2Citalic|font_style:400%20regular%3A400%3Anormal\u00a0\u00bb css=\u00a0\u00bb.vc_custom_1631512445896{margin-bottom: 30px !important;}\u00a0\u00bb link=\u00a0\u00bburl:%2Fproduct-category%2Ffragrances%2F\u00a0\u00bb][\/vc_column_inner][\/vc_row_inner][vc_row_inner][vc_column_inner]<div class=\"sober-button-wrapper text-center\"><a href=\"\/product-category\/fragrances\/\" title=\"Shop\" class=\"sober-button button-type-normal button-color-dark align-center   button small button-small\">D\u00e9couvrir<\/a><\/div>[\/vc_column_inner][\/vc_row_inner][vc_empty_space][vc_row_inner][vc_column_inner width=\u00a0\u00bb1\/3&Prime;]<div class=\"woocommerce \"><ul class=\"products columns-4\"><li class=\"layout-style-1 col-md-4 col-sm-4 col-xs-12 col-lg-4 product-has-gallery product-style-default product type-product post-2616 status-publish first instock product_cat-fragrances has-post-thumbnail taxable shipping-taxable purchasable product-type-simple\">\n\t<div class=\"product-header\"><a href=\"https:\/\/imperialparfums.com\/fr\/produit\/oudh-imperial\/\" class=\"woocommerce-LoopProduct-link woocommerce-loop-product__link\"><img loading=\"lazy\" decoding=\"async\" width=\"437\" height=\"521\" src=\"https:\/\/imperialparfums.com\/wp-content\/uploads\/2021\/08\/OudhGerm1-437x521.jpg\" class=\"attachment-woocommerce_thumbnail size-woocommerce_thumbnail\" alt=\"OUDH IMPERIAL\" \/><img loading=\"lazy\" decoding=\"async\" width=\"437\" height=\"521\" src=\"https:\/\/imperialparfums.com\/wp-content\/uploads\/2021\/08\/Oudh_2-437x521.jpg\" class=\"attachment-shop_catalog size-shop_catalog product-hover-image\" alt=\"\" \/><\/a>\n\t\t\n\t\t\n\t\t\t<div class=\"buttons\">\n\t\t\t\t<a href=\"\/fr\/wp-json\/wp\/v2\/pages\/27?add-to-cart=2616\" data-quantity=\"1\" class=\"button product_type_simple add_to_cart_button ajax_add_to_cart sober-loop-atc-button\" data-product_id=\"2616\" data-product_sku=\"\" aria-label=\"Ajouter au panier\u00a0: &ldquo;OUDH IMPERIAL&rdquo;\" rel=\"nofollow\" data-success_message=\"\u00ab\u00a0OUDH IMPERIAL\u00a0\u00bb a \u00e9t\u00e9 ajout\u00e9 \u00e0 votre panier\" role=\"button\"><svg viewBox=\"0 0 20 20\"><use xlink:href=\"#basket-addtocart\"><\/use><\/svg><span class=\"screen-reader-text\">Ajouter au panier<\/span><\/a><a href=\"https:\/\/imperialparfums.com\/fr\/wishlist\/\" data-product_id=\"2616\" data-product_type=\"simple\" class=\"button add-to-wishlist-button add-to-wishlist-2616 added\" rel=\"nofollow\">\n\t\t\t<svg viewBox=\"0 0 20 20\" class=\"like\"><use xlink:href=\"#heart-wishlist-like\"><\/use><\/svg>\n\t\t\t<svg viewBox=\"0 0 20 20\" class=\"liked\"><use xlink:href=\"#heart-wishlist-liked\"><\/use><\/svg>\n\t\t\t<span class=\"indent-text\">Parcourir la liste de souhaits<\/span>\n\t\t<\/a>\t\t\t<\/div>\n\n\t\t\n\t\t<\/div>\n\t\t<h3 class=\"woocommerce-loop-product__title\"><a href=\"https:\/\/imperialparfums.com\/fr\/produit\/oudh-imperial\/\">OUDH IMPERIAL<\/a><\/h3>\n\n\t\t\n\n\t\n\t\t<span class=\"price\"><span class=\"woocommerce-Price-amount amount\"><bdi><span class=\"woocommerce-Price-currencySymbol\">&euro;<\/span>&nbsp;<span class=\"custom-price\">199,00<\/span><\/bdi><\/span><\/span>\n\n\t\n<\/li>\n<\/ul>\n<\/div>[\/vc_column_inner][vc_column_inner width=\u00a0\u00bb2\/3&Prime;][vc_single_image image=\u00a0\u00bb2761&Prime; img_size=\u00a0\u00bbfull\u00a0\u00bb css=\u00a0\u00bb.vc_custom_1631173137060{margin-bottom: 20px !important;}\u00a0\u00bb][vc_column_text]<\/p>\n<p class=\"text-black\">D\u00e9couvrez la fragrance mystique qui exalte le pr\u00e9cieux bois d\u2019oud puis\u00e9 au c\u0153ur de L\u2019orient. Dans cette composition s\u00e9duisante on y retrouve un jeu de contrastes subtils entre les notes sombres du cuir, oud, ambre, musc blanc et la luminosit\u00e9 des notes florales du jasmin ainsi que la rose de Bulgarie.<\/p>\n<p>[\/vc_column_text][\/vc_column_inner][\/vc_row_inner][vc_row_inner][vc_column_inner]<div class=\"woocommerce columns-3 \"><ul class=\"products columns-3\"><li class=\"layout-style-1 col-md-4 col-sm-4 col-xs-12 col-lg-4 product-has-gallery product-style-default product type-product post-3770 status-publish first instock product_cat-gift-box-fr has-post-thumbnail featured taxable shipping-taxable purchasable product-type-simple\">\n\t<div class=\"product-header\"><a href=\"https:\/\/imperialparfums.com\/fr\/produit\/royal-box-blue-diamond\/\" class=\"woocommerce-LoopProduct-link woocommerce-loop-product__link\"><img loading=\"lazy\" decoding=\"async\" width=\"437\" height=\"521\" src=\"https:\/\/imperialparfums.com\/wp-content\/uploads\/2023\/09\/royal-box-blue-diamond-2-437x521.jpg\" class=\"attachment-woocommerce_thumbnail size-woocommerce_thumbnail\" alt=\"ROYAL BOX \u2013 BLUE DIAMOND\" \/><img loading=\"lazy\" decoding=\"async\" width=\"437\" height=\"521\" src=\"https:\/\/imperialparfums.com\/wp-content\/uploads\/2023\/09\/royal-box-diamond-4-437x521.jpg\" class=\"attachment-shop_catalog size-shop_catalog product-hover-image\" alt=\"ROYAL BOX \u2013 BLUE DIAMOND\" \/><span class=\"ribbons woocommerce-badges\"><span class=\"featured woocommerce-badge ribbon\">Limited Edition<\/span><\/span><\/a>\n\t\t\n\t\t\n\t\t\t<div class=\"buttons\">\n\t\t\t\t<a href=\"\/fr\/wp-json\/wp\/v2\/pages\/27?add-to-cart=3770\" data-quantity=\"1\" class=\"button product_type_simple add_to_cart_button ajax_add_to_cart sober-loop-atc-button\" data-product_id=\"3770\" data-product_sku=\"\" aria-label=\"Ajouter au panier\u00a0: &ldquo;ROYAL BOX \u2013 BLUE DIAMOND&rdquo;\" rel=\"nofollow\" data-success_message=\"\u00ab\u00a0ROYAL BOX \u2013 BLUE DIAMOND\u00a0\u00bb a \u00e9t\u00e9 ajout\u00e9 \u00e0 votre panier\" role=\"button\"><svg viewBox=\"0 0 20 20\"><use xlink:href=\"#basket-addtocart\"><\/use><\/svg><span class=\"screen-reader-text\">Ajouter au panier<\/span><\/a><a href=\"https:\/\/imperialparfums.com\/fr\/wishlist\/\" data-product_id=\"3770\" data-product_type=\"simple\" class=\"button add-to-wishlist-button add-to-wishlist-3770 added\" rel=\"nofollow\">\n\t\t\t<svg viewBox=\"0 0 20 20\" class=\"like\"><use xlink:href=\"#heart-wishlist-like\"><\/use><\/svg>\n\t\t\t<svg viewBox=\"0 0 20 20\" class=\"liked\"><use xlink:href=\"#heart-wishlist-liked\"><\/use><\/svg>\n\t\t\t<span class=\"indent-text\">Parcourir la liste de souhaits<\/span>\n\t\t<\/a>\t\t\t<\/div>\n\n\t\t\n\t\t<\/div>\n\t\t<h3 class=\"woocommerce-loop-product__title\"><a href=\"https:\/\/imperialparfums.com\/fr\/produit\/royal-box-blue-diamond\/\">ROYAL BOX \u2013 BLUE DIAMOND<\/a><\/h3>\n\n\t\t\n\n\t\n\t\t<span class=\"price\"><span class=\"woocommerce-Price-amount amount\"><bdi><span class=\"woocommerce-Price-currencySymbol\">&euro;<\/span>&nbsp;<span class=\"custom-price\">139,00<\/span><\/bdi><\/span><\/span>\n\n\t\n<\/li>\n<\/ul>\n<\/div>[\/vc_column_inner][\/vc_row_inner][vc_row_inner][vc_column_inner width=\u00a0\u00bb2\/3&Prime;][vc_single_image image=\u00a0\u00bb2774&Prime; img_size=\u00a0\u00bbfull\u00a0\u00bb css=\u00a0\u00bb.vc_custom_1631175317707{margin-bottom: 20px !important;}\u00a0\u00bb][vc_column_text]<\/p>\n<p class=\"text-black\">Cette fragrance d\u00e9bute par une fra\u00eecheur \u00e0 base de bergamote l\u00e9g\u00e8rement poivr\u00e9e et de vanille chaleureuse.<\/p>\n<p>[\/vc_column_text][\/vc_column_inner][vc_column_inner width=\u00a0\u00bb1\/3&Prime;]<div class=\"woocommerce \"><ul class=\"products columns-4\"><li class=\"layout-style-1 col-md-4 col-sm-4 col-xs-12 col-lg-4 product-has-gallery product-style-default product type-product post-2709 status-publish first instock product_cat-fragrances has-post-thumbnail taxable shipping-taxable purchasable product-type-simple\">\n\t<div class=\"product-header\"><a href=\"https:\/\/imperialparfums.com\/fr\/produit\/rubis-imperial\/\" class=\"woocommerce-LoopProduct-link woocommerce-loop-product__link\"><img loading=\"lazy\" decoding=\"async\" width=\"437\" height=\"521\" src=\"https:\/\/imperialparfums.com\/wp-content\/uploads\/2021\/08\/Rubis-Imperial-437x521.jpg\" class=\"attachment-woocommerce_thumbnail size-woocommerce_thumbnail\" alt=\"RUBIS IMPERIAL\" \/><img loading=\"lazy\" decoding=\"async\" width=\"437\" height=\"521\" src=\"https:\/\/imperialparfums.com\/wp-content\/uploads\/2021\/08\/Rubis-Imperial-2-437x521.jpg\" class=\"attachment-shop_catalog size-shop_catalog product-hover-image\" alt=\"\" \/><\/a>\n\t\t\n\t\t\n\t\t\t<div class=\"buttons\">\n\t\t\t\t<a href=\"\/fr\/wp-json\/wp\/v2\/pages\/27?add-to-cart=2709\" data-quantity=\"1\" class=\"button product_type_simple add_to_cart_button ajax_add_to_cart sober-loop-atc-button\" data-product_id=\"2709\" data-product_sku=\"\" aria-label=\"Ajouter au panier\u00a0: &ldquo;RUBIS IMPERIAL&rdquo;\" rel=\"nofollow\" data-success_message=\"\u00ab\u00a0RUBIS IMPERIAL\u00a0\u00bb a \u00e9t\u00e9 ajout\u00e9 \u00e0 votre panier\" role=\"button\"><svg viewBox=\"0 0 20 20\"><use xlink:href=\"#basket-addtocart\"><\/use><\/svg><span class=\"screen-reader-text\">Ajouter au panier<\/span><\/a><a href=\"\/fr\/wp-json\/wp\/v2\/pages\/27?add_to_wishlist=2709\" data-product_id=\"2709\" data-product_type=\"simple\" class=\"button add-to-wishlist-button add-to-wishlist-2709 \" rel=\"nofollow\">\n\t\t\t<svg viewBox=\"0 0 20 20\" class=\"like\"><use xlink:href=\"#heart-wishlist-like\"><\/use><\/svg>\n\t\t\t<svg viewBox=\"0 0 20 20\" class=\"liked\"><use xlink:href=\"#heart-wishlist-liked\"><\/use><\/svg>\n\t\t\t<span class=\"indent-text\">Ajouter \u00e0 la liste de souhaits<\/span>\n\t\t<\/a>\t\t\t<\/div>\n\n\t\t\n\t\t<\/div>\n\t\t<h3 class=\"woocommerce-loop-product__title\"><a href=\"https:\/\/imperialparfums.com\/fr\/produit\/rubis-imperial\/\">RUBIS IMPERIAL<\/a><\/h3>\n\n\t\t\n\n\t\n\t\t<span class=\"price\"><span class=\"woocommerce-Price-amount amount\"><bdi><span class=\"woocommerce-Price-currencySymbol\">&euro;<\/span>&nbsp;<span class=\"custom-price\">199,00<\/span><\/bdi><\/span><\/span>\n\n\t\n<\/li>\n<\/ul>\n<\/div>[\/vc_column_inner][\/vc_row_inner][\/vc_column][\/vc_row][vc_row full_width=\u00a0\u00bbstretch_row_content\u00a0\u00bb css=\u00a0\u00bb.vc_custom_1630410174818{padding-top: 150px !important;padding-bottom: 150px !important;background-image: url(https:\/\/imperialparfums.com\/wp-content\/uploads\/2021\/08\/our-store-banner.jpg?id=2663) !important;}\u00a0\u00bb el_class=\u00a0\u00bbrow-with-background\u00a0\u00bb][vc_column width=\u00a0\u00bb1\/2&Prime;][\/vc_column][vc_column width=\u00a0\u00bb1\/2&Prime;][vc_column_text]<\/p>\n<h2 class=\"font-sorts-mill-goudy mb-0 mt-0\">NOS BOUTIQUES<\/h2>\n<p>Entrez un emplacement et nous vous indiquerons les magasins les plus proches.[\/vc_column_text]<div class=\"sober-empty-space \" style=\"height: 32px\"><\/div>\n  <div class=\"store_locator_shortcode\">\n    <form id=\"store-locator-form\" class=\"store-locator-form\" action=\"\/stores\">\n      <input type=\"text\" placeholder=\"Ville, Code postal, Pays\" name=\"store_location\" class=\"store_location\" value=\"\" \/>\n      <input type=\"submit\" value=\"Rechercher\" class=\"form-btn\">\n    <\/form>\n  <\/div>\n  [\/vc_column][\/vc_row][vc_row full_width=\u00a0\u00bbstretch_row_content_no_spaces\u00a0\u00bb css=\u00a0\u00bb.vc_custom_1631192078041{padding-top: 50px !important;padding-right: 20px !important;padding-bottom: 50px !important;padding-left: 20px !important;background-color: #0a0a0a !important;}\u00a0\u00bb][vc_column][vc_custom_heading text=\u00a0\u00bbLES AVANTAGES IMPERIAL\u00a0\u00bb font_container=\u00a0\u00bbtag:h2|font_size:24|text_align:center|color:%23ffffff\u00a0\u00bb google_fonts=\u00a0\u00bbfont_family:Sorts%20Mill%20Goudy%3Aregular%2Citalic|font_style:400%20regular%3A400%3Anormal\u00a0\u00bb css=\u00a0\u00bb.vc_custom_1630414478084{margin-bottom: 0px !important;padding-top: 30px !important;padding-bottom: 50px !important;}\u00a0\u00bb][vc_row_inner][vc_column_inner width=\u00a0\u00bb1\/5&Prime;][vc_column_text]<\/p>\n<div class=\"text-center p-4\">\n<p><img decoding=\"async\" src=\"\/wp-content\/uploads\/2021\/08\/premium_ingredient.svg\" \/><\/p>\n<h5 class=\"mb-6 text-white mt-0 font-light leading-normal tracking-widest\">INGREDIENT<br \/>\nPREMIUM<\/h5>\n<p class=\"text-white\">Tous les produits sont fabriqu\u00e9s \u00e0 partir<br \/>\nd\u2019ingredients rare et pr\u00e9cieux.<\/p>\n<\/div>\n<p>[\/vc_column_text][\/vc_column_inner][vc_column_inner width=\u00a0\u00bb1\/5&Prime;][vc_column_text]<\/p>\n<div class=\"text-center p-4\">\n<p><img decoding=\"async\" src=\"\/wp-content\/uploads\/2021\/08\/free-express-delivery.svg\" \/><\/p>\n<h5 class=\"mb-6 text-white mt-0 font-light leading-normal tracking-widest\">LIVRAISON EXPRESS<br \/>\n&amp; GRATUITE<\/h5>\n<p class=\"text-white\">Livraison express offerte.<\/p>\n<\/div>\n<p>[\/vc_column_text][\/vc_column_inner][vc_column_inner width=\u00a0\u00bb1\/5&Prime;][vc_column_text]<\/p>\n<div class=\"text-center p-4\">\n<p><img decoding=\"async\" src=\"\/wp-content\/uploads\/2021\/08\/secure-checkout.svg\" \/><\/p>\n<h5 class=\"mb-6 text-white mt-0 font-light leading-normal tracking-widest\">PAIEMENT<br \/>\nS\u00c9CURIS\u00c9<\/h5>\n<p class=\"text-white\">Paiement s\u00fbr et s\u00e9curis\u00e9.<\/p>\n<\/div>\n<p>[\/vc_column_text][\/vc_column_inner][vc_column_inner width=\u00a0\u00bb1\/5&Prime;][vc_column_text]<\/p>\n<div class=\"text-center p-4\">\n<p><img decoding=\"async\" src=\"\/wp-content\/uploads\/2021\/08\/247-customer-support.svg\" \/><\/p>\n<h5 class=\"mb-6 text-white mt-0 font-light leading-normal tracking-widest\">CLIENT 24\/7<br \/>\nSUPPORT<\/h5>\n<p class=\"text-white\">Nous fournissons un support client<br \/>\n24\/7 via Whatsapp.<\/p>\n<\/div>\n<p>[\/vc_column_text][\/vc_column_inner][vc_column_inner width=\u00a0\u00bb1\/5&Prime;][vc_column_text]<\/p>\n<div class=\"text-center p-4\">\n<p><img decoding=\"async\" src=\"\/wp-content\/uploads\/2021\/08\/gift-wrap.svg\" \/><\/p>\n<h5 class=\"mb-6 text-white mt-0 font-light leading-normal tracking-widest\">L&rsquo;ART<br \/>\nDE DONNER<\/h5>\n<p class=\"text-white\">Profitez gratuitement d\u2019un<br \/>\nservice d\u2019emballage cadeau.<\/p>\n<\/div>\n<p>[\/vc_column_text][\/vc_column_inner][\/vc_row_inner][\/vc_column][\/vc_row]<\/p>\n<\/div>","protected":false},"excerpt":{"rendered":"<p>[vc_row][vc_column][\/vc_column][\/vc_row][vc_row][vc_column][vc_row_inner][vc_column_inner][vc_column_text] Collection Imperial Collection Imperial d\u00e9voile les senteurs de Duba\u00ef dans 5 Fragrances hors du commun. Dans un flacon \u00e9l\u00e9gant et raffin\u00e9 qui ne fait qu\u2019affirmer haut et fort le&hellip;<\/p>\n","protected":false},"author":1,"featured_media":0,"parent":0,"menu_order":0,"comment_status":"closed","ping_status":"closed","template":"","meta":{"footnotes":""},"class_list":["post-27","page","type-page","status-publish","hentry"],"yoast_head":"<!-- This site is optimized with the Yoast SEO plugin v27.0 - https:\/\/yoast.com\/product\/yoast-seo-wordpress\/ -->\n<title>Home v1 - Imperial Parfums<\/title>\n<meta name=\"robots\" content=\"index, follow, max-snippet:-1, max-image-preview:large, max-video-preview:-1\" \/>\n<link rel=\"canonical\" href=\"https:\/\/imperialparfums.com\/home-v1\/\" \/>\n<meta property=\"og:locale\" content=\"fr_FR\" \/>\n<meta property=\"og:type\" content=\"article\" \/>\n<meta property=\"og:title\" content=\"Home v1 - Imperial Parfums\" \/>\n<meta property=\"og:description\" content=\"[vc_row][vc_column][\/vc_column][\/vc_row][vc_row][vc_column][vc_row_inner][vc_column_inner][vc_column_text] Collection Imperial Collection Imperial d\u00e9voile les senteurs de Duba\u00ef dans 5 Fragrances hors du commun. Dans un flacon \u00e9l\u00e9gant et raffin\u00e9 qui ne fait qu\u2019affirmer haut et fort le&hellip;\" \/>\n<meta property=\"og:url\" content=\"https:\/\/imperialparfums.com\/home-v1\/\" \/>\n<meta property=\"og:site_name\" content=\"Imperial Parfums\" \/>\n<meta property=\"article:modified_time\" content=\"2021-09-13T05:54:08+00:00\" \/>\n<meta name=\"twitter:card\" content=\"summary_large_image\" \/>\n<meta name=\"twitter:label1\" content=\"Est. reading time\" \/>\n\t<meta name=\"twitter:data1\" content=\"3 minutes\" \/>\n<script type=\"application\/ld+json\" class=\"yoast-schema-graph\">{\"@context\":\"https:\/\/schema.org\",\"@graph\":[{\"@type\":\"WebPage\",\"@id\":\"https:\/\/imperialparfums.com\/home-v1\/\",\"url\":\"https:\/\/imperialparfums.com\/home-v1\/\",\"name\":\"Home v1 - Imperial Parfums\",\"isPartOf\":{\"@id\":\"https:\/\/imperialparfums.com\/#website\"},\"datePublished\":\"2016-07-28T04:06:45+00:00\",\"dateModified\":\"2021-09-13T05:54:08+00:00\",\"breadcrumb\":{\"@id\":\"https:\/\/imperialparfums.com\/home-v1\/#breadcrumb\"},\"inLanguage\":\"fr-FR\",\"potentialAction\":[{\"@type\":\"ReadAction\",\"target\":[\"https:\/\/imperialparfums.com\/home-v1\/\"]}]},{\"@type\":\"BreadcrumbList\",\"@id\":\"https:\/\/imperialparfums.com\/home-v1\/#breadcrumb\",\"itemListElement\":[{\"@type\":\"ListItem\",\"position\":1,\"name\":\"Home\",\"item\":\"https:\/\/imperialparfums.com\/fr\/\"},{\"@type\":\"ListItem\",\"position\":2,\"name\":\"Home v1\"}]},{\"@type\":\"WebSite\",\"@id\":\"https:\/\/imperialparfums.com\/#website\",\"url\":\"https:\/\/imperialparfums.com\/\",\"name\":\"Imperial Parfums\",\"description\":\"\",\"publisher\":{\"@id\":\"https:\/\/imperialparfums.com\/#organization\"},\"potentialAction\":[{\"@type\":\"SearchAction\",\"target\":{\"@type\":\"EntryPoint\",\"urlTemplate\":\"https:\/\/imperialparfums.com\/?s={search_term_string}\"},\"query-input\":{\"@type\":\"PropertyValueSpecification\",\"valueRequired\":true,\"valueName\":\"search_term_string\"}}],\"inLanguage\":\"fr-FR\"},{\"@type\":\"Organization\",\"@id\":\"https:\/\/imperialparfums.com\/#organization\",\"name\":\"Imperial Parfums\",\"url\":\"https:\/\/imperialparfums.com\/\",\"logo\":{\"@type\":\"ImageObject\",\"inLanguage\":\"fr-FR\",\"@id\":\"https:\/\/imperialparfums.com\/#\/schema\/logo\/image\/\",\"url\":\"https:\/\/imperialparfums.com\/wp-content\/uploads\/2021\/09\/logo-black-small.png\",\"contentUrl\":\"https:\/\/imperialparfums.com\/wp-content\/uploads\/2021\/09\/logo-black-small.png\",\"width\":250,\"height\":36,\"caption\":\"Imperial Parfums\"},\"image\":{\"@id\":\"https:\/\/imperialparfums.com\/#\/schema\/logo\/image\/\"}}]}<\/script>\n<!-- \/ Yoast SEO plugin. -->","yoast_head_json":{"title":"Home v1 - Imperial Parfums","robots":{"index":"index","follow":"follow","max-snippet":"max-snippet:-1","max-image-preview":"max-image-preview:large","max-video-preview":"max-video-preview:-1"},"canonical":"https:\/\/imperialparfums.com\/home-v1\/","og_locale":"fr_FR","og_type":"article","og_title":"Home v1 - Imperial Parfums","og_description":"[vc_row][vc_column][\/vc_column][\/vc_row][vc_row][vc_column][vc_row_inner][vc_column_inner][vc_column_text] Collection Imperial Collection Imperial d\u00e9voile les senteurs de Duba\u00ef dans 5 Fragrances hors du commun. Dans un flacon \u00e9l\u00e9gant et raffin\u00e9 qui ne fait qu\u2019affirmer haut et fort le&hellip;","og_url":"https:\/\/imperialparfums.com\/home-v1\/","og_site_name":"Imperial Parfums","article_modified_time":"2021-09-13T05:54:08+00:00","twitter_card":"summary_large_image","twitter_misc":{"Est. reading time":"3 minutes"},"schema":{"@context":"https:\/\/schema.org","@graph":[{"@type":"WebPage","@id":"https:\/\/imperialparfums.com\/home-v1\/","url":"https:\/\/imperialparfums.com\/home-v1\/","name":"Home v1 - Imperial Parfums","isPartOf":{"@id":"https:\/\/imperialparfums.com\/#website"},"datePublished":"2016-07-28T04:06:45+00:00","dateModified":"2021-09-13T05:54:08+00:00","breadcrumb":{"@id":"https:\/\/imperialparfums.com\/home-v1\/#breadcrumb"},"inLanguage":"fr-FR","potentialAction":[{"@type":"ReadAction","target":["https:\/\/imperialparfums.com\/home-v1\/"]}]},{"@type":"BreadcrumbList","@id":"https:\/\/imperialparfums.com\/home-v1\/#breadcrumb","itemListElement":[{"@type":"ListItem","position":1,"name":"Home","item":"https:\/\/imperialparfums.com\/fr\/"},{"@type":"ListItem","position":2,"name":"Home v1"}]},{"@type":"WebSite","@id":"https:\/\/imperialparfums.com\/#website","url":"https:\/\/imperialparfums.com\/","name":"Imperial Parfums","description":"","publisher":{"@id":"https:\/\/imperialparfums.com\/#organization"},"potentialAction":[{"@type":"SearchAction","target":{"@type":"EntryPoint","urlTemplate":"https:\/\/imperialparfums.com\/?s={search_term_string}"},"query-input":{"@type":"PropertyValueSpecification","valueRequired":true,"valueName":"search_term_string"}}],"inLanguage":"fr-FR"},{"@type":"Organization","@id":"https:\/\/imperialparfums.com\/#organization","name":"Imperial Parfums","url":"https:\/\/imperialparfums.com\/","logo":{"@type":"ImageObject","inLanguage":"fr-FR","@id":"https:\/\/imperialparfums.com\/#\/schema\/logo\/image\/","url":"https:\/\/imperialparfums.com\/wp-content\/uploads\/2021\/09\/logo-black-small.png","contentUrl":"https:\/\/imperialparfums.com\/wp-content\/uploads\/2021\/09\/logo-black-small.png","width":250,"height":36,"caption":"Imperial Parfums"},"image":{"@id":"https:\/\/imperialparfums.com\/#\/schema\/logo\/image\/"}}]}},"jetpack_sharing_enabled":true,"_links":{"self":[{"href":"https:\/\/imperialparfums.com\/fr\/wp-json\/wp\/v2\/pages\/27","targetHints":{"allow":["GET"]}}],"collection":[{"href":"https:\/\/imperialparfums.com\/fr\/wp-json\/wp\/v2\/pages"}],"about":[{"href":"https:\/\/imperialparfums.com\/fr\/wp-json\/wp\/v2\/types\/page"}],"author":[{"embeddable":true,"href":"https:\/\/imperialparfums.com\/fr\/wp-json\/wp\/v2\/users\/1"}],"replies":[{"embeddable":true,"href":"https:\/\/imperialparfums.com\/fr\/wp-json\/wp\/v2\/comments?post=27"}],"version-history":[{"count":0,"href":"https:\/\/imperialparfums.com\/fr\/wp-json\/wp\/v2\/pages\/27\/revisions"}],"wp:attachment":[{"href":"https:\/\/imperialparfums.com\/fr\/wp-json\/wp\/v2\/media?parent=27"}],"curies":[{"name":"wp","href":"https:\/\/api.w.org\/{rel}","templated":true}]}}