{"id":319,"date":"2016-08-23T04:15:21","date_gmt":"2016-08-23T04:15:21","guid":{"rendered":"http:\/\/demo.uix.store\/sober\/?page_id=319"},"modified":"2025-07-31T09:23:01","modified_gmt":"2025-07-31T08:23:01","slug":"about-us","status":"publish","type":"page","link":"https:\/\/imperialparfums.com\/fr\/about-us\/","title":{"rendered":"\u00c0 Propos de Nous"},"content":{"rendered":"<div class=\"wpb-content-wrapper\"><p>[vc_row][vc_column]\n\t\t\t<!-- START Home Fragrance REVOLUTION SLIDER 6.7.23 --><p class=\"rs-p-wp-fix\"><\/p>\n\t\t\t<rs-module-wrap id=\"rev_slider_3_1_wrapper\" data-source=\"gallery\" style=\"visibility:hidden;background:transparent;padding:0;margin:0px auto;margin-top:0;margin-bottom:0;\">\n\t\t\t\t<rs-module id=\"rev_slider_3_1\" style=\"\" data-version=\"6.7.23\">\n\t\t\t\t\t<rs-slides style=\"overflow: hidden; position: absolute;\">\n\t\t\t\t\t\t<rs-slide style=\"position: absolute;\" data-key=\"rs-28\" data-title=\"Slide\" data-anim=\"adpr:false;\" data-in=\"o:0;\" data-out=\"a:false;\">\n\t\t\t\t\t\t\t<img decoding=\"async\" src=\"\/\/imperialparfums.com\/wp-content\/plugins\/revslider\/sr6\/assets\/assets\/dummy.png\" alt=\"\" title=\"home-GERM-GR-K256\" width=\"2560\" height=\"1080\" class=\"rev-slidebg tp-rs-img rs-lazyload\" data-lazyload=\"\/\/imperialparfums.com\/wp-content\/uploads\/2025\/11\/home-GERM-GR-K256.webp\" data-bg=\"f:contain;\" data-no-retina>\n<!---->\t\t\t\t\t<\/rs-slide>\n\t\t\t\t\t\t<rs-slide style=\"position: absolute;\" data-key=\"rs-22\" data-title=\"Slide\" data-anim=\"adpr:false;\" data-in=\"o:0;\" data-out=\"a:false;\">\n\t\t\t\t\t\t\t<img decoding=\"async\" src=\"\/\/imperialparfums.com\/wp-content\/plugins\/revslider\/sr6\/assets\/assets\/dummy.png\" alt=\"\" title=\"home-2025-1\" width=\"2560\" height=\"1080\" class=\"rev-slidebg tp-rs-img rs-lazyload\" data-lazyload=\"\/\/imperialparfums.com\/wp-content\/uploads\/2025\/07\/home-2025-1.webp\" data-bg=\"f:contain;\" data-no-retina>\n<!---->\t\t\t\t\t<\/rs-slide>\n\t\t\t\t\t\t<rs-slide style=\"position: absolute;\" data-key=\"rs-9\" data-title=\"Slide\" data-anim=\"adpr:false;\" data-in=\"o:0;\" data-out=\"a:false;\">\n\t\t\t\t\t\t\t<img decoding=\"async\" src=\"\/\/imperialparfums.com\/wp-content\/plugins\/revslider\/sr6\/assets\/assets\/dummy.png\" alt=\"\" title=\"home-2025-5\" width=\"2560\" height=\"1080\" class=\"rev-slidebg tp-rs-img rs-lazyload\" data-lazyload=\"\/\/imperialparfums.com\/wp-content\/uploads\/2025\/07\/home-2025-5.webp\" data-bg=\"f:contain;\" data-no-retina>\n<!---->\t\t\t\t\t<\/rs-slide>\n\t\t\t\t\t\t<rs-slide style=\"position: absolute;\" data-key=\"rs-10\" data-title=\"Slide\" data-anim=\"adpr:false;\" data-in=\"o:0;\" data-out=\"a:false;\">\n\t\t\t\t\t\t\t<img decoding=\"async\" src=\"\/\/imperialparfums.com\/wp-content\/plugins\/revslider\/sr6\/assets\/assets\/dummy.png\" alt=\"\" title=\"home-2025-4\" width=\"2560\" height=\"1080\" class=\"rev-slidebg tp-rs-img rs-lazyload\" data-lazyload=\"\/\/imperialparfums.com\/wp-content\/uploads\/2025\/07\/home-2025-4.webp\" data-bg=\"f:contain;\" data-no-retina>\n<!---->\t\t\t\t\t<\/rs-slide>\n\t\t\t\t\t\t<rs-slide style=\"position: absolute;\" data-key=\"rs-11\" data-title=\"Slide\" data-anim=\"adpr:false;\" data-in=\"o:0;\" data-out=\"a:false;\">\n\t\t\t\t\t\t\t<img decoding=\"async\" src=\"\/\/imperialparfums.com\/wp-content\/plugins\/revslider\/sr6\/assets\/assets\/dummy.png\" alt=\"\" title=\"home-2025-3\" width=\"2560\" height=\"1080\" class=\"rev-slidebg tp-rs-img rs-lazyload\" data-lazyload=\"\/\/imperialparfums.com\/wp-content\/uploads\/2025\/07\/home-2025-3.webp\" data-bg=\"f:contain;\" data-no-retina>\n<!---->\t\t\t\t\t<\/rs-slide>\n\t\t\t\t\t\t<rs-slide style=\"position: absolute;\" data-key=\"rs-27\" data-title=\"Slide\" data-anim=\"adpr:false;\" data-in=\"o:0;\" data-out=\"a:false;\">\n\t\t\t\t\t\t\t<img decoding=\"async\" src=\"\/\/imperialparfums.com\/wp-content\/plugins\/revslider\/sr6\/assets\/assets\/dummy.png\" alt=\"\" title=\"home-2025-2\" width=\"2560\" height=\"1080\" class=\"rev-slidebg tp-rs-img rs-lazyload\" data-lazyload=\"\/\/imperialparfums.com\/wp-content\/uploads\/2025\/07\/home-2025-2.webp\" data-bg=\"f:contain;\" data-no-retina>\n<!---->\t\t\t\t\t<\/rs-slide>\n\t\t\t\t\t<\/rs-slides>\n\t\t\t\t<\/rs-module>\n\t\t\t\t<script>\n\t\t\t\t\tsetREVStartSize({c: 'rev_slider_3_1',rl:[1240,1240,1240,480],el:[640,640,640,220],gw:[1900,1900,1900,480],gh:[640,640,640,220],type:'standard',justify:'',layout:'fullwidth',mh:\"0\"});if (window.RS_MODULES!==undefined && window.RS_MODULES.modules!==undefined && window.RS_MODULES.modules[\"revslider31\"]!==undefined) {window.RS_MODULES.modules[\"revslider31\"].once = false;window.revapi3 = undefined;if (window.RS_MODULES.checkMinimal!==undefined) window.RS_MODULES.checkMinimal()}\n\t\t\t\t<\/script>\n\t\t\t<\/rs-module-wrap>\n\t\t\t<!-- END REVOLUTION SLIDER -->\n[\/vc_column][\/vc_row][vc_row css=\u00a0\u00bb.vc_custom_1753950175479{padding-top: 50px !important;}\u00a0\u00bb][vc_column][vc_custom_heading text=\u00a0\u00bb\u00c0 PROPOS DE NOUS\u00a0\u00bb font_container=\u00a0\u00bbtag:h2|font_size:24px|text_align:center|color:%23000000&Prime; google_fonts=\u00a0\u00bbfont_family:Sorts%20Mill%20Goudy%3Aregular%2Citalic|font_style:400%20regular%3A400%3Anormal\u00a0\u00bb css=\u00a0\u00bb.vc_custom_1631378269209{margin-bottom: 0px !important;}\u00a0\u00bb][vc_row_inner][vc_column_inner][vc_column_text css=\u00a0\u00bb\u00a0\u00bb]<\/p>\n<h3 class=\"text-uppercase text-center\">Imperial Parfums<\/h3>\n<div class=\"text-justify\">\n<p>En 2022, le r\u00eave d\u2019Imperial Parfums s\u2019est exprim\u00e9 dans le d\u00e9sir de red\u00e9finir la parfumerie de luxe pour une nouvelle \u00e8re. Ancr\u00e9e dans les riches traditions du Moyen-Orient et port\u00e9e par un esprit d\u2019\u00e9l\u00e9gance moderne, notre maison vous invite \u00e0 d\u00e9couvrir un univers o\u00f9 chaque parfum raconte sa propre histoire. Depuis le c\u0153ur de Duba\u00ef, nos fragrances sont compos\u00e9es avec soin pour insuffler l\u2019\u00e9l\u00e9gance de l\u2019h\u00e9ritage et la cr\u00e9ativit\u00e9, unissant le meilleur des deux mondes dans chaque flacon.<\/p>\n<p>Chaque fragrance est con\u00e7ue comme une expression d\u2019\u00e9motion, d\u2019art et d\u2019h\u00e9ritage. Nous composons chaque parfum comme une \u0153uvre d\u2019art, en unissant des mati\u00e8res premi\u00e8res rares, pr\u00e9cieuses et naturelles, choisies avec une attention toute particuli\u00e8re. La signature d\u2019Imperial Parfums, c\u2019est l\u2019excellence d\u00e9di\u00e9e \u00e0 l\u2019indulgence et \u00e0 la qualit\u00e9. Chacune de nos cr\u00e9ations se distingue par une concentration exceptionnelle de 30%, impr\u00e9gnant chaque moment d\u2019un sillage riche et extr\u00eame qui vous enveloppe tout au long de la journ\u00e9e.<\/p>\n<p>Imperial Parfums porte en c\u0153ur la conviction que le vrai luxe est une exp\u00e9rience \u00e9motionnelle, qui honore l\u2019h\u00e9ritage, c\u00e9l\u00e8bre l\u2019art et vous invite \u00e0 faire de chaque instant le v\u00f4tre, une note exquise \u00e0 la fois.<\/p><\/div>\n<p>[\/vc_column_text]<div class=\"sober-empty-space \" style=\"height: 50px\"><\/div>[\/vc_column_inner][\/vc_row_inner][\/vc_column][\/vc_row][vc_row full_width=\u00a0\u00bbstretch_row_content_no_spaces\u00a0\u00bb css=\u00a0\u00bb.vc_custom_1631192078041{padding-top: 50px !important;padding-right: 20px !important;padding-bottom: 50px !important;padding-left: 20px !important;background-color: #0a0a0a !important;}\u00a0\u00bb][vc_column][vc_custom_heading text=\u00a0\u00bbLES AVANTAGES IMPERIAL\u00a0\u00bb font_container=\u00a0\u00bbtag:h2|font_size:24|text_align:center|color:%23ffffff\u00a0\u00bb google_fonts=\u00a0\u00bbfont_family:Sorts%20Mill%20Goudy%3Aregular%2Citalic|font_style:400%20regular%3A400%3Anormal\u00a0\u00bb css=\u00a0\u00bb.vc_custom_1630414478084{margin-bottom: 0px !important;padding-top: 30px !important;padding-bottom: 50px !important;}\u00a0\u00bb][vc_row_inner][vc_column_inner width=\u00a0\u00bb1\/5&Prime;][vc_column_text]<\/p>\n<div class=\"text-center p-4\">\n<p><img decoding=\"async\" src=\"\/wp-content\/uploads\/2021\/08\/premium_ingredient.svg\" \/><\/p>\n<h5 class=\"mb-6 text-white mt-0 font-light leading-normal tracking-widest\">INGREDIENT<br \/>\nPREMIUM<\/h5>\n<p class=\"text-white font-light\">Tous les produits sont fabriqu\u00e9s \u00e0 partir<br \/>\nd\u2019ingredients rare et pr\u00e9cieux.<\/p>\n<\/div>\n<p>[\/vc_column_text][\/vc_column_inner][vc_column_inner width=\u00a0\u00bb1\/5&Prime;][vc_column_text]<\/p>\n<div class=\"text-center p-4\">\n<p><img decoding=\"async\" src=\"\/wp-content\/uploads\/2021\/08\/free-express-delivery.svg\" \/><\/p>\n<h5 class=\"mb-6 text-white mt-0 font-light leading-normal tracking-widest\">LIVRAISON EXPRESS<br \/>\n&amp; GRATUITE<\/h5>\n<p class=\"text-white font-light\">Livraison express offerte.<\/p>\n<\/div>\n<p>[\/vc_column_text][\/vc_column_inner][vc_column_inner width=\u00a0\u00bb1\/5&Prime;][vc_column_text]<\/p>\n<div class=\"text-center p-4\">\n<p><img decoding=\"async\" src=\"\/wp-content\/uploads\/2021\/08\/secure-checkout.svg\" \/><\/p>\n<h5 class=\"mb-6 text-white mt-0 font-light leading-normal tracking-widest\">PAIEMENT<br \/>\nS\u00c9CURIS\u00c9<\/h5>\n<p class=\"text-white font-light\">Paiement s\u00fbr et s\u00e9curis\u00e9.<\/p>\n<\/div>\n<p>[\/vc_column_text][\/vc_column_inner][vc_column_inner width=\u00a0\u00bb1\/5&Prime;][vc_column_text]<\/p>\n<div class=\"text-center p-4\">\n<p><img decoding=\"async\" src=\"\/wp-content\/uploads\/2021\/08\/247-customer-support.svg\" \/><\/p>\n<h5 class=\"mb-6 text-white mt-0 font-light leading-normal tracking-widest\">CLIENT 24\/7<br \/>\nSUPPORT<\/h5>\n<p class=\"text-white font-light\">Nous fournissons un support client<br \/>\n24\/7 via Whatsapp.<\/p>\n<\/div>\n<p>[\/vc_column_text][\/vc_column_inner][vc_column_inner width=\u00a0\u00bb1\/5&Prime;][vc_column_text]<\/p>\n<div class=\"text-center p-4\">\n<p><img decoding=\"async\" src=\"\/wp-content\/uploads\/2021\/08\/gift-wrap.svg\" \/><\/p>\n<h5 class=\"mb-6 text-white mt-0 font-light leading-normal tracking-widest\">L&rsquo;ART<br \/>\nDE DONNER<\/h5>\n<p class=\"text-white font-light\">Profitez gratuitement d\u2019un<br \/>\nservice d\u2019emballage cadeau.<\/p>\n<\/div>\n<p>[\/vc_column_text][\/vc_column_inner][\/vc_row_inner][\/vc_column][\/vc_row]<\/p>\n<\/div>","protected":false},"excerpt":{"rendered":"<p>[vc_row][vc_column][\/vc_column][\/vc_row][vc_row css=\u00a0\u00bb.vc_custom_1753950175479{padding-top: 50px !important;}\u00a0\u00bb][vc_column][vc_custom_heading text=\u00a0\u00bb\u00c0 PROPOS DE NOUS\u00a0\u00bb font_container=\u00a0\u00bbtag:h2|font_size:24px|text_align:center|color:%23000000&Prime; google_fonts=\u00a0\u00bbfont_family:Sorts%20Mill%20Goudy%3Aregular%2Citalic|font_style:400%20regular%3A400%3Anormal\u00a0\u00bb css=\u00a0\u00bb.vc_custom_1631378269209{margin-bottom: 0px !important;}\u00a0\u00bb][vc_row_inner][vc_column_inner][vc_column_text css=\u00a0\u00bb\u00a0\u00bb] Imperial Parfums En 2022, le r\u00eave d\u2019Imperial Parfums s\u2019est exprim\u00e9 dans le d\u00e9sir de red\u00e9finir la&hellip;<\/p>\n","protected":false},"author":1,"featured_media":0,"parent":0,"menu_order":0,"comment_status":"closed","ping_status":"closed","template":"","meta":{"footnotes":""},"class_list":["post-319","page","type-page","status-publish","hentry"],"yoast_head":"<!-- This site is optimized with the Yoast SEO plugin v27.0 - https:\/\/yoast.com\/product\/yoast-seo-wordpress\/ -->\n<title>\u00c0 Propos de Nous - Imperial Parfums<\/title>\n<meta name=\"robots\" content=\"index, follow, max-snippet:-1, max-image-preview:large, max-video-preview:-1\" \/>\n<link rel=\"canonical\" href=\"https:\/\/imperialparfums.com\/fr\/about-us\/\" \/>\n<meta property=\"og:locale\" content=\"fr_FR\" \/>\n<meta property=\"og:type\" content=\"article\" \/>\n<meta property=\"og:title\" content=\"\u00c0 Propos de Nous - Imperial Parfums\" \/>\n<meta property=\"og:description\" content=\"[vc_row][vc_column][\/vc_column][\/vc_row][vc_row css=\u00a0\u00bb.vc_custom_1753950175479{padding-top: 50px !important;}\u00a0\u00bb][vc_column][vc_custom_heading text=\u00a0\u00bb\u00c0 PROPOS DE NOUS\u00a0\u00bb font_container=\u00a0\u00bbtag:h2|font_size:24px|text_align:center|color:%23000000&Prime; google_fonts=\u00a0\u00bbfont_family:Sorts%20Mill%20Goudy%3Aregular%2Citalic|font_style:400%20regular%3A400%3Anormal\u00a0\u00bb css=\u00a0\u00bb.vc_custom_1631378269209{margin-bottom: 0px !important;}\u00a0\u00bb][vc_row_inner][vc_column_inner][vc_column_text css=\u00a0\u00bb\u00a0\u00bb] Imperial Parfums En 2022, le r\u00eave d\u2019Imperial Parfums s\u2019est exprim\u00e9 dans le d\u00e9sir de red\u00e9finir la&hellip;\" \/>\n<meta property=\"og:url\" content=\"https:\/\/imperialparfums.com\/fr\/about-us\/\" \/>\n<meta property=\"og:site_name\" content=\"Imperial Parfums\" \/>\n<meta property=\"article:modified_time\" content=\"2025-07-31T08:23:01+00:00\" \/>\n<meta name=\"twitter:card\" content=\"summary_large_image\" \/>\n<meta name=\"twitter:label1\" content=\"Est. reading time\" \/>\n\t<meta name=\"twitter:data1\" content=\"3 minutes\" \/>\n<script type=\"application\/ld+json\" class=\"yoast-schema-graph\">{\"@context\":\"https:\/\/schema.org\",\"@graph\":[{\"@type\":\"WebPage\",\"@id\":\"https:\/\/imperialparfums.com\/fr\/about-us\/\",\"url\":\"https:\/\/imperialparfums.com\/fr\/about-us\/\",\"name\":\"\u00c0 Propos de Nous - Imperial Parfums\",\"isPartOf\":{\"@id\":\"https:\/\/imperialparfums.com\/#website\"},\"datePublished\":\"2016-08-23T04:15:21+00:00\",\"dateModified\":\"2025-07-31T08:23:01+00:00\",\"breadcrumb\":{\"@id\":\"https:\/\/imperialparfums.com\/fr\/about-us\/#breadcrumb\"},\"inLanguage\":\"fr-FR\",\"potentialAction\":[{\"@type\":\"ReadAction\",\"target\":[\"https:\/\/imperialparfums.com\/fr\/about-us\/\"]}]},{\"@type\":\"BreadcrumbList\",\"@id\":\"https:\/\/imperialparfums.com\/fr\/about-us\/#breadcrumb\",\"itemListElement\":[{\"@type\":\"ListItem\",\"position\":1,\"name\":\"Home\",\"item\":\"https:\/\/imperialparfums.com\/fr\/\"},{\"@type\":\"ListItem\",\"position\":2,\"name\":\"\u00c0 Propos de Nous\"}]},{\"@type\":\"WebSite\",\"@id\":\"https:\/\/imperialparfums.com\/#website\",\"url\":\"https:\/\/imperialparfums.com\/\",\"name\":\"Imperial Parfums\",\"description\":\"\",\"publisher\":{\"@id\":\"https:\/\/imperialparfums.com\/#organization\"},\"potentialAction\":[{\"@type\":\"SearchAction\",\"target\":{\"@type\":\"EntryPoint\",\"urlTemplate\":\"https:\/\/imperialparfums.com\/?s={search_term_string}\"},\"query-input\":{\"@type\":\"PropertyValueSpecification\",\"valueRequired\":true,\"valueName\":\"search_term_string\"}}],\"inLanguage\":\"fr-FR\"},{\"@type\":\"Organization\",\"@id\":\"https:\/\/imperialparfums.com\/#organization\",\"name\":\"Imperial Parfums\",\"url\":\"https:\/\/imperialparfums.com\/\",\"logo\":{\"@type\":\"ImageObject\",\"inLanguage\":\"fr-FR\",\"@id\":\"https:\/\/imperialparfums.com\/#\/schema\/logo\/image\/\",\"url\":\"https:\/\/imperialparfums.com\/wp-content\/uploads\/2021\/09\/logo-black-small.png\",\"contentUrl\":\"https:\/\/imperialparfums.com\/wp-content\/uploads\/2021\/09\/logo-black-small.png\",\"width\":250,\"height\":36,\"caption\":\"Imperial Parfums\"},\"image\":{\"@id\":\"https:\/\/imperialparfums.com\/#\/schema\/logo\/image\/\"}}]}<\/script>\n<!-- \/ Yoast SEO plugin. -->","yoast_head_json":{"title":"\u00c0 Propos de Nous - Imperial Parfums","robots":{"index":"index","follow":"follow","max-snippet":"max-snippet:-1","max-image-preview":"max-image-preview:large","max-video-preview":"max-video-preview:-1"},"canonical":"https:\/\/imperialparfums.com\/fr\/about-us\/","og_locale":"fr_FR","og_type":"article","og_title":"\u00c0 Propos de Nous - Imperial Parfums","og_description":"[vc_row][vc_column][\/vc_column][\/vc_row][vc_row css=\u00a0\u00bb.vc_custom_1753950175479{padding-top: 50px !important;}\u00a0\u00bb][vc_column][vc_custom_heading text=\u00a0\u00bb\u00c0 PROPOS DE NOUS\u00a0\u00bb font_container=\u00a0\u00bbtag:h2|font_size:24px|text_align:center|color:%23000000&Prime; google_fonts=\u00a0\u00bbfont_family:Sorts%20Mill%20Goudy%3Aregular%2Citalic|font_style:400%20regular%3A400%3Anormal\u00a0\u00bb css=\u00a0\u00bb.vc_custom_1631378269209{margin-bottom: 0px !important;}\u00a0\u00bb][vc_row_inner][vc_column_inner][vc_column_text css=\u00a0\u00bb\u00a0\u00bb] Imperial Parfums En 2022, le r\u00eave d\u2019Imperial Parfums s\u2019est exprim\u00e9 dans le d\u00e9sir de red\u00e9finir la&hellip;","og_url":"https:\/\/imperialparfums.com\/fr\/about-us\/","og_site_name":"Imperial Parfums","article_modified_time":"2025-07-31T08:23:01+00:00","twitter_card":"summary_large_image","twitter_misc":{"Est. reading time":"3 minutes"},"schema":{"@context":"https:\/\/schema.org","@graph":[{"@type":"WebPage","@id":"https:\/\/imperialparfums.com\/fr\/about-us\/","url":"https:\/\/imperialparfums.com\/fr\/about-us\/","name":"\u00c0 Propos de Nous - Imperial Parfums","isPartOf":{"@id":"https:\/\/imperialparfums.com\/#website"},"datePublished":"2016-08-23T04:15:21+00:00","dateModified":"2025-07-31T08:23:01+00:00","breadcrumb":{"@id":"https:\/\/imperialparfums.com\/fr\/about-us\/#breadcrumb"},"inLanguage":"fr-FR","potentialAction":[{"@type":"ReadAction","target":["https:\/\/imperialparfums.com\/fr\/about-us\/"]}]},{"@type":"BreadcrumbList","@id":"https:\/\/imperialparfums.com\/fr\/about-us\/#breadcrumb","itemListElement":[{"@type":"ListItem","position":1,"name":"Home","item":"https:\/\/imperialparfums.com\/fr\/"},{"@type":"ListItem","position":2,"name":"\u00c0 Propos de Nous"}]},{"@type":"WebSite","@id":"https:\/\/imperialparfums.com\/#website","url":"https:\/\/imperialparfums.com\/","name":"Imperial Parfums","description":"","publisher":{"@id":"https:\/\/imperialparfums.com\/#organization"},"potentialAction":[{"@type":"SearchAction","target":{"@type":"EntryPoint","urlTemplate":"https:\/\/imperialparfums.com\/?s={search_term_string}"},"query-input":{"@type":"PropertyValueSpecification","valueRequired":true,"valueName":"search_term_string"}}],"inLanguage":"fr-FR"},{"@type":"Organization","@id":"https:\/\/imperialparfums.com\/#organization","name":"Imperial Parfums","url":"https:\/\/imperialparfums.com\/","logo":{"@type":"ImageObject","inLanguage":"fr-FR","@id":"https:\/\/imperialparfums.com\/#\/schema\/logo\/image\/","url":"https:\/\/imperialparfums.com\/wp-content\/uploads\/2021\/09\/logo-black-small.png","contentUrl":"https:\/\/imperialparfums.com\/wp-content\/uploads\/2021\/09\/logo-black-small.png","width":250,"height":36,"caption":"Imperial Parfums"},"image":{"@id":"https:\/\/imperialparfums.com\/#\/schema\/logo\/image\/"}}]}},"jetpack_sharing_enabled":true,"_links":{"self":[{"href":"https:\/\/imperialparfums.com\/fr\/wp-json\/wp\/v2\/pages\/319","targetHints":{"allow":["GET"]}}],"collection":[{"href":"https:\/\/imperialparfums.com\/fr\/wp-json\/wp\/v2\/pages"}],"about":[{"href":"https:\/\/imperialparfums.com\/fr\/wp-json\/wp\/v2\/types\/page"}],"author":[{"embeddable":true,"href":"https:\/\/imperialparfums.com\/fr\/wp-json\/wp\/v2\/users\/1"}],"replies":[{"embeddable":true,"href":"https:\/\/imperialparfums.com\/fr\/wp-json\/wp\/v2\/comments?post=319"}],"version-history":[{"count":3,"href":"https:\/\/imperialparfums.com\/fr\/wp-json\/wp\/v2\/pages\/319\/revisions"}],"predecessor-version":[{"id":4338,"href":"https:\/\/imperialparfums.com\/fr\/wp-json\/wp\/v2\/pages\/319\/revisions\/4338"}],"wp:attachment":[{"href":"https:\/\/imperialparfums.com\/fr\/wp-json\/wp\/v2\/media?parent=319"}],"curies":[{"name":"wp","href":"https:\/\/api.w.org\/{rel}","templated":true}]}}