{"id":2616,"date":"2021-08-31T13:24:38","date_gmt":"2021-08-31T09:24:38","guid":{"rendered":"http:\/\/imperialparfums.test\/?post_type=product&#038;p=2616"},"modified":"2025-06-30T09:26:02","modified_gmt":"2025-06-30T08:26:02","slug":"oudh-imperial","status":"publish","type":"product","link":"https:\/\/imperialparfums.com\/fr\/produit\/oudh-imperial\/","title":{"rendered":"OUDH IMPERIAL"},"content":{"rendered":"<p>Au c\u0153ur de Duba\u00ef, l\u00e0 o\u00f9 le pouls de la ville bat sous des cieux de saphir infinis et o\u00f9 les vents anciens murmurent \u00e0 travers les dunes dor\u00e9es, Oudh Imperial voit le jour.<\/p>\n<p>Tout commence avec la premi\u00e8re lumi\u00e8re de l\u2019aube qui scintille sur la ligne d\u2019horizon, l\u2019air frais du matin caress\u00e9 par la senteur lumineuse du jasmin d\u2019\u00c9gypte.<\/p>\n<p>\u00c0 mesure que la ville s\u2019\u00e9veille, le parfum s\u2019intensifie : la rose de Bulgarie s\u2019\u00e9panouit en son c\u0153ur, se m\u00ealant \u00e0 un accord de sable chaud, hommage \u00e0 la terre chauff\u00e9e par le soleil et \u00e0 la promesse d\u2019aventure.<\/p>\n<p>Quand le soir descend, la magie s\u2019\u00e9veille. Le parfum r\u00e9v\u00e8le son joyau : le pur oud, sombre et myst\u00e9rieux, \u00e9voquant la majest\u00e9 des mille et une nuits. Le santal cr\u00e9meux et l\u2019ambre dor\u00e9 vous enveloppent comme un manteau de velours, tandis que le musc blanc persiste,<br \/>\ndoux comme la brise du d\u00e9sert, inoubliable comme un secret murmur\u00e9 sous le ciel \u00e9toil\u00e9 de la ville.<br \/>\nOudh Imperial incarne la dualit\u00e9 de Duba\u00ef : ancienne et moderne, opulente et indompt\u00e9e. C\u2019est le parfum d\u2019une ville qui ne dort jamais, poursuivant sans cesse l\u2019horizon.<\/p>\n<p><strong>Notes de T\u00eate<\/strong><br \/>\nJasmin d&rsquo;Egypte<\/p>\n<p><strong>Notes de C\u0153ur<\/strong><br \/>\nRose de Bulgarie,<br \/>\nAccord sable chaud<\/p>\n<p><strong>Notes de Fond<\/strong><br \/>\nBois d&rsquo;Agar, Extrait de Bois de Santal,<br \/>\nAmbre, Musc Blanc<\/p>\n","protected":false},"excerpt":{"rendered":"<p>D\u00e9couvrez la fragrance mystique qui exalte le pr\u00e9cieux bois d\u2019oud puis\u00e9 au c\u0153ur de L\u2019orient.<\/p>\n<p>Dans cette composition s\u00e9duisante on y retrouve un jeu de contrastes subtils entre les notes sombres du cuir, oud, ambre, musc blanc et la luminosit\u00e9 des notes florales du jasmin ainsi que la rose de Bulgarie.<\/p>\n<p>N\u00e9e d&rsquo;une qu\u00eate pour trouver les meilleures mati\u00e8res premi\u00e8res, la Collection Imp\u00e9riale est une invitation \u00e0 transporter les sens au c\u0153ur d&rsquo;une r\u00e9gion fascinante, r\u00e9v\u00e9lant quelques-uns de ses secrets les plus pr\u00e9cieux.<\/p>\n","protected":false},"featured_media":4156,"template":"","meta":[],"product_brand":[],"product_cat":[48],"product_tag":[],"class_list":{"0":"post-2616","1":"product","2":"type-product","3":"status-publish","4":"has-post-thumbnail","6":"product_cat-fragrances","8":"first","9":"instock","10":"taxable","11":"shipping-taxable","12":"purchasable","13":"product-type-simple","15":"col-md-4 col-sm-4 col-xs-6","16":"col-md-4 col-sm-4 col-xs-12","17":"col-lg-4","18":"product-has-gallery","19":"product-style-default"},"yoast_head":"<!-- This site is optimized with the Yoast SEO plugin v27.0 - https:\/\/yoast.com\/product\/yoast-seo-wordpress\/ -->\n<title>Amber Oud Perfume | Amber Oud Fragrance - Imperial Parfums<\/title>\n<meta name=\"description\" content=\"Buy Amber Oud perfume online from Imperial Parfums at the most competitive prices. Immerse yourself in a world of opulence and intrigue. Let Amber Oud fragrance be your signature scent.\" \/>\n<meta name=\"robots\" content=\"index, follow, max-snippet:-1, max-image-preview:large, max-video-preview:-1\" \/>\n<link rel=\"canonical\" href=\"https:\/\/imperialparfums.com\/fr\/produit\/oudh-imperial\/\" \/>\n<meta property=\"og:locale\" content=\"fr_FR\" \/>\n<meta property=\"og:type\" content=\"article\" \/>\n<meta property=\"og:title\" content=\"Amber Oud Perfume | Amber Oud Fragrance - Imperial Parfums\" \/>\n<meta property=\"og:description\" content=\"Buy Amber Oud perfume online from Imperial Parfums at the most competitive prices. Immerse yourself in a world of opulence and intrigue. Let Amber Oud fragrance be your signature scent.\" \/>\n<meta property=\"og:url\" content=\"https:\/\/imperialparfums.com\/fr\/produit\/oudh-imperial\/\" \/>\n<meta property=\"og:site_name\" content=\"Imperial Parfums\" \/>\n<meta property=\"article:modified_time\" content=\"2025-06-30T08:26:02+00:00\" \/>\n<meta property=\"og:image\" content=\"https:\/\/imperialparfums.com\/wp-content\/uploads\/2021\/08\/OudhGerm1.jpg\" \/>\n\t<meta property=\"og:image:width\" content=\"2560\" \/>\n\t<meta property=\"og:image:height\" content=\"1928\" \/>\n\t<meta property=\"og:image:type\" content=\"image\/jpeg\" \/>\n<meta name=\"twitter:card\" content=\"summary_large_image\" \/>\n<meta name=\"twitter:label1\" content=\"Est. reading time\" \/>\n\t<meta name=\"twitter:data1\" content=\"2 minutes\" \/>\n<script type=\"application\/ld+json\" class=\"yoast-schema-graph\">{\"@context\":\"https:\/\/schema.org\",\"@graph\":[{\"@type\":\"WebPage\",\"@id\":\"https:\/\/imperialparfums.com\/fr\/produit\/oudh-imperial\/\",\"url\":\"https:\/\/imperialparfums.com\/fr\/produit\/oudh-imperial\/\",\"name\":\"Amber Oud Perfume | Amber Oud Fragrance - Imperial Parfums\",\"isPartOf\":{\"@id\":\"https:\/\/imperialparfums.com\/#website\"},\"primaryImageOfPage\":{\"@id\":\"https:\/\/imperialparfums.com\/fr\/produit\/oudh-imperial\/#primaryimage\"},\"image\":{\"@id\":\"https:\/\/imperialparfums.com\/fr\/produit\/oudh-imperial\/#primaryimage\"},\"thumbnailUrl\":\"https:\/\/imperialparfums.com\/wp-content\/uploads\/2021\/08\/OudhGerm1.jpg\",\"datePublished\":\"2021-08-31T09:24:38+00:00\",\"dateModified\":\"2025-06-30T08:26:02+00:00\",\"description\":\"Buy Amber Oud perfume online from Imperial Parfums at the most competitive prices. Immerse yourself in a world of opulence and intrigue. Let Amber Oud fragrance be your signature scent.\",\"breadcrumb\":{\"@id\":\"https:\/\/imperialparfums.com\/fr\/produit\/oudh-imperial\/#breadcrumb\"},\"inLanguage\":\"fr-FR\",\"potentialAction\":[{\"@type\":\"ReadAction\",\"target\":[\"https:\/\/imperialparfums.com\/fr\/produit\/oudh-imperial\/\"]}]},{\"@type\":\"ImageObject\",\"inLanguage\":\"fr-FR\",\"@id\":\"https:\/\/imperialparfums.com\/fr\/produit\/oudh-imperial\/#primaryimage\",\"url\":\"https:\/\/imperialparfums.com\/wp-content\/uploads\/2021\/08\/OudhGerm1.jpg\",\"contentUrl\":\"https:\/\/imperialparfums.com\/wp-content\/uploads\/2021\/08\/OudhGerm1.jpg\",\"width\":2560,\"height\":1928},{\"@type\":\"BreadcrumbList\",\"@id\":\"https:\/\/imperialparfums.com\/fr\/produit\/oudh-imperial\/#breadcrumb\",\"itemListElement\":[{\"@type\":\"ListItem\",\"position\":1,\"name\":\"Home\",\"item\":\"https:\/\/imperialparfums.com\/fr\/\"},{\"@type\":\"ListItem\",\"position\":2,\"name\":\"Shop\",\"item\":\"https:\/\/imperialparfums.com\/en\/shop\/\"},{\"@type\":\"ListItem\",\"position\":3,\"name\":\"OUDH IMPERIAL\"}]},{\"@type\":\"WebSite\",\"@id\":\"https:\/\/imperialparfums.com\/#website\",\"url\":\"https:\/\/imperialparfums.com\/\",\"name\":\"Imperial Parfums\",\"description\":\"\",\"publisher\":{\"@id\":\"https:\/\/imperialparfums.com\/#organization\"},\"potentialAction\":[{\"@type\":\"SearchAction\",\"target\":{\"@type\":\"EntryPoint\",\"urlTemplate\":\"https:\/\/imperialparfums.com\/?s={search_term_string}\"},\"query-input\":{\"@type\":\"PropertyValueSpecification\",\"valueRequired\":true,\"valueName\":\"search_term_string\"}}],\"inLanguage\":\"fr-FR\"},{\"@type\":\"Organization\",\"@id\":\"https:\/\/imperialparfums.com\/#organization\",\"name\":\"Imperial Parfums\",\"url\":\"https:\/\/imperialparfums.com\/\",\"logo\":{\"@type\":\"ImageObject\",\"inLanguage\":\"fr-FR\",\"@id\":\"https:\/\/imperialparfums.com\/#\/schema\/logo\/image\/\",\"url\":\"https:\/\/imperialparfums.com\/wp-content\/uploads\/2021\/09\/logo-black-small.png\",\"contentUrl\":\"https:\/\/imperialparfums.com\/wp-content\/uploads\/2021\/09\/logo-black-small.png\",\"width\":250,\"height\":36,\"caption\":\"Imperial Parfums\"},\"image\":{\"@id\":\"https:\/\/imperialparfums.com\/#\/schema\/logo\/image\/\"}}]}<\/script>\n<!-- \/ Yoast SEO plugin. -->","yoast_head_json":{"title":"Amber Oud Perfume | Amber Oud Fragrance - Imperial Parfums","description":"Buy Amber Oud perfume online from Imperial Parfums at the most competitive prices. Immerse yourself in a world of opulence and intrigue. Let Amber Oud fragrance be your signature scent.","robots":{"index":"index","follow":"follow","max-snippet":"max-snippet:-1","max-image-preview":"max-image-preview:large","max-video-preview":"max-video-preview:-1"},"canonical":"https:\/\/imperialparfums.com\/fr\/produit\/oudh-imperial\/","og_locale":"fr_FR","og_type":"article","og_title":"Amber Oud Perfume | Amber Oud Fragrance - Imperial Parfums","og_description":"Buy Amber Oud perfume online from Imperial Parfums at the most competitive prices. Immerse yourself in a world of opulence and intrigue. Let Amber Oud fragrance be your signature scent.","og_url":"https:\/\/imperialparfums.com\/fr\/produit\/oudh-imperial\/","og_site_name":"Imperial Parfums","article_modified_time":"2025-06-30T08:26:02+00:00","og_image":[{"width":2560,"height":1928,"url":"https:\/\/imperialparfums.com\/wp-content\/uploads\/2021\/08\/OudhGerm1.jpg","type":"image\/jpeg"}],"twitter_card":"summary_large_image","twitter_misc":{"Est. reading time":"2 minutes"},"schema":{"@context":"https:\/\/schema.org","@graph":[{"@type":"WebPage","@id":"https:\/\/imperialparfums.com\/fr\/produit\/oudh-imperial\/","url":"https:\/\/imperialparfums.com\/fr\/produit\/oudh-imperial\/","name":"Amber Oud Perfume | Amber Oud Fragrance - Imperial Parfums","isPartOf":{"@id":"https:\/\/imperialparfums.com\/#website"},"primaryImageOfPage":{"@id":"https:\/\/imperialparfums.com\/fr\/produit\/oudh-imperial\/#primaryimage"},"image":{"@id":"https:\/\/imperialparfums.com\/fr\/produit\/oudh-imperial\/#primaryimage"},"thumbnailUrl":"https:\/\/imperialparfums.com\/wp-content\/uploads\/2021\/08\/OudhGerm1.jpg","datePublished":"2021-08-31T09:24:38+00:00","dateModified":"2025-06-30T08:26:02+00:00","description":"Buy Amber Oud perfume online from Imperial Parfums at the most competitive prices. Immerse yourself in a world of opulence and intrigue. Let Amber Oud fragrance be your signature scent.","breadcrumb":{"@id":"https:\/\/imperialparfums.com\/fr\/produit\/oudh-imperial\/#breadcrumb"},"inLanguage":"fr-FR","potentialAction":[{"@type":"ReadAction","target":["https:\/\/imperialparfums.com\/fr\/produit\/oudh-imperial\/"]}]},{"@type":"ImageObject","inLanguage":"fr-FR","@id":"https:\/\/imperialparfums.com\/fr\/produit\/oudh-imperial\/#primaryimage","url":"https:\/\/imperialparfums.com\/wp-content\/uploads\/2021\/08\/OudhGerm1.jpg","contentUrl":"https:\/\/imperialparfums.com\/wp-content\/uploads\/2021\/08\/OudhGerm1.jpg","width":2560,"height":1928},{"@type":"BreadcrumbList","@id":"https:\/\/imperialparfums.com\/fr\/produit\/oudh-imperial\/#breadcrumb","itemListElement":[{"@type":"ListItem","position":1,"name":"Home","item":"https:\/\/imperialparfums.com\/fr\/"},{"@type":"ListItem","position":2,"name":"Shop","item":"https:\/\/imperialparfums.com\/en\/shop\/"},{"@type":"ListItem","position":3,"name":"OUDH IMPERIAL"}]},{"@type":"WebSite","@id":"https:\/\/imperialparfums.com\/#website","url":"https:\/\/imperialparfums.com\/","name":"Imperial Parfums","description":"","publisher":{"@id":"https:\/\/imperialparfums.com\/#organization"},"potentialAction":[{"@type":"SearchAction","target":{"@type":"EntryPoint","urlTemplate":"https:\/\/imperialparfums.com\/?s={search_term_string}"},"query-input":{"@type":"PropertyValueSpecification","valueRequired":true,"valueName":"search_term_string"}}],"inLanguage":"fr-FR"},{"@type":"Organization","@id":"https:\/\/imperialparfums.com\/#organization","name":"Imperial Parfums","url":"https:\/\/imperialparfums.com\/","logo":{"@type":"ImageObject","inLanguage":"fr-FR","@id":"https:\/\/imperialparfums.com\/#\/schema\/logo\/image\/","url":"https:\/\/imperialparfums.com\/wp-content\/uploads\/2021\/09\/logo-black-small.png","contentUrl":"https:\/\/imperialparfums.com\/wp-content\/uploads\/2021\/09\/logo-black-small.png","width":250,"height":36,"caption":"Imperial Parfums"},"image":{"@id":"https:\/\/imperialparfums.com\/#\/schema\/logo\/image\/"}}]}},"jetpack_sharing_enabled":true,"_links":{"self":[{"href":"https:\/\/imperialparfums.com\/fr\/wp-json\/wp\/v2\/product\/2616","targetHints":{"allow":["GET"]}}],"collection":[{"href":"https:\/\/imperialparfums.com\/fr\/wp-json\/wp\/v2\/product"}],"about":[{"href":"https:\/\/imperialparfums.com\/fr\/wp-json\/wp\/v2\/types\/product"}],"wp:featuredmedia":[{"embeddable":true,"href":"https:\/\/imperialparfums.com\/fr\/wp-json\/wp\/v2\/media\/4156"}],"wp:attachment":[{"href":"https:\/\/imperialparfums.com\/fr\/wp-json\/wp\/v2\/media?parent=2616"}],"wp:term":[{"taxonomy":"product_brand","embeddable":true,"href":"https:\/\/imperialparfums.com\/fr\/wp-json\/wp\/v2\/product_brand?post=2616"},{"taxonomy":"product_cat","embeddable":true,"href":"https:\/\/imperialparfums.com\/fr\/wp-json\/wp\/v2\/product_cat?post=2616"},{"taxonomy":"product_tag","embeddable":true,"href":"https:\/\/imperialparfums.com\/fr\/wp-json\/wp\/v2\/product_tag?post=2616"}],"curies":[{"name":"wp","href":"https:\/\/api.w.org\/{rel}","templated":true}]}}