{"id":2649,"date":"2021-08-31T14:57:25","date_gmt":"2021-08-31T10:57:25","guid":{"rendered":"http:\/\/imperialparfums.test\/?post_type=product&#038;p=2649"},"modified":"2026-02-19T03:08:12","modified_gmt":"2026-02-19T03:08:12","slug":"black-imperial","status":"publish","type":"product","link":"https:\/\/imperialparfums.com\/fr\/produit\/black-imperial\/","title":{"rendered":"BLACK IMPERIAL"},"content":{"rendered":"<p>Black Imp\u00e9rial s\u2019ouvre au seuil d\u2019un tr\u00f4ne de marbre noir silencieux, inaccessible, couronn\u00e9 d\u2019or. Une \u00e9tincelle de bergamote perce l\u2019ombre, et la violette de Parme se r\u00e9v\u00e8le \u00e9lev\u00e9e \u00e0 l\u2019in\u00e9dit. Plus sombre, plus rare, imp\u00e9riale, drap\u00e9e comme du velours sur une autorit\u00e9 absolue.<\/p>\n<p>En son c\u0153ur, une rose velout\u00e9e s\u2019\u00e9panouit d\u2019une subtile douceur poivr\u00e9e, tendre et pourtant provocante. Elle traverse l\u2019air comme une tentation dans une cour o\u00f9 chaque regard est pes\u00e9 comme de l\u2019or, o\u00f9 le d\u00e9sir se discipline, et o\u00f9 l\u2019\u00e9l\u00e9gance est la premi\u00e8re forme de pouvoir.<\/p>\n<p>Puis vient la conqu\u00eate, le patchouli d\u2019Indon\u00e9sie, l\u2019ambre et la vanille de Madagascar d\u00e9ferlent en vagues chaudes, terre et feu, profondeur et douceur jusqu\u2019\u00e0 rendre le sillage irr\u00e9sistible. Black Imp\u00e9rial est le tr\u00f4ne que chacun aspire \u00e0 atteindre, non pour le poss\u00e9der, mais pour \u00eatre digne de fr\u00f4ler l\u2019excellence.<\/p>\n<p><strong>Notes de T\u00eate<\/strong><br \/>\nBergamote, Violette de Parme<\/p>\n<p><strong>Notes de C\u0153ur<\/strong><br \/>\nVelours de Rose<\/p>\n<p><strong>Notes de Fond<\/strong><br \/>\nPatchouli d\u2019Indon\u00e9sie, Ambre, Vanille de Madagascar<\/p>\n","protected":false},"excerpt":{"rendered":"<p>Black Imp\u00e9rial s\u2019ouvre au seuil d\u2019un tr\u00f4ne de marbre noir silencieux, inaccessible, couronn\u00e9 d\u2019or. Une \u00e9tincelle de bergamote perce l\u2019ombre, et la violette de Parme se r\u00e9v\u00e8le \u00e9lev\u00e9e \u00e0 l\u2019in\u00e9dit.&hellip;<\/p>\n","protected":false},"featured_media":4204,"template":"","meta":[],"product_brand":[],"product_cat":[48],"product_tag":[],"class_list":{"0":"post-2649","1":"product","2":"type-product","3":"status-publish","4":"has-post-thumbnail","6":"product_cat-fragrances","8":"first","9":"instock","10":"taxable","11":"shipping-taxable","12":"purchasable","13":"product-type-simple","15":"col-md-4 col-sm-4 col-xs-6","16":"col-md-4 col-sm-4 col-xs-12","17":"col-lg-4","18":"product-has-gallery","19":"product-style-default"},"yoast_head":"<!-- This site is optimized with the Yoast SEO plugin v27.0 - https:\/\/yoast.com\/product\/yoast-seo-wordpress\/ -->\n<title>Buy Black Imperial Online at Best Price - Imperial Parfums<\/title>\n<meta name=\"description\" content=\"Discover the allure of BLACK IMPERIAL by Imperial Parfums. Shop now for captivating scents that evoke sophistication and elegance. Order now !\" \/>\n<meta name=\"robots\" content=\"index, follow, max-snippet:-1, max-image-preview:large, max-video-preview:-1\" \/>\n<link rel=\"canonical\" href=\"https:\/\/imperialparfums.com\/fr\/produit\/black-imperial\/\" \/>\n<meta property=\"og:locale\" content=\"fr_FR\" \/>\n<meta property=\"og:type\" content=\"article\" \/>\n<meta property=\"og:title\" content=\"Buy Black Imperial Online at Best Price - Imperial Parfums\" \/>\n<meta property=\"og:description\" content=\"Discover the allure of BLACK IMPERIAL by Imperial Parfums. Shop now for captivating scents that evoke sophistication and elegance. Order now !\" \/>\n<meta property=\"og:url\" content=\"https:\/\/imperialparfums.com\/fr\/produit\/black-imperial\/\" \/>\n<meta property=\"og:site_name\" content=\"Imperial Parfums\" \/>\n<meta property=\"article:modified_time\" content=\"2026-02-19T03:08:12+00:00\" \/>\n<meta property=\"og:image\" content=\"https:\/\/imperialparfums.com\/wp-content\/uploads\/2021\/08\/Black-Imperial.jpg\" \/>\n\t<meta property=\"og:image:width\" content=\"1920\" \/>\n\t<meta property=\"og:image:height\" content=\"1372\" \/>\n\t<meta property=\"og:image:type\" content=\"image\/jpeg\" \/>\n<meta name=\"twitter:card\" content=\"summary_large_image\" \/>\n<meta name=\"twitter:label1\" content=\"Est. reading time\" \/>\n\t<meta name=\"twitter:data1\" content=\"1 minute\" \/>\n<script type=\"application\/ld+json\" class=\"yoast-schema-graph\">{\"@context\":\"https:\/\/schema.org\",\"@graph\":[{\"@type\":\"WebPage\",\"@id\":\"https:\/\/imperialparfums.com\/fr\/produit\/black-imperial\/\",\"url\":\"https:\/\/imperialparfums.com\/fr\/produit\/black-imperial\/\",\"name\":\"Buy Black Imperial Online at Best Price - Imperial Parfums\",\"isPartOf\":{\"@id\":\"https:\/\/imperialparfums.com\/#website\"},\"primaryImageOfPage\":{\"@id\":\"https:\/\/imperialparfums.com\/fr\/produit\/black-imperial\/#primaryimage\"},\"image\":{\"@id\":\"https:\/\/imperialparfums.com\/fr\/produit\/black-imperial\/#primaryimage\"},\"thumbnailUrl\":\"https:\/\/imperialparfums.com\/wp-content\/uploads\/2021\/08\/Black-Imperial.jpg\",\"datePublished\":\"2021-08-31T10:57:25+00:00\",\"dateModified\":\"2026-02-19T03:08:12+00:00\",\"description\":\"Discover the allure of BLACK IMPERIAL by Imperial Parfums. Shop now for captivating scents that evoke sophistication and elegance. Order now !\",\"breadcrumb\":{\"@id\":\"https:\/\/imperialparfums.com\/fr\/produit\/black-imperial\/#breadcrumb\"},\"inLanguage\":\"fr-FR\",\"potentialAction\":[{\"@type\":\"ReadAction\",\"target\":[\"https:\/\/imperialparfums.com\/fr\/produit\/black-imperial\/\"]}]},{\"@type\":\"ImageObject\",\"inLanguage\":\"fr-FR\",\"@id\":\"https:\/\/imperialparfums.com\/fr\/produit\/black-imperial\/#primaryimage\",\"url\":\"https:\/\/imperialparfums.com\/wp-content\/uploads\/2021\/08\/Black-Imperial.jpg\",\"contentUrl\":\"https:\/\/imperialparfums.com\/wp-content\/uploads\/2021\/08\/Black-Imperial.jpg\",\"width\":1920,\"height\":1372},{\"@type\":\"BreadcrumbList\",\"@id\":\"https:\/\/imperialparfums.com\/fr\/produit\/black-imperial\/#breadcrumb\",\"itemListElement\":[{\"@type\":\"ListItem\",\"position\":1,\"name\":\"Home\",\"item\":\"https:\/\/imperialparfums.com\/fr\/\"},{\"@type\":\"ListItem\",\"position\":2,\"name\":\"Shop\",\"item\":\"https:\/\/imperialparfums.com\/en\/shop\/\"},{\"@type\":\"ListItem\",\"position\":3,\"name\":\"BLACK IMPERIAL\"}]},{\"@type\":\"WebSite\",\"@id\":\"https:\/\/imperialparfums.com\/#website\",\"url\":\"https:\/\/imperialparfums.com\/\",\"name\":\"Imperial Parfums\",\"description\":\"\",\"publisher\":{\"@id\":\"https:\/\/imperialparfums.com\/#organization\"},\"potentialAction\":[{\"@type\":\"SearchAction\",\"target\":{\"@type\":\"EntryPoint\",\"urlTemplate\":\"https:\/\/imperialparfums.com\/?s={search_term_string}\"},\"query-input\":{\"@type\":\"PropertyValueSpecification\",\"valueRequired\":true,\"valueName\":\"search_term_string\"}}],\"inLanguage\":\"fr-FR\"},{\"@type\":\"Organization\",\"@id\":\"https:\/\/imperialparfums.com\/#organization\",\"name\":\"Imperial Parfums\",\"url\":\"https:\/\/imperialparfums.com\/\",\"logo\":{\"@type\":\"ImageObject\",\"inLanguage\":\"fr-FR\",\"@id\":\"https:\/\/imperialparfums.com\/#\/schema\/logo\/image\/\",\"url\":\"https:\/\/imperialparfums.com\/wp-content\/uploads\/2021\/09\/logo-black-small.png\",\"contentUrl\":\"https:\/\/imperialparfums.com\/wp-content\/uploads\/2021\/09\/logo-black-small.png\",\"width\":250,\"height\":36,\"caption\":\"Imperial Parfums\"},\"image\":{\"@id\":\"https:\/\/imperialparfums.com\/#\/schema\/logo\/image\/\"}}]}<\/script>\n<!-- \/ Yoast SEO plugin. -->","yoast_head_json":{"title":"Buy Black Imperial Online at Best Price - Imperial Parfums","description":"Discover the allure of BLACK IMPERIAL by Imperial Parfums. Shop now for captivating scents that evoke sophistication and elegance. Order now !","robots":{"index":"index","follow":"follow","max-snippet":"max-snippet:-1","max-image-preview":"max-image-preview:large","max-video-preview":"max-video-preview:-1"},"canonical":"https:\/\/imperialparfums.com\/fr\/produit\/black-imperial\/","og_locale":"fr_FR","og_type":"article","og_title":"Buy Black Imperial Online at Best Price - Imperial Parfums","og_description":"Discover the allure of BLACK IMPERIAL by Imperial Parfums. Shop now for captivating scents that evoke sophistication and elegance. Order now !","og_url":"https:\/\/imperialparfums.com\/fr\/produit\/black-imperial\/","og_site_name":"Imperial Parfums","article_modified_time":"2026-02-19T03:08:12+00:00","og_image":[{"width":1920,"height":1372,"url":"https:\/\/imperialparfums.com\/wp-content\/uploads\/2021\/08\/Black-Imperial.jpg","type":"image\/jpeg"}],"twitter_card":"summary_large_image","twitter_misc":{"Est. reading time":"1 minute"},"schema":{"@context":"https:\/\/schema.org","@graph":[{"@type":"WebPage","@id":"https:\/\/imperialparfums.com\/fr\/produit\/black-imperial\/","url":"https:\/\/imperialparfums.com\/fr\/produit\/black-imperial\/","name":"Buy Black Imperial Online at Best Price - Imperial Parfums","isPartOf":{"@id":"https:\/\/imperialparfums.com\/#website"},"primaryImageOfPage":{"@id":"https:\/\/imperialparfums.com\/fr\/produit\/black-imperial\/#primaryimage"},"image":{"@id":"https:\/\/imperialparfums.com\/fr\/produit\/black-imperial\/#primaryimage"},"thumbnailUrl":"https:\/\/imperialparfums.com\/wp-content\/uploads\/2021\/08\/Black-Imperial.jpg","datePublished":"2021-08-31T10:57:25+00:00","dateModified":"2026-02-19T03:08:12+00:00","description":"Discover the allure of BLACK IMPERIAL by Imperial Parfums. Shop now for captivating scents that evoke sophistication and elegance. Order now !","breadcrumb":{"@id":"https:\/\/imperialparfums.com\/fr\/produit\/black-imperial\/#breadcrumb"},"inLanguage":"fr-FR","potentialAction":[{"@type":"ReadAction","target":["https:\/\/imperialparfums.com\/fr\/produit\/black-imperial\/"]}]},{"@type":"ImageObject","inLanguage":"fr-FR","@id":"https:\/\/imperialparfums.com\/fr\/produit\/black-imperial\/#primaryimage","url":"https:\/\/imperialparfums.com\/wp-content\/uploads\/2021\/08\/Black-Imperial.jpg","contentUrl":"https:\/\/imperialparfums.com\/wp-content\/uploads\/2021\/08\/Black-Imperial.jpg","width":1920,"height":1372},{"@type":"BreadcrumbList","@id":"https:\/\/imperialparfums.com\/fr\/produit\/black-imperial\/#breadcrumb","itemListElement":[{"@type":"ListItem","position":1,"name":"Home","item":"https:\/\/imperialparfums.com\/fr\/"},{"@type":"ListItem","position":2,"name":"Shop","item":"https:\/\/imperialparfums.com\/en\/shop\/"},{"@type":"ListItem","position":3,"name":"BLACK IMPERIAL"}]},{"@type":"WebSite","@id":"https:\/\/imperialparfums.com\/#website","url":"https:\/\/imperialparfums.com\/","name":"Imperial Parfums","description":"","publisher":{"@id":"https:\/\/imperialparfums.com\/#organization"},"potentialAction":[{"@type":"SearchAction","target":{"@type":"EntryPoint","urlTemplate":"https:\/\/imperialparfums.com\/?s={search_term_string}"},"query-input":{"@type":"PropertyValueSpecification","valueRequired":true,"valueName":"search_term_string"}}],"inLanguage":"fr-FR"},{"@type":"Organization","@id":"https:\/\/imperialparfums.com\/#organization","name":"Imperial Parfums","url":"https:\/\/imperialparfums.com\/","logo":{"@type":"ImageObject","inLanguage":"fr-FR","@id":"https:\/\/imperialparfums.com\/#\/schema\/logo\/image\/","url":"https:\/\/imperialparfums.com\/wp-content\/uploads\/2021\/09\/logo-black-small.png","contentUrl":"https:\/\/imperialparfums.com\/wp-content\/uploads\/2021\/09\/logo-black-small.png","width":250,"height":36,"caption":"Imperial Parfums"},"image":{"@id":"https:\/\/imperialparfums.com\/#\/schema\/logo\/image\/"}}]}},"jetpack_sharing_enabled":true,"_links":{"self":[{"href":"https:\/\/imperialparfums.com\/fr\/wp-json\/wp\/v2\/product\/2649","targetHints":{"allow":["GET"]}}],"collection":[{"href":"https:\/\/imperialparfums.com\/fr\/wp-json\/wp\/v2\/product"}],"about":[{"href":"https:\/\/imperialparfums.com\/fr\/wp-json\/wp\/v2\/types\/product"}],"wp:featuredmedia":[{"embeddable":true,"href":"https:\/\/imperialparfums.com\/fr\/wp-json\/wp\/v2\/media\/4204"}],"wp:attachment":[{"href":"https:\/\/imperialparfums.com\/fr\/wp-json\/wp\/v2\/media?parent=2649"}],"wp:term":[{"taxonomy":"product_brand","embeddable":true,"href":"https:\/\/imperialparfums.com\/fr\/wp-json\/wp\/v2\/product_brand?post=2649"},{"taxonomy":"product_cat","embeddable":true,"href":"https:\/\/imperialparfums.com\/fr\/wp-json\/wp\/v2\/product_cat?post=2649"},{"taxonomy":"product_tag","embeddable":true,"href":"https:\/\/imperialparfums.com\/fr\/wp-json\/wp\/v2\/product_tag?post=2649"}],"curies":[{"name":"wp","href":"https:\/\/api.w.org\/{rel}","templated":true}]}}