{"id":3402,"date":"2022-06-21T08:20:13","date_gmt":"2022-06-21T07:20:13","guid":{"rendered":"https:\/\/imperialparfums.com\/?post_type=product&#038;p=3402"},"modified":"2025-11-20T04:24:05","modified_gmt":"2025-11-20T04:24:05","slug":"coffret-prestige","status":"publish","type":"product","link":"https:\/\/imperialparfums.com\/fr\/produit\/coffret-prestige\/","title":{"rendered":"COFFRET PRESTIGE"},"content":{"rendered":"<p>Imperial Parfums pr\u00e9sente sa collection exclusive dans un somptueux coffret en bois d&rsquo;acajou laqu\u00e9 noir et tissu Alcantara. Cette s\u00e9lection de 8 fragrances exquises offre une palette de cr\u00e9ations olfactives, \u00e0 d\u00e9couvrir et \u00e0 porter au gr\u00e9 de vos envies.<\/p>\n<p>Ce Coffret contient<\/p>\n<p>Blue Diamond \u2013 100 ML<br \/>\nBlack Imperial \u2013 100 ML<br \/>\nOudh Imperial \u2013 100 ML<br \/>\nNil Imperial \u2013 100 ML<br \/>\nSweet Serenade \u2013 100 ML<br \/>\nRubis Imperial \u2013 100 ML<br \/>\nAdam \u2013 100 ML<br \/>\nIlyan \u2013 100 ML<\/p>\n","protected":false},"excerpt":{"rendered":"<p>Imperial Parfums pr\u00e9sente sa collection exclusive dans un somptueux coffret en bois d&rsquo;acajou laqu\u00e9 noir et tissu Alcantara. Cette s\u00e9lection de 8 fragrances exquises offre une palette de cr\u00e9ations olfactives,&hellip;<\/p>\n","protected":false},"featured_media":4539,"template":"","meta":[],"product_brand":[],"product_cat":[88],"product_tag":[],"class_list":{"0":"post-3402","1":"product","2":"type-product","3":"status-publish","4":"has-post-thumbnail","6":"product_cat-gift-box-fr","8":"first","9":"instock","10":"taxable","11":"shipping-taxable","12":"purchasable","13":"product-type-simple","15":"col-md-4 col-sm-4 col-xs-6","16":"col-md-4 col-sm-4 col-xs-12","17":"col-lg-4","18":"product-style-default"},"yoast_head":"<!-- This site is optimized with the Yoast SEO plugin v27.0 - https:\/\/yoast.com\/product\/yoast-seo-wordpress\/ -->\n<title>Luxury Perfume Box | Gift Box Perfume | Box Perfume - Imperial Parfums<\/title>\n<meta name=\"description\" content=\"Get the best luxury perfume box online from Imperial Parfums. Our perfume gift boxes are the perfect present to give your loved ones.\" \/>\n<meta name=\"robots\" content=\"index, follow, max-snippet:-1, max-image-preview:large, max-video-preview:-1\" \/>\n<link rel=\"canonical\" href=\"https:\/\/imperialparfums.com\/fr\/produit\/coffret-prestige\/\" \/>\n<meta property=\"og:locale\" content=\"fr_FR\" \/>\n<meta property=\"og:type\" content=\"article\" \/>\n<meta property=\"og:title\" content=\"Luxury Perfume Box | Gift Box Perfume | Box Perfume - Imperial Parfums\" \/>\n<meta property=\"og:description\" content=\"Get the best luxury perfume box online from Imperial Parfums. Our perfume gift boxes are the perfect present to give your loved ones.\" \/>\n<meta property=\"og:url\" content=\"https:\/\/imperialparfums.com\/fr\/produit\/coffret-prestige\/\" \/>\n<meta property=\"og:site_name\" content=\"Imperial Parfums\" \/>\n<meta property=\"article:modified_time\" content=\"2025-11-20T04:24:05+00:00\" \/>\n<meta property=\"og:image\" content=\"https:\/\/imperialparfums.com\/wp-content\/uploads\/2022\/06\/Display-Box-2k26.jpg\" \/>\n\t<meta property=\"og:image:width\" content=\"1920\" \/>\n\t<meta property=\"og:image:height\" content=\"1800\" \/>\n\t<meta property=\"og:image:type\" content=\"image\/jpeg\" \/>\n<meta name=\"twitter:card\" content=\"summary_large_image\" \/>\n<meta name=\"twitter:label1\" content=\"Est. reading time\" \/>\n\t<meta name=\"twitter:data1\" content=\"1 minute\" \/>\n<script type=\"application\/ld+json\" class=\"yoast-schema-graph\">{\"@context\":\"https:\/\/schema.org\",\"@graph\":[{\"@type\":\"WebPage\",\"@id\":\"https:\/\/imperialparfums.com\/fr\/produit\/coffret-prestige\/\",\"url\":\"https:\/\/imperialparfums.com\/fr\/produit\/coffret-prestige\/\",\"name\":\"Luxury Perfume Box | Gift Box Perfume | Box Perfume - Imperial Parfums\",\"isPartOf\":{\"@id\":\"https:\/\/imperialparfums.com\/#website\"},\"primaryImageOfPage\":{\"@id\":\"https:\/\/imperialparfums.com\/fr\/produit\/coffret-prestige\/#primaryimage\"},\"image\":{\"@id\":\"https:\/\/imperialparfums.com\/fr\/produit\/coffret-prestige\/#primaryimage\"},\"thumbnailUrl\":\"https:\/\/imperialparfums.com\/wp-content\/uploads\/2022\/06\/Display-Box-2k26.jpg\",\"datePublished\":\"2022-06-21T07:20:13+00:00\",\"dateModified\":\"2025-11-20T04:24:05+00:00\",\"description\":\"Get the best luxury perfume box online from Imperial Parfums. Our perfume gift boxes are the perfect present to give your loved ones.\",\"breadcrumb\":{\"@id\":\"https:\/\/imperialparfums.com\/fr\/produit\/coffret-prestige\/#breadcrumb\"},\"inLanguage\":\"fr-FR\",\"potentialAction\":[{\"@type\":\"ReadAction\",\"target\":[\"https:\/\/imperialparfums.com\/fr\/produit\/coffret-prestige\/\"]}]},{\"@type\":\"ImageObject\",\"inLanguage\":\"fr-FR\",\"@id\":\"https:\/\/imperialparfums.com\/fr\/produit\/coffret-prestige\/#primaryimage\",\"url\":\"https:\/\/imperialparfums.com\/wp-content\/uploads\/2022\/06\/Display-Box-2k26.jpg\",\"contentUrl\":\"https:\/\/imperialparfums.com\/wp-content\/uploads\/2022\/06\/Display-Box-2k26.jpg\",\"width\":1920,\"height\":1800},{\"@type\":\"BreadcrumbList\",\"@id\":\"https:\/\/imperialparfums.com\/fr\/produit\/coffret-prestige\/#breadcrumb\",\"itemListElement\":[{\"@type\":\"ListItem\",\"position\":1,\"name\":\"Home\",\"item\":\"https:\/\/imperialparfums.com\/fr\/\"},{\"@type\":\"ListItem\",\"position\":2,\"name\":\"Shop\",\"item\":\"https:\/\/imperialparfums.com\/en\/shop\/\"},{\"@type\":\"ListItem\",\"position\":3,\"name\":\"COFFRET PRESTIGE\"}]},{\"@type\":\"WebSite\",\"@id\":\"https:\/\/imperialparfums.com\/#website\",\"url\":\"https:\/\/imperialparfums.com\/\",\"name\":\"Imperial Parfums\",\"description\":\"\",\"publisher\":{\"@id\":\"https:\/\/imperialparfums.com\/#organization\"},\"potentialAction\":[{\"@type\":\"SearchAction\",\"target\":{\"@type\":\"EntryPoint\",\"urlTemplate\":\"https:\/\/imperialparfums.com\/?s={search_term_string}\"},\"query-input\":{\"@type\":\"PropertyValueSpecification\",\"valueRequired\":true,\"valueName\":\"search_term_string\"}}],\"inLanguage\":\"fr-FR\"},{\"@type\":\"Organization\",\"@id\":\"https:\/\/imperialparfums.com\/#organization\",\"name\":\"Imperial Parfums\",\"url\":\"https:\/\/imperialparfums.com\/\",\"logo\":{\"@type\":\"ImageObject\",\"inLanguage\":\"fr-FR\",\"@id\":\"https:\/\/imperialparfums.com\/#\/schema\/logo\/image\/\",\"url\":\"https:\/\/imperialparfums.com\/wp-content\/uploads\/2021\/09\/logo-black-small.png\",\"contentUrl\":\"https:\/\/imperialparfums.com\/wp-content\/uploads\/2021\/09\/logo-black-small.png\",\"width\":250,\"height\":36,\"caption\":\"Imperial Parfums\"},\"image\":{\"@id\":\"https:\/\/imperialparfums.com\/#\/schema\/logo\/image\/\"}}]}<\/script>\n<!-- \/ Yoast SEO plugin. -->","yoast_head_json":{"title":"Luxury Perfume Box | Gift Box Perfume | Box Perfume - Imperial Parfums","description":"Get the best luxury perfume box online from Imperial Parfums. Our perfume gift boxes are the perfect present to give your loved ones.","robots":{"index":"index","follow":"follow","max-snippet":"max-snippet:-1","max-image-preview":"max-image-preview:large","max-video-preview":"max-video-preview:-1"},"canonical":"https:\/\/imperialparfums.com\/fr\/produit\/coffret-prestige\/","og_locale":"fr_FR","og_type":"article","og_title":"Luxury Perfume Box | Gift Box Perfume | Box Perfume - Imperial Parfums","og_description":"Get the best luxury perfume box online from Imperial Parfums. Our perfume gift boxes are the perfect present to give your loved ones.","og_url":"https:\/\/imperialparfums.com\/fr\/produit\/coffret-prestige\/","og_site_name":"Imperial Parfums","article_modified_time":"2025-11-20T04:24:05+00:00","og_image":[{"width":1920,"height":1800,"url":"https:\/\/imperialparfums.com\/wp-content\/uploads\/2022\/06\/Display-Box-2k26.jpg","type":"image\/jpeg"}],"twitter_card":"summary_large_image","twitter_misc":{"Est. reading time":"1 minute"},"schema":{"@context":"https:\/\/schema.org","@graph":[{"@type":"WebPage","@id":"https:\/\/imperialparfums.com\/fr\/produit\/coffret-prestige\/","url":"https:\/\/imperialparfums.com\/fr\/produit\/coffret-prestige\/","name":"Luxury Perfume Box | Gift Box Perfume | Box Perfume - Imperial Parfums","isPartOf":{"@id":"https:\/\/imperialparfums.com\/#website"},"primaryImageOfPage":{"@id":"https:\/\/imperialparfums.com\/fr\/produit\/coffret-prestige\/#primaryimage"},"image":{"@id":"https:\/\/imperialparfums.com\/fr\/produit\/coffret-prestige\/#primaryimage"},"thumbnailUrl":"https:\/\/imperialparfums.com\/wp-content\/uploads\/2022\/06\/Display-Box-2k26.jpg","datePublished":"2022-06-21T07:20:13+00:00","dateModified":"2025-11-20T04:24:05+00:00","description":"Get the best luxury perfume box online from Imperial Parfums. Our perfume gift boxes are the perfect present to give your loved ones.","breadcrumb":{"@id":"https:\/\/imperialparfums.com\/fr\/produit\/coffret-prestige\/#breadcrumb"},"inLanguage":"fr-FR","potentialAction":[{"@type":"ReadAction","target":["https:\/\/imperialparfums.com\/fr\/produit\/coffret-prestige\/"]}]},{"@type":"ImageObject","inLanguage":"fr-FR","@id":"https:\/\/imperialparfums.com\/fr\/produit\/coffret-prestige\/#primaryimage","url":"https:\/\/imperialparfums.com\/wp-content\/uploads\/2022\/06\/Display-Box-2k26.jpg","contentUrl":"https:\/\/imperialparfums.com\/wp-content\/uploads\/2022\/06\/Display-Box-2k26.jpg","width":1920,"height":1800},{"@type":"BreadcrumbList","@id":"https:\/\/imperialparfums.com\/fr\/produit\/coffret-prestige\/#breadcrumb","itemListElement":[{"@type":"ListItem","position":1,"name":"Home","item":"https:\/\/imperialparfums.com\/fr\/"},{"@type":"ListItem","position":2,"name":"Shop","item":"https:\/\/imperialparfums.com\/en\/shop\/"},{"@type":"ListItem","position":3,"name":"COFFRET PRESTIGE"}]},{"@type":"WebSite","@id":"https:\/\/imperialparfums.com\/#website","url":"https:\/\/imperialparfums.com\/","name":"Imperial Parfums","description":"","publisher":{"@id":"https:\/\/imperialparfums.com\/#organization"},"potentialAction":[{"@type":"SearchAction","target":{"@type":"EntryPoint","urlTemplate":"https:\/\/imperialparfums.com\/?s={search_term_string}"},"query-input":{"@type":"PropertyValueSpecification","valueRequired":true,"valueName":"search_term_string"}}],"inLanguage":"fr-FR"},{"@type":"Organization","@id":"https:\/\/imperialparfums.com\/#organization","name":"Imperial Parfums","url":"https:\/\/imperialparfums.com\/","logo":{"@type":"ImageObject","inLanguage":"fr-FR","@id":"https:\/\/imperialparfums.com\/#\/schema\/logo\/image\/","url":"https:\/\/imperialparfums.com\/wp-content\/uploads\/2021\/09\/logo-black-small.png","contentUrl":"https:\/\/imperialparfums.com\/wp-content\/uploads\/2021\/09\/logo-black-small.png","width":250,"height":36,"caption":"Imperial Parfums"},"image":{"@id":"https:\/\/imperialparfums.com\/#\/schema\/logo\/image\/"}}]}},"jetpack_sharing_enabled":true,"_links":{"self":[{"href":"https:\/\/imperialparfums.com\/fr\/wp-json\/wp\/v2\/product\/3402","targetHints":{"allow":["GET"]}}],"collection":[{"href":"https:\/\/imperialparfums.com\/fr\/wp-json\/wp\/v2\/product"}],"about":[{"href":"https:\/\/imperialparfums.com\/fr\/wp-json\/wp\/v2\/types\/product"}],"wp:featuredmedia":[{"embeddable":true,"href":"https:\/\/imperialparfums.com\/fr\/wp-json\/wp\/v2\/media\/4539"}],"wp:attachment":[{"href":"https:\/\/imperialparfums.com\/fr\/wp-json\/wp\/v2\/media?parent=3402"}],"wp:term":[{"taxonomy":"product_brand","embeddable":true,"href":"https:\/\/imperialparfums.com\/fr\/wp-json\/wp\/v2\/product_brand?post=3402"},{"taxonomy":"product_cat","embeddable":true,"href":"https:\/\/imperialparfums.com\/fr\/wp-json\/wp\/v2\/product_cat?post=3402"},{"taxonomy":"product_tag","embeddable":true,"href":"https:\/\/imperialparfums.com\/fr\/wp-json\/wp\/v2\/product_tag?post=3402"}],"curies":[{"name":"wp","href":"https:\/\/api.w.org\/{rel}","templated":true}]}}