{"id":3508,"date":"2022-09-26T13:07:14","date_gmt":"2022-09-26T12:07:14","guid":{"rendered":"https:\/\/imperialparfums.com\/?post_type=product&#038;p=3508"},"modified":"2026-02-19T03:02:24","modified_gmt":"2026-02-19T03:02:24","slug":"ilyan","status":"publish","type":"product","link":"https:\/\/imperialparfums.com\/fr\/produit\/ilyan\/","title":{"rendered":"ILYAN"},"content":{"rendered":"<p>Dans le doux silence d\u2019une nuit orientale, o\u00f9 les palais de pierre gardent leurs secrets et o\u00f9 l\u2019air lui-m\u00eame semble dor\u00e9, Ilyan s\u2019ouvre comme un hommage royal. Le caramel se fond dans la vanille opulente, lente, d\u00e9lib\u00e9r\u00e9e telle une douceur pr\u00e9cieuse servie en silence, pour honorer une pr\u00e9sence qui se suffit \u00e0 elle-m\u00eame.<\/p>\n<p>Puis le parfum se m\u00e9tamorphose, et l\u2019histoire s\u2019approfondit. Le santal s\u2019\u00e9l\u00e8ve avec l\u2019autorit\u00e9 sereine des portes sculpt\u00e9es et des poutres antiques, polies par le temps, r\u00e9chauff\u00e9es par le soleil. Au c\u0153ur, une b\u00e9n\u00e9diction d\u00e9licate appara\u00eet, l\u2019eau de rose pure et lumineuse effleurant la peau comme un geste rituel. Le jasmin suit, doux et persistant, comme venu d\u2019un jardin int\u00e9rieur dissimul\u00e9 derri\u00e8re de hauts murs ; ici, rien n\u2019est ostentatoire, tout est intention.<\/p>\n<p>Et lorsque la nuit r\u00e9v\u00e8le sa v\u00e9ritable couleur, la vanille de Madagascar et l\u2019ambre ancrent le sillage terre et or, ombre et chaleur laissant une signature gourmande, sensuelle, \u00e0 la fois intime et imp\u00e9riale. Ilyan ne se porte pas simplement ; on y p\u00e9n\u00e8tre comme dans un palais, comme dans un souvenir, comme dans une promesse.<\/p>\n<p><strong>Notes de T\u00eate<\/strong><br \/>\nCaramel Intense, Raisin<\/p>\n<p><strong>Notes de C\u0153ur<\/strong><br \/>\nRose de Bulgarie, Jasmin<\/p>\n<p><strong>Notes de Fond<\/strong><br \/>\nAbsolu de vanille de Madagascar, Oud d\u2019Agar, Bois de Santal d\u2019Inde, Ambre, Musc Blanc<\/p>\n","protected":false},"excerpt":{"rendered":"<p>Dans le doux silence d\u2019une nuit orientale, o\u00f9 les palais de pierre gardent leurs secrets et o\u00f9 l\u2019air lui-m\u00eame semble dor\u00e9, Ilyan s\u2019ouvre comme un hommage royal. Le caramel se&hellip;<\/p>\n","protected":false},"featured_media":4295,"template":"","meta":[],"product_brand":[],"product_cat":[48],"product_tag":[],"class_list":{"0":"post-3508","1":"product","2":"type-product","3":"status-publish","4":"has-post-thumbnail","6":"product_cat-fragrances","8":"first","9":"instock","10":"taxable","11":"shipping-taxable","12":"purchasable","13":"product-type-simple","15":"col-md-4 col-sm-4 col-xs-6","16":"col-md-4 col-sm-4 col-xs-12","17":"col-lg-4","18":"product-has-gallery","19":"product-style-default"},"yoast_head":"<!-- This site is optimized with the Yoast SEO plugin v27.0 - https:\/\/yoast.com\/product\/yoast-seo-wordpress\/ -->\n<title>ILYAN - Imperial Parfums<\/title>\n<meta name=\"robots\" content=\"index, follow, max-snippet:-1, max-image-preview:large, max-video-preview:-1\" \/>\n<link rel=\"canonical\" href=\"https:\/\/imperialparfums.com\/fr\/produit\/ilyan\/\" \/>\n<meta property=\"og:locale\" content=\"fr_FR\" \/>\n<meta property=\"og:type\" content=\"article\" \/>\n<meta property=\"og:title\" content=\"ILYAN - Imperial Parfums\" \/>\n<meta property=\"og:description\" content=\"Dans le doux silence d\u2019une nuit orientale, o\u00f9 les palais de pierre gardent leurs secrets et o\u00f9 l\u2019air lui-m\u00eame semble dor\u00e9, Ilyan s\u2019ouvre comme un hommage royal. Le caramel se&hellip;\" \/>\n<meta property=\"og:url\" content=\"https:\/\/imperialparfums.com\/fr\/produit\/ilyan\/\" \/>\n<meta property=\"og:site_name\" content=\"Imperial Parfums\" \/>\n<meta property=\"article:modified_time\" content=\"2026-02-19T03:02:24+00:00\" \/>\n<meta property=\"og:image\" content=\"https:\/\/imperialparfums.com\/wp-content\/uploads\/2022\/09\/Germ-Ilyan-1920.png\" \/>\n\t<meta property=\"og:image:width\" content=\"639\" \/>\n\t<meta property=\"og:image:height\" content=\"960\" \/>\n\t<meta property=\"og:image:type\" content=\"image\/png\" \/>\n<meta name=\"twitter:card\" content=\"summary_large_image\" \/>\n<meta name=\"twitter:label1\" content=\"Est. reading time\" \/>\n\t<meta name=\"twitter:data1\" content=\"1 minute\" \/>\n<script type=\"application\/ld+json\" class=\"yoast-schema-graph\">{\"@context\":\"https:\/\/schema.org\",\"@graph\":[{\"@type\":\"WebPage\",\"@id\":\"https:\/\/imperialparfums.com\/fr\/produit\/ilyan\/\",\"url\":\"https:\/\/imperialparfums.com\/fr\/produit\/ilyan\/\",\"name\":\"ILYAN - Imperial Parfums\",\"isPartOf\":{\"@id\":\"https:\/\/imperialparfums.com\/#website\"},\"primaryImageOfPage\":{\"@id\":\"https:\/\/imperialparfums.com\/fr\/produit\/ilyan\/#primaryimage\"},\"image\":{\"@id\":\"https:\/\/imperialparfums.com\/fr\/produit\/ilyan\/#primaryimage\"},\"thumbnailUrl\":\"https:\/\/imperialparfums.com\/wp-content\/uploads\/2022\/09\/Germ-Ilyan-1920.png\",\"datePublished\":\"2022-09-26T12:07:14+00:00\",\"dateModified\":\"2026-02-19T03:02:24+00:00\",\"breadcrumb\":{\"@id\":\"https:\/\/imperialparfums.com\/fr\/produit\/ilyan\/#breadcrumb\"},\"inLanguage\":\"fr-FR\",\"potentialAction\":[{\"@type\":\"ReadAction\",\"target\":[\"https:\/\/imperialparfums.com\/fr\/produit\/ilyan\/\"]}]},{\"@type\":\"ImageObject\",\"inLanguage\":\"fr-FR\",\"@id\":\"https:\/\/imperialparfums.com\/fr\/produit\/ilyan\/#primaryimage\",\"url\":\"https:\/\/imperialparfums.com\/wp-content\/uploads\/2022\/09\/Germ-Ilyan-1920.png\",\"contentUrl\":\"https:\/\/imperialparfums.com\/wp-content\/uploads\/2022\/09\/Germ-Ilyan-1920.png\",\"width\":639,\"height\":960},{\"@type\":\"BreadcrumbList\",\"@id\":\"https:\/\/imperialparfums.com\/fr\/produit\/ilyan\/#breadcrumb\",\"itemListElement\":[{\"@type\":\"ListItem\",\"position\":1,\"name\":\"Home\",\"item\":\"https:\/\/imperialparfums.com\/fr\/\"},{\"@type\":\"ListItem\",\"position\":2,\"name\":\"Shop\",\"item\":\"https:\/\/imperialparfums.com\/en\/shop\/\"},{\"@type\":\"ListItem\",\"position\":3,\"name\":\"ILYAN\"}]},{\"@type\":\"WebSite\",\"@id\":\"https:\/\/imperialparfums.com\/#website\",\"url\":\"https:\/\/imperialparfums.com\/\",\"name\":\"Imperial Parfums\",\"description\":\"\",\"publisher\":{\"@id\":\"https:\/\/imperialparfums.com\/#organization\"},\"potentialAction\":[{\"@type\":\"SearchAction\",\"target\":{\"@type\":\"EntryPoint\",\"urlTemplate\":\"https:\/\/imperialparfums.com\/?s={search_term_string}\"},\"query-input\":{\"@type\":\"PropertyValueSpecification\",\"valueRequired\":true,\"valueName\":\"search_term_string\"}}],\"inLanguage\":\"fr-FR\"},{\"@type\":\"Organization\",\"@id\":\"https:\/\/imperialparfums.com\/#organization\",\"name\":\"Imperial Parfums\",\"url\":\"https:\/\/imperialparfums.com\/\",\"logo\":{\"@type\":\"ImageObject\",\"inLanguage\":\"fr-FR\",\"@id\":\"https:\/\/imperialparfums.com\/#\/schema\/logo\/image\/\",\"url\":\"https:\/\/imperialparfums.com\/wp-content\/uploads\/2021\/09\/logo-black-small.png\",\"contentUrl\":\"https:\/\/imperialparfums.com\/wp-content\/uploads\/2021\/09\/logo-black-small.png\",\"width\":250,\"height\":36,\"caption\":\"Imperial Parfums\"},\"image\":{\"@id\":\"https:\/\/imperialparfums.com\/#\/schema\/logo\/image\/\"}}]}<\/script>\n<!-- \/ Yoast SEO plugin. -->","yoast_head_json":{"title":"ILYAN - Imperial Parfums","robots":{"index":"index","follow":"follow","max-snippet":"max-snippet:-1","max-image-preview":"max-image-preview:large","max-video-preview":"max-video-preview:-1"},"canonical":"https:\/\/imperialparfums.com\/fr\/produit\/ilyan\/","og_locale":"fr_FR","og_type":"article","og_title":"ILYAN - Imperial Parfums","og_description":"Dans le doux silence d\u2019une nuit orientale, o\u00f9 les palais de pierre gardent leurs secrets et o\u00f9 l\u2019air lui-m\u00eame semble dor\u00e9, Ilyan s\u2019ouvre comme un hommage royal. Le caramel se&hellip;","og_url":"https:\/\/imperialparfums.com\/fr\/produit\/ilyan\/","og_site_name":"Imperial Parfums","article_modified_time":"2026-02-19T03:02:24+00:00","og_image":[{"width":639,"height":960,"url":"https:\/\/imperialparfums.com\/wp-content\/uploads\/2022\/09\/Germ-Ilyan-1920.png","type":"image\/png"}],"twitter_card":"summary_large_image","twitter_misc":{"Est. reading time":"1 minute"},"schema":{"@context":"https:\/\/schema.org","@graph":[{"@type":"WebPage","@id":"https:\/\/imperialparfums.com\/fr\/produit\/ilyan\/","url":"https:\/\/imperialparfums.com\/fr\/produit\/ilyan\/","name":"ILYAN - Imperial Parfums","isPartOf":{"@id":"https:\/\/imperialparfums.com\/#website"},"primaryImageOfPage":{"@id":"https:\/\/imperialparfums.com\/fr\/produit\/ilyan\/#primaryimage"},"image":{"@id":"https:\/\/imperialparfums.com\/fr\/produit\/ilyan\/#primaryimage"},"thumbnailUrl":"https:\/\/imperialparfums.com\/wp-content\/uploads\/2022\/09\/Germ-Ilyan-1920.png","datePublished":"2022-09-26T12:07:14+00:00","dateModified":"2026-02-19T03:02:24+00:00","breadcrumb":{"@id":"https:\/\/imperialparfums.com\/fr\/produit\/ilyan\/#breadcrumb"},"inLanguage":"fr-FR","potentialAction":[{"@type":"ReadAction","target":["https:\/\/imperialparfums.com\/fr\/produit\/ilyan\/"]}]},{"@type":"ImageObject","inLanguage":"fr-FR","@id":"https:\/\/imperialparfums.com\/fr\/produit\/ilyan\/#primaryimage","url":"https:\/\/imperialparfums.com\/wp-content\/uploads\/2022\/09\/Germ-Ilyan-1920.png","contentUrl":"https:\/\/imperialparfums.com\/wp-content\/uploads\/2022\/09\/Germ-Ilyan-1920.png","width":639,"height":960},{"@type":"BreadcrumbList","@id":"https:\/\/imperialparfums.com\/fr\/produit\/ilyan\/#breadcrumb","itemListElement":[{"@type":"ListItem","position":1,"name":"Home","item":"https:\/\/imperialparfums.com\/fr\/"},{"@type":"ListItem","position":2,"name":"Shop","item":"https:\/\/imperialparfums.com\/en\/shop\/"},{"@type":"ListItem","position":3,"name":"ILYAN"}]},{"@type":"WebSite","@id":"https:\/\/imperialparfums.com\/#website","url":"https:\/\/imperialparfums.com\/","name":"Imperial Parfums","description":"","publisher":{"@id":"https:\/\/imperialparfums.com\/#organization"},"potentialAction":[{"@type":"SearchAction","target":{"@type":"EntryPoint","urlTemplate":"https:\/\/imperialparfums.com\/?s={search_term_string}"},"query-input":{"@type":"PropertyValueSpecification","valueRequired":true,"valueName":"search_term_string"}}],"inLanguage":"fr-FR"},{"@type":"Organization","@id":"https:\/\/imperialparfums.com\/#organization","name":"Imperial Parfums","url":"https:\/\/imperialparfums.com\/","logo":{"@type":"ImageObject","inLanguage":"fr-FR","@id":"https:\/\/imperialparfums.com\/#\/schema\/logo\/image\/","url":"https:\/\/imperialparfums.com\/wp-content\/uploads\/2021\/09\/logo-black-small.png","contentUrl":"https:\/\/imperialparfums.com\/wp-content\/uploads\/2021\/09\/logo-black-small.png","width":250,"height":36,"caption":"Imperial Parfums"},"image":{"@id":"https:\/\/imperialparfums.com\/#\/schema\/logo\/image\/"}}]}},"jetpack_sharing_enabled":true,"_links":{"self":[{"href":"https:\/\/imperialparfums.com\/fr\/wp-json\/wp\/v2\/product\/3508","targetHints":{"allow":["GET"]}}],"collection":[{"href":"https:\/\/imperialparfums.com\/fr\/wp-json\/wp\/v2\/product"}],"about":[{"href":"https:\/\/imperialparfums.com\/fr\/wp-json\/wp\/v2\/types\/product"}],"wp:featuredmedia":[{"embeddable":true,"href":"https:\/\/imperialparfums.com\/fr\/wp-json\/wp\/v2\/media\/4295"}],"wp:attachment":[{"href":"https:\/\/imperialparfums.com\/fr\/wp-json\/wp\/v2\/media?parent=3508"}],"wp:term":[{"taxonomy":"product_brand","embeddable":true,"href":"https:\/\/imperialparfums.com\/fr\/wp-json\/wp\/v2\/product_brand?post=3508"},{"taxonomy":"product_cat","embeddable":true,"href":"https:\/\/imperialparfums.com\/fr\/wp-json\/wp\/v2\/product_cat?post=3508"},{"taxonomy":"product_tag","embeddable":true,"href":"https:\/\/imperialparfums.com\/fr\/wp-json\/wp\/v2\/product_tag?post=3508"}],"curies":[{"name":"wp","href":"https:\/\/api.w.org\/{rel}","templated":true}]}}