{"id":3770,"date":"2023-09-12T13:43:51","date_gmt":"2023-09-12T12:43:51","guid":{"rendered":"https:\/\/imperialparfums.com\/?post_type=product&#038;p=3770"},"modified":"2024-05-07T09:28:23","modified_gmt":"2024-05-07T08:28:23","slug":"royal-box-blue-diamond","status":"publish","type":"product","link":"https:\/\/imperialparfums.com\/fr\/produit\/royal-box-blue-diamond\/","title":{"rendered":"ROYAL BOX \u2013 BLUE DIAMOND"},"content":{"rendered":"<p>Laissez vous seduire par l&rsquo;essence de l&rsquo;excellence gr\u00e2ce \u00e0 notre somptueux coffret Royal Box. Compos\u00e9 d&rsquo;un trio harmonieux qui capture parfaitement la quintessence du luxe et du charme intemporel. Cette s\u00e9lection m\u00e9ticuleuse comprend un flacon de 30 ml de notre parfum embl\u00e9matique Blue Diamond, un gel douche somptueux ainsi qu&rsquo;une cr\u00e8me corporelle opulente, tous \u00e9labor\u00e9s pour vous immerger dans un univers de d\u00e9lice raffin\u00e9.<\/p>\n<div>&nbsp;<\/div>\n<p><strong>Fragrance Blue Diamond<\/strong><\/p>\n<p>D\u00e9couvrez un univers d&rsquo;une \u00e9l\u00e9gance absolue en amor\u00e7ant un voyage sensoriel avec le Parfum Blue Diamond. Cette fragrance rayonnante s&rsquo;ouvre sur un eclat lumineux de Mandarine espagnole et de Bergamote, se d\u00e9ployant avec gr\u00e2ce pour d\u00e9voiler l&rsquo;\u00e9treinte d\u00e9licate de la Fleur d&rsquo;Oranger et du doux Jasmin. Le parfum s&rsquo;approfondit alors que la mousse velout\u00e9e et les bois secs tissent une tapisserie d&rsquo;opulence qui persiste, laissant un sillage inoubliable.<\/p>\n<p>Nich\u00e9 au c\u0153ur de cette composition olfactive, le parfum Blue Diamond renferme des ingr\u00e9dients d&rsquo;une raret\u00e9 et d&rsquo;une pr\u00e9ciosit\u00e9 exceptionnelles. Son oud naturel, extrait des enclaves exclusives de l&rsquo;Inde, est un tr\u00e9sor issu des majestueux bois d&rsquo;agar, r\u00e9colt\u00e9 avec une minutie m\u00e9ticuleuse. L&rsquo;Assam Oud, enveloppant vos sens dans une aura somptueuse, tisse une trame o\u00f9 les bois pr\u00e9cieux se m\u00ealent \u00e0 une essence envo\u00fbtante de vanille, atteignant une apog\u00e9e qui se traduit en une symphonie de raffinement, incarnant ainsi l&rsquo;essence m\u00eame de la collection Imp\u00e9rial.<\/p>\n<p>Notes de T\u00eate : Mandarine d&rsquo;Espagne, Fleur d&rsquo;oranger, Bergamote<\/p>\n<p>Notes de C\u0153ur : Rose de Turquie, Jasmin d&rsquo;\u00c9gypte, Patchouli d&rsquo;Indon\u00e9sie, Bois d\u2019Assam<\/p>\n<p>Notes de Fond : Santal d&rsquo;Inde, Bois Sec, Ambre Gris, Vanille sucr\u00e9<\/p>\n<div>&nbsp;<\/div>\n<p><strong>Gel Douche<\/strong><\/p>\n<p>\u00c9levez vos instants de bien-\u00eatre avec le gel douche Blue Diamond. Plongez dans une mousse somptueuse impr\u00e9gn\u00e9e d&rsquo;essences naturelles enchanteresses.<br \/>\nLaissez la d\u00e9licatesse de la fleur de mandarine et la vivacit\u00e9 de la bergamote caresser vos sens, tandis qu&rsquo;un bouquet de rose turque et de jasmin \u00e9gyptien \u00e9voque un luxe in\u00e9gal\u00e9. Inspir\u00e9 par le prestigieux h\u00e9ritage du parfum Blue Diamond, ce gel douche laisse votre peau rafra\u00eechie, revitalis\u00e9e et subtilement parfum\u00e9e.<\/p>\n<div>&nbsp;<\/div>\n<p><strong>Body Cream<\/strong><\/p>\n<p>Offrez \u00e0 votre peau les caresses somptueuses de la Cr\u00e8me Corporelle Blue Diamond. Cette riche lotion hydratante enveloppe votre peau dans un cocon de douceur. D\u00e9licatement sucr\u00e9e et luxueusement nourrissante, la cr\u00e8me corporelle comble votre peau avec les soins qu&rsquo;elle m\u00e9rite, laissant une sensation de r\u00e9hydratation, de toucher irr\u00e9sistiblement doux, le tout sublim\u00e9 d&rsquo;un parfum d&rsquo;une \u00e9l\u00e9gance exquise.<\/p>\n<p>Explorez l&rsquo;incarnation supr\u00eame du luxe et de la sophistication avec le Coffret Royal Box. Un pr\u00e9sent d&rsquo;exception pour charmer vos \u00eatres chers lors de ces moments o\u00f9 l&rsquo;\u00e9l\u00e9gance intemporelle s&rsquo;impose. Offrez-vous l&rsquo;essence m\u00eame de l&rsquo;opulence, incarn\u00e9e par Blue Diamond.<\/p>\n","protected":false},"excerpt":{"rendered":"<p>Laissez vous seduire par l&rsquo;essence de l&rsquo;excellence gr\u00e2ce \u00e0 notre somptueux coffret Royal Box. Compos\u00e9 d&rsquo;un trio harmonieux qui capture parfaitement la quintessence du luxe et du charme intemporel. Cette&hellip;<\/p>\n","protected":false},"featured_media":3773,"template":"","meta":[],"product_brand":[],"product_cat":[88],"product_tag":[],"class_list":{"0":"post-3770","1":"product","2":"type-product","3":"status-publish","4":"has-post-thumbnail","6":"product_cat-gift-box-fr","8":"first","9":"instock","10":"featured","11":"taxable","12":"shipping-taxable","13":"purchasable","14":"product-type-simple","16":"col-md-4 col-sm-4 col-xs-6","17":"col-md-4 col-sm-4 col-xs-12","18":"col-lg-4","19":"product-has-gallery","20":"product-style-default"},"yoast_head":"<!-- This site is optimized with the Yoast SEO plugin v27.0 - https:\/\/yoast.com\/product\/yoast-seo-wordpress\/ -->\n<title>ROYAL BOX \u2013 BLUE DIAMOND - Imperial Parfums<\/title>\n<meta name=\"robots\" content=\"index, follow, max-snippet:-1, max-image-preview:large, max-video-preview:-1\" \/>\n<link rel=\"canonical\" href=\"https:\/\/imperialparfums.com\/fr\/produit\/royal-box-blue-diamond\/\" \/>\n<meta property=\"og:locale\" content=\"fr_FR\" \/>\n<meta property=\"og:type\" content=\"article\" \/>\n<meta property=\"og:title\" content=\"ROYAL BOX \u2013 BLUE DIAMOND - Imperial Parfums\" \/>\n<meta property=\"og:description\" content=\"Laissez vous seduire par l&rsquo;essence de l&rsquo;excellence gr\u00e2ce \u00e0 notre somptueux coffret Royal Box. Compos\u00e9 d&rsquo;un trio harmonieux qui capture parfaitement la quintessence du luxe et du charme intemporel. Cette&hellip;\" \/>\n<meta property=\"og:url\" content=\"https:\/\/imperialparfums.com\/fr\/produit\/royal-box-blue-diamond\/\" \/>\n<meta property=\"og:site_name\" content=\"Imperial Parfums\" \/>\n<meta property=\"article:modified_time\" content=\"2024-05-07T08:28:23+00:00\" \/>\n<meta property=\"og:image\" content=\"https:\/\/imperialparfums.com\/wp-content\/uploads\/2023\/09\/royal-box-blue-diamond-2.jpg\" \/>\n\t<meta property=\"og:image:width\" content=\"1649\" \/>\n\t<meta property=\"og:image:height\" content=\"1147\" \/>\n\t<meta property=\"og:image:type\" content=\"image\/jpeg\" \/>\n<meta name=\"twitter:card\" content=\"summary_large_image\" \/>\n<meta name=\"twitter:label1\" content=\"Est. reading time\" \/>\n\t<meta name=\"twitter:data1\" content=\"3 minutes\" \/>\n<script type=\"application\/ld+json\" class=\"yoast-schema-graph\">{\"@context\":\"https:\/\/schema.org\",\"@graph\":[{\"@type\":\"WebPage\",\"@id\":\"https:\/\/imperialparfums.com\/fr\/produit\/royal-box-blue-diamond\/\",\"url\":\"https:\/\/imperialparfums.com\/fr\/produit\/royal-box-blue-diamond\/\",\"name\":\"ROYAL BOX \u2013 BLUE DIAMOND - Imperial Parfums\",\"isPartOf\":{\"@id\":\"https:\/\/imperialparfums.com\/#website\"},\"primaryImageOfPage\":{\"@id\":\"https:\/\/imperialparfums.com\/fr\/produit\/royal-box-blue-diamond\/#primaryimage\"},\"image\":{\"@id\":\"https:\/\/imperialparfums.com\/fr\/produit\/royal-box-blue-diamond\/#primaryimage\"},\"thumbnailUrl\":\"https:\/\/imperialparfums.com\/wp-content\/uploads\/2023\/09\/royal-box-blue-diamond-2.jpg\",\"datePublished\":\"2023-09-12T12:43:51+00:00\",\"dateModified\":\"2024-05-07T08:28:23+00:00\",\"breadcrumb\":{\"@id\":\"https:\/\/imperialparfums.com\/fr\/produit\/royal-box-blue-diamond\/#breadcrumb\"},\"inLanguage\":\"fr-FR\",\"potentialAction\":[{\"@type\":\"ReadAction\",\"target\":[\"https:\/\/imperialparfums.com\/fr\/produit\/royal-box-blue-diamond\/\"]}]},{\"@type\":\"ImageObject\",\"inLanguage\":\"fr-FR\",\"@id\":\"https:\/\/imperialparfums.com\/fr\/produit\/royal-box-blue-diamond\/#primaryimage\",\"url\":\"https:\/\/imperialparfums.com\/wp-content\/uploads\/2023\/09\/royal-box-blue-diamond-2.jpg\",\"contentUrl\":\"https:\/\/imperialparfums.com\/wp-content\/uploads\/2023\/09\/royal-box-blue-diamond-2.jpg\",\"width\":1649,\"height\":1147,\"caption\":\"ROYAL BOX \u2013 BLUE DIAMOND\"},{\"@type\":\"BreadcrumbList\",\"@id\":\"https:\/\/imperialparfums.com\/fr\/produit\/royal-box-blue-diamond\/#breadcrumb\",\"itemListElement\":[{\"@type\":\"ListItem\",\"position\":1,\"name\":\"Home\",\"item\":\"https:\/\/imperialparfums.com\/fr\/\"},{\"@type\":\"ListItem\",\"position\":2,\"name\":\"Shop\",\"item\":\"https:\/\/imperialparfums.com\/en\/shop\/\"},{\"@type\":\"ListItem\",\"position\":3,\"name\":\"ROYAL BOX \u2013 BLUE DIAMOND\"}]},{\"@type\":\"WebSite\",\"@id\":\"https:\/\/imperialparfums.com\/#website\",\"url\":\"https:\/\/imperialparfums.com\/\",\"name\":\"Imperial Parfums\",\"description\":\"\",\"publisher\":{\"@id\":\"https:\/\/imperialparfums.com\/#organization\"},\"potentialAction\":[{\"@type\":\"SearchAction\",\"target\":{\"@type\":\"EntryPoint\",\"urlTemplate\":\"https:\/\/imperialparfums.com\/?s={search_term_string}\"},\"query-input\":{\"@type\":\"PropertyValueSpecification\",\"valueRequired\":true,\"valueName\":\"search_term_string\"}}],\"inLanguage\":\"fr-FR\"},{\"@type\":\"Organization\",\"@id\":\"https:\/\/imperialparfums.com\/#organization\",\"name\":\"Imperial Parfums\",\"url\":\"https:\/\/imperialparfums.com\/\",\"logo\":{\"@type\":\"ImageObject\",\"inLanguage\":\"fr-FR\",\"@id\":\"https:\/\/imperialparfums.com\/#\/schema\/logo\/image\/\",\"url\":\"https:\/\/imperialparfums.com\/wp-content\/uploads\/2021\/09\/logo-black-small.png\",\"contentUrl\":\"https:\/\/imperialparfums.com\/wp-content\/uploads\/2021\/09\/logo-black-small.png\",\"width\":250,\"height\":36,\"caption\":\"Imperial Parfums\"},\"image\":{\"@id\":\"https:\/\/imperialparfums.com\/#\/schema\/logo\/image\/\"}}]}<\/script>\n<!-- \/ Yoast SEO plugin. -->","yoast_head_json":{"title":"ROYAL BOX \u2013 BLUE DIAMOND - Imperial Parfums","robots":{"index":"index","follow":"follow","max-snippet":"max-snippet:-1","max-image-preview":"max-image-preview:large","max-video-preview":"max-video-preview:-1"},"canonical":"https:\/\/imperialparfums.com\/fr\/produit\/royal-box-blue-diamond\/","og_locale":"fr_FR","og_type":"article","og_title":"ROYAL BOX \u2013 BLUE DIAMOND - Imperial Parfums","og_description":"Laissez vous seduire par l&rsquo;essence de l&rsquo;excellence gr\u00e2ce \u00e0 notre somptueux coffret Royal Box. Compos\u00e9 d&rsquo;un trio harmonieux qui capture parfaitement la quintessence du luxe et du charme intemporel. Cette&hellip;","og_url":"https:\/\/imperialparfums.com\/fr\/produit\/royal-box-blue-diamond\/","og_site_name":"Imperial Parfums","article_modified_time":"2024-05-07T08:28:23+00:00","og_image":[{"width":1649,"height":1147,"url":"https:\/\/imperialparfums.com\/wp-content\/uploads\/2023\/09\/royal-box-blue-diamond-2.jpg","type":"image\/jpeg"}],"twitter_card":"summary_large_image","twitter_misc":{"Est. reading time":"3 minutes"},"schema":{"@context":"https:\/\/schema.org","@graph":[{"@type":"WebPage","@id":"https:\/\/imperialparfums.com\/fr\/produit\/royal-box-blue-diamond\/","url":"https:\/\/imperialparfums.com\/fr\/produit\/royal-box-blue-diamond\/","name":"ROYAL BOX \u2013 BLUE DIAMOND - Imperial Parfums","isPartOf":{"@id":"https:\/\/imperialparfums.com\/#website"},"primaryImageOfPage":{"@id":"https:\/\/imperialparfums.com\/fr\/produit\/royal-box-blue-diamond\/#primaryimage"},"image":{"@id":"https:\/\/imperialparfums.com\/fr\/produit\/royal-box-blue-diamond\/#primaryimage"},"thumbnailUrl":"https:\/\/imperialparfums.com\/wp-content\/uploads\/2023\/09\/royal-box-blue-diamond-2.jpg","datePublished":"2023-09-12T12:43:51+00:00","dateModified":"2024-05-07T08:28:23+00:00","breadcrumb":{"@id":"https:\/\/imperialparfums.com\/fr\/produit\/royal-box-blue-diamond\/#breadcrumb"},"inLanguage":"fr-FR","potentialAction":[{"@type":"ReadAction","target":["https:\/\/imperialparfums.com\/fr\/produit\/royal-box-blue-diamond\/"]}]},{"@type":"ImageObject","inLanguage":"fr-FR","@id":"https:\/\/imperialparfums.com\/fr\/produit\/royal-box-blue-diamond\/#primaryimage","url":"https:\/\/imperialparfums.com\/wp-content\/uploads\/2023\/09\/royal-box-blue-diamond-2.jpg","contentUrl":"https:\/\/imperialparfums.com\/wp-content\/uploads\/2023\/09\/royal-box-blue-diamond-2.jpg","width":1649,"height":1147,"caption":"ROYAL BOX \u2013 BLUE DIAMOND"},{"@type":"BreadcrumbList","@id":"https:\/\/imperialparfums.com\/fr\/produit\/royal-box-blue-diamond\/#breadcrumb","itemListElement":[{"@type":"ListItem","position":1,"name":"Home","item":"https:\/\/imperialparfums.com\/fr\/"},{"@type":"ListItem","position":2,"name":"Shop","item":"https:\/\/imperialparfums.com\/en\/shop\/"},{"@type":"ListItem","position":3,"name":"ROYAL BOX \u2013 BLUE DIAMOND"}]},{"@type":"WebSite","@id":"https:\/\/imperialparfums.com\/#website","url":"https:\/\/imperialparfums.com\/","name":"Imperial Parfums","description":"","publisher":{"@id":"https:\/\/imperialparfums.com\/#organization"},"potentialAction":[{"@type":"SearchAction","target":{"@type":"EntryPoint","urlTemplate":"https:\/\/imperialparfums.com\/?s={search_term_string}"},"query-input":{"@type":"PropertyValueSpecification","valueRequired":true,"valueName":"search_term_string"}}],"inLanguage":"fr-FR"},{"@type":"Organization","@id":"https:\/\/imperialparfums.com\/#organization","name":"Imperial Parfums","url":"https:\/\/imperialparfums.com\/","logo":{"@type":"ImageObject","inLanguage":"fr-FR","@id":"https:\/\/imperialparfums.com\/#\/schema\/logo\/image\/","url":"https:\/\/imperialparfums.com\/wp-content\/uploads\/2021\/09\/logo-black-small.png","contentUrl":"https:\/\/imperialparfums.com\/wp-content\/uploads\/2021\/09\/logo-black-small.png","width":250,"height":36,"caption":"Imperial Parfums"},"image":{"@id":"https:\/\/imperialparfums.com\/#\/schema\/logo\/image\/"}}]}},"jetpack_sharing_enabled":true,"_links":{"self":[{"href":"https:\/\/imperialparfums.com\/fr\/wp-json\/wp\/v2\/product\/3770","targetHints":{"allow":["GET"]}}],"collection":[{"href":"https:\/\/imperialparfums.com\/fr\/wp-json\/wp\/v2\/product"}],"about":[{"href":"https:\/\/imperialparfums.com\/fr\/wp-json\/wp\/v2\/types\/product"}],"wp:featuredmedia":[{"embeddable":true,"href":"https:\/\/imperialparfums.com\/fr\/wp-json\/wp\/v2\/media\/3773"}],"wp:attachment":[{"href":"https:\/\/imperialparfums.com\/fr\/wp-json\/wp\/v2\/media?parent=3770"}],"wp:term":[{"taxonomy":"product_brand","embeddable":true,"href":"https:\/\/imperialparfums.com\/fr\/wp-json\/wp\/v2\/product_brand?post=3770"},{"taxonomy":"product_cat","embeddable":true,"href":"https:\/\/imperialparfums.com\/fr\/wp-json\/wp\/v2\/product_cat?post=3770"},{"taxonomy":"product_tag","embeddable":true,"href":"https:\/\/imperialparfums.com\/fr\/wp-json\/wp\/v2\/product_tag?post=3770"}],"curies":[{"name":"wp","href":"https:\/\/api.w.org\/{rel}","templated":true}]}}