{"id":4007,"date":"2024-08-21T08:42:41","date_gmt":"2024-08-21T09:42:02","guid":{"rendered":"https:\/\/imperialparfums.com\/?post_type=product&#038;p=4007"},"modified":"2024-08-22T07:43:11","modified_gmt":"2024-08-22T06:43:11","slug":"sweet-serenade","status":"publish","type":"product","link":"https:\/\/imperialparfums.com\/fr\/produit\/sweet-serenade\/","title":{"rendered":"SWEET SERENADE"},"content":{"rendered":"<p><strong>Sweet Serenade<\/strong>, un \u00e9lixir sucr\u00e9 de luxe et d&rsquo;\u00e9l\u00e9gance. Cette fragrance envo\u00fbtante s&rsquo;ouvre sur la douceur irr\u00e9sistible de la barbe \u00e0 papa, m\u00eal\u00e9e avec soin \u00e0 une framboise succulente et \u00e0 un abricot, id\u00e9al pour \u00eatre port\u00e9 durant les quatre saisons de l&rsquo;ann\u00e9e.<\/p>\n<p>Le c\u0153ur r\u00e9v\u00e8le un riche m\u00e9lange de caramel et de jasmin d&rsquo;\u00c9gypte, ajoutant profondeur et sophistication \u00e0 la fragrance. Au fur et \u00e0 mesure que le parfum se d\u00e9veloppe, des notes terreuses de patchouli apparaissent, ancrant la d\u00e9licatesse avec une allure intense et captivante, cr\u00e9ant ainsi une exp\u00e9rience olfactive extr\u00eamement exaltante.<\/p>\n<p>Sweet Serenade vous enveloppe dans une aura majestueuse, impr\u00e9gnant l&rsquo;air d&rsquo;une \u00e9l\u00e9gance \u00e9ternelle o\u00f9 chaque moment devient inoubliable. D\u00e9couvrez la symphonie de douceur et de sophistication avec ce chef-d&rsquo;\u0153uvre fruit\u00e9 et sucr\u00e9 d&rsquo;Imperial Parfums.<\/p>\n<p><strong>Notes de T\u00eate<\/strong><br \/>\nBarbe \u00e0 Papa, Framboise<\/p>\n<p><strong>Notes de Coeur<\/strong><br \/>\nCaramel, Ambre, Jasmin d\u2019Egypte<\/p>\n<p><strong>Notes de Fond<\/strong><br \/>\nAbricot Intense, Musc Blanc, Patchouli d\u2019Indon\u00e9sie<\/p>\n","protected":false},"excerpt":{"rendered":"<p>Sweet Serenade, un \u00e9lixir sucr\u00e9 de luxe et d&rsquo;\u00e9l\u00e9gance. Cette fragrance envo\u00fbtante s&rsquo;ouvre sur la douceur irr\u00e9sistible de la barbe \u00e0 papa, m\u00eal\u00e9e avec soin \u00e0 une framboise succulente et&hellip;<\/p>\n","protected":false},"featured_media":4189,"template":"","meta":[],"product_brand":[],"product_cat":[48],"product_tag":[],"class_list":{"0":"post-4007","1":"product","2":"type-product","3":"status-publish","4":"has-post-thumbnail","6":"product_cat-fragrances","8":"first","9":"instock","10":"taxable","11":"shipping-taxable","12":"purchasable","13":"product-type-simple","15":"col-md-4 col-sm-4 col-xs-6","16":"col-md-4 col-sm-4 col-xs-12","17":"col-lg-4","18":"product-has-gallery","19":"product-style-default"},"yoast_head":"<!-- This site is optimized with the Yoast SEO plugin v27.0 - https:\/\/yoast.com\/product\/yoast-seo-wordpress\/ -->\n<title>SWEET SERENADE - Imperial Parfums<\/title>\n<meta name=\"robots\" content=\"index, follow, max-snippet:-1, max-image-preview:large, max-video-preview:-1\" \/>\n<link rel=\"canonical\" href=\"https:\/\/imperialparfums.com\/es\/?post_type=product&p=4425\" \/>\n<meta property=\"og:locale\" content=\"fr_FR\" \/>\n<meta property=\"og:type\" content=\"article\" \/>\n<meta property=\"og:title\" content=\"SWEET SERENADE - Imperial Parfums\" \/>\n<meta property=\"og:description\" content=\"Sweet Serenade, un \u00e9lixir sucr\u00e9 de luxe et d&rsquo;\u00e9l\u00e9gance. Cette fragrance envo\u00fbtante s&rsquo;ouvre sur la douceur irr\u00e9sistible de la barbe \u00e0 papa, m\u00eal\u00e9e avec soin \u00e0 une framboise succulente et&hellip;\" \/>\n<meta property=\"og:url\" content=\"https:\/\/imperialparfums.com\/es\/?post_type=product&amp;p=4425\" \/>\n<meta property=\"og:site_name\" content=\"Imperial Parfums\" \/>\n<meta property=\"article:modified_time\" content=\"2024-08-22T06:43:11+00:00\" \/>\n<meta property=\"og:image\" content=\"https:\/\/imperialparfums.com\/wp-content\/uploads\/2024\/08\/SS.jpg\" \/>\n\t<meta property=\"og:image:width\" content=\"1920\" \/>\n\t<meta property=\"og:image:height\" content=\"1453\" \/>\n\t<meta property=\"og:image:type\" content=\"image\/jpeg\" \/>\n<meta name=\"twitter:card\" content=\"summary_large_image\" \/>\n<meta name=\"twitter:label1\" content=\"Est. reading time\" \/>\n\t<meta name=\"twitter:data1\" content=\"1 minute\" \/>\n<script type=\"application\/ld+json\" class=\"yoast-schema-graph\">{\"@context\":\"https:\/\/schema.org\",\"@graph\":[{\"@type\":\"WebPage\",\"@id\":\"https:\/\/imperialparfums.com\/es\/?post_type=product&p=4425\",\"url\":\"https:\/\/imperialparfums.com\/es\/?post_type=product&p=4425\",\"name\":\"SWEET SERENADE - Imperial Parfums\",\"isPartOf\":{\"@id\":\"https:\/\/imperialparfums.com\/#website\"},\"primaryImageOfPage\":{\"@id\":\"https:\/\/imperialparfums.com\/es\/?post_type=product&p=4425#primaryimage\"},\"image\":{\"@id\":\"https:\/\/imperialparfums.com\/es\/?post_type=product&p=4425#primaryimage\"},\"thumbnailUrl\":\"https:\/\/imperialparfums.com\/wp-content\/uploads\/2024\/08\/SS.jpg\",\"datePublished\":\"2024-08-21T09:42:02+00:00\",\"dateModified\":\"2024-08-22T06:43:11+00:00\",\"breadcrumb\":{\"@id\":\"https:\/\/imperialparfums.com\/es\/?post_type=product&p=4425#breadcrumb\"},\"inLanguage\":\"fr-FR\",\"potentialAction\":[{\"@type\":\"ReadAction\",\"target\":[\"https:\/\/imperialparfums.com\/es\/?post_type=product&p=4425\"]}]},{\"@type\":\"ImageObject\",\"inLanguage\":\"fr-FR\",\"@id\":\"https:\/\/imperialparfums.com\/es\/?post_type=product&p=4425#primaryimage\",\"url\":\"https:\/\/imperialparfums.com\/wp-content\/uploads\/2024\/08\/SS.jpg\",\"contentUrl\":\"https:\/\/imperialparfums.com\/wp-content\/uploads\/2024\/08\/SS.jpg\",\"width\":1920,\"height\":1453},{\"@type\":\"BreadcrumbList\",\"@id\":\"https:\/\/imperialparfums.com\/es\/?post_type=product&p=4425#breadcrumb\",\"itemListElement\":[{\"@type\":\"ListItem\",\"position\":1,\"name\":\"Home\",\"item\":\"https:\/\/imperialparfums.com\/fr\/\"},{\"@type\":\"ListItem\",\"position\":2,\"name\":\"Shop\",\"item\":\"https:\/\/imperialparfums.com\/en\/shop\/\"},{\"@type\":\"ListItem\",\"position\":3,\"name\":\"SWEET SERENADE\"}]},{\"@type\":\"WebSite\",\"@id\":\"https:\/\/imperialparfums.com\/#website\",\"url\":\"https:\/\/imperialparfums.com\/\",\"name\":\"Imperial Parfums\",\"description\":\"\",\"publisher\":{\"@id\":\"https:\/\/imperialparfums.com\/#organization\"},\"potentialAction\":[{\"@type\":\"SearchAction\",\"target\":{\"@type\":\"EntryPoint\",\"urlTemplate\":\"https:\/\/imperialparfums.com\/?s={search_term_string}\"},\"query-input\":{\"@type\":\"PropertyValueSpecification\",\"valueRequired\":true,\"valueName\":\"search_term_string\"}}],\"inLanguage\":\"fr-FR\"},{\"@type\":\"Organization\",\"@id\":\"https:\/\/imperialparfums.com\/#organization\",\"name\":\"Imperial Parfums\",\"url\":\"https:\/\/imperialparfums.com\/\",\"logo\":{\"@type\":\"ImageObject\",\"inLanguage\":\"fr-FR\",\"@id\":\"https:\/\/imperialparfums.com\/#\/schema\/logo\/image\/\",\"url\":\"https:\/\/imperialparfums.com\/wp-content\/uploads\/2021\/09\/logo-black-small.png\",\"contentUrl\":\"https:\/\/imperialparfums.com\/wp-content\/uploads\/2021\/09\/logo-black-small.png\",\"width\":250,\"height\":36,\"caption\":\"Imperial Parfums\"},\"image\":{\"@id\":\"https:\/\/imperialparfums.com\/#\/schema\/logo\/image\/\"}}]}<\/script>\n<!-- \/ Yoast SEO plugin. -->","yoast_head_json":{"title":"SWEET SERENADE - Imperial Parfums","robots":{"index":"index","follow":"follow","max-snippet":"max-snippet:-1","max-image-preview":"max-image-preview:large","max-video-preview":"max-video-preview:-1"},"canonical":"https:\/\/imperialparfums.com\/es\/?post_type=product&p=4425","og_locale":"fr_FR","og_type":"article","og_title":"SWEET SERENADE - Imperial Parfums","og_description":"Sweet Serenade, un \u00e9lixir sucr\u00e9 de luxe et d&rsquo;\u00e9l\u00e9gance. Cette fragrance envo\u00fbtante s&rsquo;ouvre sur la douceur irr\u00e9sistible de la barbe \u00e0 papa, m\u00eal\u00e9e avec soin \u00e0 une framboise succulente et&hellip;","og_url":"https:\/\/imperialparfums.com\/es\/?post_type=product&p=4425","og_site_name":"Imperial Parfums","article_modified_time":"2024-08-22T06:43:11+00:00","og_image":[{"width":1920,"height":1453,"url":"https:\/\/imperialparfums.com\/wp-content\/uploads\/2024\/08\/SS.jpg","type":"image\/jpeg"}],"twitter_card":"summary_large_image","twitter_misc":{"Est. reading time":"1 minute"},"schema":{"@context":"https:\/\/schema.org","@graph":[{"@type":"WebPage","@id":"https:\/\/imperialparfums.com\/es\/?post_type=product&p=4425","url":"https:\/\/imperialparfums.com\/es\/?post_type=product&p=4425","name":"SWEET SERENADE - Imperial Parfums","isPartOf":{"@id":"https:\/\/imperialparfums.com\/#website"},"primaryImageOfPage":{"@id":"https:\/\/imperialparfums.com\/es\/?post_type=product&p=4425#primaryimage"},"image":{"@id":"https:\/\/imperialparfums.com\/es\/?post_type=product&p=4425#primaryimage"},"thumbnailUrl":"https:\/\/imperialparfums.com\/wp-content\/uploads\/2024\/08\/SS.jpg","datePublished":"2024-08-21T09:42:02+00:00","dateModified":"2024-08-22T06:43:11+00:00","breadcrumb":{"@id":"https:\/\/imperialparfums.com\/es\/?post_type=product&p=4425#breadcrumb"},"inLanguage":"fr-FR","potentialAction":[{"@type":"ReadAction","target":["https:\/\/imperialparfums.com\/es\/?post_type=product&p=4425"]}]},{"@type":"ImageObject","inLanguage":"fr-FR","@id":"https:\/\/imperialparfums.com\/es\/?post_type=product&p=4425#primaryimage","url":"https:\/\/imperialparfums.com\/wp-content\/uploads\/2024\/08\/SS.jpg","contentUrl":"https:\/\/imperialparfums.com\/wp-content\/uploads\/2024\/08\/SS.jpg","width":1920,"height":1453},{"@type":"BreadcrumbList","@id":"https:\/\/imperialparfums.com\/es\/?post_type=product&p=4425#breadcrumb","itemListElement":[{"@type":"ListItem","position":1,"name":"Home","item":"https:\/\/imperialparfums.com\/fr\/"},{"@type":"ListItem","position":2,"name":"Shop","item":"https:\/\/imperialparfums.com\/en\/shop\/"},{"@type":"ListItem","position":3,"name":"SWEET SERENADE"}]},{"@type":"WebSite","@id":"https:\/\/imperialparfums.com\/#website","url":"https:\/\/imperialparfums.com\/","name":"Imperial Parfums","description":"","publisher":{"@id":"https:\/\/imperialparfums.com\/#organization"},"potentialAction":[{"@type":"SearchAction","target":{"@type":"EntryPoint","urlTemplate":"https:\/\/imperialparfums.com\/?s={search_term_string}"},"query-input":{"@type":"PropertyValueSpecification","valueRequired":true,"valueName":"search_term_string"}}],"inLanguage":"fr-FR"},{"@type":"Organization","@id":"https:\/\/imperialparfums.com\/#organization","name":"Imperial Parfums","url":"https:\/\/imperialparfums.com\/","logo":{"@type":"ImageObject","inLanguage":"fr-FR","@id":"https:\/\/imperialparfums.com\/#\/schema\/logo\/image\/","url":"https:\/\/imperialparfums.com\/wp-content\/uploads\/2021\/09\/logo-black-small.png","contentUrl":"https:\/\/imperialparfums.com\/wp-content\/uploads\/2021\/09\/logo-black-small.png","width":250,"height":36,"caption":"Imperial Parfums"},"image":{"@id":"https:\/\/imperialparfums.com\/#\/schema\/logo\/image\/"}}]}},"jetpack_sharing_enabled":true,"_links":{"self":[{"href":"https:\/\/imperialparfums.com\/fr\/wp-json\/wp\/v2\/product\/4007","targetHints":{"allow":["GET"]}}],"collection":[{"href":"https:\/\/imperialparfums.com\/fr\/wp-json\/wp\/v2\/product"}],"about":[{"href":"https:\/\/imperialparfums.com\/fr\/wp-json\/wp\/v2\/types\/product"}],"wp:featuredmedia":[{"embeddable":true,"href":"https:\/\/imperialparfums.com\/fr\/wp-json\/wp\/v2\/media\/4189"}],"wp:attachment":[{"href":"https:\/\/imperialparfums.com\/fr\/wp-json\/wp\/v2\/media?parent=4007"}],"wp:term":[{"taxonomy":"product_brand","embeddable":true,"href":"https:\/\/imperialparfums.com\/fr\/wp-json\/wp\/v2\/product_brand?post=4007"},{"taxonomy":"product_cat","embeddable":true,"href":"https:\/\/imperialparfums.com\/fr\/wp-json\/wp\/v2\/product_cat?post=4007"},{"taxonomy":"product_tag","embeddable":true,"href":"https:\/\/imperialparfums.com\/fr\/wp-json\/wp\/v2\/product_tag?post=4007"}],"curies":[{"name":"wp","href":"https:\/\/api.w.org\/{rel}","templated":true}]}}