{"id":4319,"date":"2025-07-31T08:40:01","date_gmt":"2025-07-31T07:44:06","guid":{"rendered":"https:\/\/imperialparfums.com\/?post_type=product&#038;p=4319"},"modified":"2025-08-01T06:31:45","modified_gmt":"2025-08-01T05:31:45","slug":"kashmir","status":"publish","type":"product","link":"https:\/\/imperialparfums.com\/fr\/produit\/kashmir\/","title":{"rendered":"KASHMIR"},"content":{"rendered":"<p>Kashmir c\u00e9l\u00e8bre la gr\u00e2ce \u00e9ternelle du cachemire artisanal, incarnation du luxe discret et du prestige silencieux. Cette fragrance exquise s\u2019ouvre sur un \u00e9clat lumineux de poire, d\u00e9licatement napp\u00e9e de sucre dor\u00e9 et de miel, hommage opulent \u00e0 l\u2019indulgence jadis r\u00e9serv\u00e9e aux cours royales.<\/p>\n<p>Au c\u0153ur, le jasmin s\u2019\u00e9panouit avec une gr\u00e2ce \u00e9th\u00e9r\u00e9e, aussi doux et somptueux qu\u2019un ch\u00e2le de cachemire enveloppant les \u00e9paules de la noblesse. Le voyage s\u2019ach\u00e8ve dans une \u00e9treinte harmonieuse d\u2019\u00e9lixir de vanille et de musc blanc, qui caressent la peau tel un murmure de luxe subtil.<\/p>\n<p>Kashmir est un po\u00e8me olfactif o\u00f9 s\u2019entrelacent chaleur et noblesse, vous enveloppant d\u2019un cocon de douceur royale, laissant dans son sillage une confiance tranquille et une grandeur intemporelle.<\/p>\n<p><strong>Notes de T\u00eate<\/strong><br \/>\nPoire, Sucre de Canne<\/p>\n<p><strong>Notes de C\u0153ur<\/strong><br \/>\nMiel, Jasmin<\/p>\n<p><strong>Notes de Fond<\/strong><br \/>\nMusc Blanc, Elixir de Vanille<\/p>\n","protected":false},"excerpt":{"rendered":"<p>Kashmir c\u00e9l\u00e8bre la gr\u00e2ce \u00e9ternelle du cachemire artisanal, incarnation du luxe discret et du prestige silencieux. Cette fragrance exquise s\u2019ouvre sur un \u00e9clat lumineux de poire, d\u00e9licatement napp\u00e9e de sucre&hellip;<\/p>\n","protected":false},"featured_media":4346,"template":"","meta":[],"product_brand":[],"product_cat":[48],"product_tag":[],"class_list":{"0":"post-4319","1":"product","2":"type-product","3":"status-publish","4":"has-post-thumbnail","6":"product_cat-fragrances","8":"first","9":"instock","10":"taxable","11":"shipping-taxable","12":"purchasable","13":"product-type-simple","15":"col-md-4 col-sm-4 col-xs-6","16":"col-md-4 col-sm-4 col-xs-12","17":"col-lg-4","18":"product-has-gallery","19":"product-style-default"},"yoast_head":"<!-- This site is optimized with the Yoast SEO plugin v27.0 - https:\/\/yoast.com\/product\/yoast-seo-wordpress\/ -->\n<title>KASHMIR - Imperial Parfums<\/title>\n<meta name=\"robots\" content=\"index, follow, max-snippet:-1, max-image-preview:large, max-video-preview:-1\" \/>\n<link rel=\"canonical\" href=\"https:\/\/imperialparfums.com\/fr\/produit\/kashmir\/\" \/>\n<meta property=\"og:locale\" content=\"fr_FR\" \/>\n<meta property=\"og:type\" content=\"article\" \/>\n<meta property=\"og:title\" content=\"KASHMIR - Imperial Parfums\" \/>\n<meta property=\"og:description\" content=\"Kashmir c\u00e9l\u00e8bre la gr\u00e2ce \u00e9ternelle du cachemire artisanal, incarnation du luxe discret et du prestige silencieux. Cette fragrance exquise s\u2019ouvre sur un \u00e9clat lumineux de poire, d\u00e9licatement napp\u00e9e de sucre&hellip;\" \/>\n<meta property=\"og:url\" content=\"https:\/\/imperialparfums.com\/fr\/produit\/kashmir\/\" \/>\n<meta property=\"og:site_name\" content=\"Imperial Parfums\" \/>\n<meta property=\"article:modified_time\" content=\"2025-08-01T05:31:45+00:00\" \/>\n<meta property=\"og:image\" content=\"https:\/\/imperialparfums.com\/wp-content\/uploads\/2025\/07\/kashmir.webp\" \/>\n\t<meta property=\"og:image:width\" content=\"1920\" \/>\n\t<meta property=\"og:image:height\" content=\"1280\" \/>\n\t<meta property=\"og:image:type\" content=\"image\/webp\" \/>\n<meta name=\"twitter:card\" content=\"summary_large_image\" \/>\n<meta name=\"twitter:label1\" content=\"Est. reading time\" \/>\n\t<meta name=\"twitter:data1\" content=\"1 minute\" \/>\n<script type=\"application\/ld+json\" class=\"yoast-schema-graph\">{\"@context\":\"https:\/\/schema.org\",\"@graph\":[{\"@type\":\"WebPage\",\"@id\":\"https:\/\/imperialparfums.com\/fr\/produit\/kashmir\/\",\"url\":\"https:\/\/imperialparfums.com\/fr\/produit\/kashmir\/\",\"name\":\"KASHMIR - Imperial Parfums\",\"isPartOf\":{\"@id\":\"https:\/\/imperialparfums.com\/#website\"},\"primaryImageOfPage\":{\"@id\":\"https:\/\/imperialparfums.com\/fr\/produit\/kashmir\/#primaryimage\"},\"image\":{\"@id\":\"https:\/\/imperialparfums.com\/fr\/produit\/kashmir\/#primaryimage\"},\"thumbnailUrl\":\"https:\/\/imperialparfums.com\/wp-content\/uploads\/2025\/07\/kashmir.webp\",\"datePublished\":\"2025-07-31T07:44:06+00:00\",\"dateModified\":\"2025-08-01T05:31:45+00:00\",\"breadcrumb\":{\"@id\":\"https:\/\/imperialparfums.com\/fr\/produit\/kashmir\/#breadcrumb\"},\"inLanguage\":\"fr-FR\",\"potentialAction\":[{\"@type\":\"ReadAction\",\"target\":[\"https:\/\/imperialparfums.com\/fr\/produit\/kashmir\/\"]}]},{\"@type\":\"ImageObject\",\"inLanguage\":\"fr-FR\",\"@id\":\"https:\/\/imperialparfums.com\/fr\/produit\/kashmir\/#primaryimage\",\"url\":\"https:\/\/imperialparfums.com\/wp-content\/uploads\/2025\/07\/kashmir.webp\",\"contentUrl\":\"https:\/\/imperialparfums.com\/wp-content\/uploads\/2025\/07\/kashmir.webp\",\"width\":1920,\"height\":1280},{\"@type\":\"BreadcrumbList\",\"@id\":\"https:\/\/imperialparfums.com\/fr\/produit\/kashmir\/#breadcrumb\",\"itemListElement\":[{\"@type\":\"ListItem\",\"position\":1,\"name\":\"Home\",\"item\":\"https:\/\/imperialparfums.com\/fr\/\"},{\"@type\":\"ListItem\",\"position\":2,\"name\":\"Shop\",\"item\":\"https:\/\/imperialparfums.com\/en\/shop\/\"},{\"@type\":\"ListItem\",\"position\":3,\"name\":\"KASHMIR\"}]},{\"@type\":\"WebSite\",\"@id\":\"https:\/\/imperialparfums.com\/#website\",\"url\":\"https:\/\/imperialparfums.com\/\",\"name\":\"Imperial Parfums\",\"description\":\"\",\"publisher\":{\"@id\":\"https:\/\/imperialparfums.com\/#organization\"},\"potentialAction\":[{\"@type\":\"SearchAction\",\"target\":{\"@type\":\"EntryPoint\",\"urlTemplate\":\"https:\/\/imperialparfums.com\/?s={search_term_string}\"},\"query-input\":{\"@type\":\"PropertyValueSpecification\",\"valueRequired\":true,\"valueName\":\"search_term_string\"}}],\"inLanguage\":\"fr-FR\"},{\"@type\":\"Organization\",\"@id\":\"https:\/\/imperialparfums.com\/#organization\",\"name\":\"Imperial Parfums\",\"url\":\"https:\/\/imperialparfums.com\/\",\"logo\":{\"@type\":\"ImageObject\",\"inLanguage\":\"fr-FR\",\"@id\":\"https:\/\/imperialparfums.com\/#\/schema\/logo\/image\/\",\"url\":\"https:\/\/imperialparfums.com\/wp-content\/uploads\/2021\/09\/logo-black-small.png\",\"contentUrl\":\"https:\/\/imperialparfums.com\/wp-content\/uploads\/2021\/09\/logo-black-small.png\",\"width\":250,\"height\":36,\"caption\":\"Imperial Parfums\"},\"image\":{\"@id\":\"https:\/\/imperialparfums.com\/#\/schema\/logo\/image\/\"}}]}<\/script>\n<!-- \/ Yoast SEO plugin. -->","yoast_head_json":{"title":"KASHMIR - Imperial Parfums","robots":{"index":"index","follow":"follow","max-snippet":"max-snippet:-1","max-image-preview":"max-image-preview:large","max-video-preview":"max-video-preview:-1"},"canonical":"https:\/\/imperialparfums.com\/fr\/produit\/kashmir\/","og_locale":"fr_FR","og_type":"article","og_title":"KASHMIR - Imperial Parfums","og_description":"Kashmir c\u00e9l\u00e8bre la gr\u00e2ce \u00e9ternelle du cachemire artisanal, incarnation du luxe discret et du prestige silencieux. Cette fragrance exquise s\u2019ouvre sur un \u00e9clat lumineux de poire, d\u00e9licatement napp\u00e9e de sucre&hellip;","og_url":"https:\/\/imperialparfums.com\/fr\/produit\/kashmir\/","og_site_name":"Imperial Parfums","article_modified_time":"2025-08-01T05:31:45+00:00","og_image":[{"width":1920,"height":1280,"url":"https:\/\/imperialparfums.com\/wp-content\/uploads\/2025\/07\/kashmir.webp","type":"image\/webp"}],"twitter_card":"summary_large_image","twitter_misc":{"Est. reading time":"1 minute"},"schema":{"@context":"https:\/\/schema.org","@graph":[{"@type":"WebPage","@id":"https:\/\/imperialparfums.com\/fr\/produit\/kashmir\/","url":"https:\/\/imperialparfums.com\/fr\/produit\/kashmir\/","name":"KASHMIR - Imperial Parfums","isPartOf":{"@id":"https:\/\/imperialparfums.com\/#website"},"primaryImageOfPage":{"@id":"https:\/\/imperialparfums.com\/fr\/produit\/kashmir\/#primaryimage"},"image":{"@id":"https:\/\/imperialparfums.com\/fr\/produit\/kashmir\/#primaryimage"},"thumbnailUrl":"https:\/\/imperialparfums.com\/wp-content\/uploads\/2025\/07\/kashmir.webp","datePublished":"2025-07-31T07:44:06+00:00","dateModified":"2025-08-01T05:31:45+00:00","breadcrumb":{"@id":"https:\/\/imperialparfums.com\/fr\/produit\/kashmir\/#breadcrumb"},"inLanguage":"fr-FR","potentialAction":[{"@type":"ReadAction","target":["https:\/\/imperialparfums.com\/fr\/produit\/kashmir\/"]}]},{"@type":"ImageObject","inLanguage":"fr-FR","@id":"https:\/\/imperialparfums.com\/fr\/produit\/kashmir\/#primaryimage","url":"https:\/\/imperialparfums.com\/wp-content\/uploads\/2025\/07\/kashmir.webp","contentUrl":"https:\/\/imperialparfums.com\/wp-content\/uploads\/2025\/07\/kashmir.webp","width":1920,"height":1280},{"@type":"BreadcrumbList","@id":"https:\/\/imperialparfums.com\/fr\/produit\/kashmir\/#breadcrumb","itemListElement":[{"@type":"ListItem","position":1,"name":"Home","item":"https:\/\/imperialparfums.com\/fr\/"},{"@type":"ListItem","position":2,"name":"Shop","item":"https:\/\/imperialparfums.com\/en\/shop\/"},{"@type":"ListItem","position":3,"name":"KASHMIR"}]},{"@type":"WebSite","@id":"https:\/\/imperialparfums.com\/#website","url":"https:\/\/imperialparfums.com\/","name":"Imperial Parfums","description":"","publisher":{"@id":"https:\/\/imperialparfums.com\/#organization"},"potentialAction":[{"@type":"SearchAction","target":{"@type":"EntryPoint","urlTemplate":"https:\/\/imperialparfums.com\/?s={search_term_string}"},"query-input":{"@type":"PropertyValueSpecification","valueRequired":true,"valueName":"search_term_string"}}],"inLanguage":"fr-FR"},{"@type":"Organization","@id":"https:\/\/imperialparfums.com\/#organization","name":"Imperial Parfums","url":"https:\/\/imperialparfums.com\/","logo":{"@type":"ImageObject","inLanguage":"fr-FR","@id":"https:\/\/imperialparfums.com\/#\/schema\/logo\/image\/","url":"https:\/\/imperialparfums.com\/wp-content\/uploads\/2021\/09\/logo-black-small.png","contentUrl":"https:\/\/imperialparfums.com\/wp-content\/uploads\/2021\/09\/logo-black-small.png","width":250,"height":36,"caption":"Imperial Parfums"},"image":{"@id":"https:\/\/imperialparfums.com\/#\/schema\/logo\/image\/"}}]}},"jetpack_sharing_enabled":true,"_links":{"self":[{"href":"https:\/\/imperialparfums.com\/fr\/wp-json\/wp\/v2\/product\/4319","targetHints":{"allow":["GET"]}}],"collection":[{"href":"https:\/\/imperialparfums.com\/fr\/wp-json\/wp\/v2\/product"}],"about":[{"href":"https:\/\/imperialparfums.com\/fr\/wp-json\/wp\/v2\/types\/product"}],"wp:featuredmedia":[{"embeddable":true,"href":"https:\/\/imperialparfums.com\/fr\/wp-json\/wp\/v2\/media\/4346"}],"wp:attachment":[{"href":"https:\/\/imperialparfums.com\/fr\/wp-json\/wp\/v2\/media?parent=4319"}],"wp:term":[{"taxonomy":"product_brand","embeddable":true,"href":"https:\/\/imperialparfums.com\/fr\/wp-json\/wp\/v2\/product_brand?post=4319"},{"taxonomy":"product_cat","embeddable":true,"href":"https:\/\/imperialparfums.com\/fr\/wp-json\/wp\/v2\/product_cat?post=4319"},{"taxonomy":"product_tag","embeddable":true,"href":"https:\/\/imperialparfums.com\/fr\/wp-json\/wp\/v2\/product_tag?post=4319"}],"curies":[{"name":"wp","href":"https:\/\/api.w.org\/{rel}","templated":true}]}}