{"id":4683,"date":"2026-03-25T12:32:13","date_gmt":"2026-03-25T12:32:13","guid":{"rendered":"https:\/\/imperialparfums.com\/?post_type=product&#038;p=4683"},"modified":"2026-03-25T13:05:52","modified_gmt":"2026-03-25T13:05:52","slug":"santorini","status":"publish","type":"product","link":"https:\/\/imperialparfums.com\/fr\/produit\/santorini\/","title":{"rendered":"SANTORINI"},"content":{"rendered":"<p>Sous le soleil dor\u00e9 de Santorini, l\u00e0 o\u00f9 les falaises de marbre plongent dans le bleu infini de Pos\u00e9idon, les l\u00e9gendes murmurent le souvenir des gladiateurs et des empereurs grecs qui parcouraient autrefois ces rivages antiques. Une brise marine, vivifi\u00e9e par l\u2019huile de citron et le pamplemousse \u00e9clatant, porte en elle la promesse de conqu\u00eate et de libert\u00e9. Une fragrance aussi \u00e9nergisante que les premi\u00e8res lueurs du jour sur la mer turquoise. La mandarine flotte dans l\u2019air, clin d\u2019\u0153il discret aux histoires secr\u00e8tes de l\u2019\u00eele.<\/p>\n<p>Au c\u0153ur de cette terre mythique, le thym et la bergamote s\u2019\u00e9panouissent entre les pierres blanches, reliant pass\u00e9 et pr\u00e9sent dans un tourbillon de sensations. Ici, chaque pas \u00e9voque un r\u00e8gne et une gr\u00e2ce \u00e9ternels, o\u00f9 la force s\u2019accorde \u00e0 la beaut\u00e9, et o\u00f9 l\u2019esprit de Santorini s\u2019\u00e9veille \u00e0 chaque respiration. Ce parfum n\u2019appartient ni \u00e0 lui ni \u00e0 elle, il est \u00e0 vous \u00e0 d\u00e9couvrir et \u00e0 garder pr\u00e9cieusement.<\/p>\n<p>Au cr\u00e9puscule, l\u2019ambre gris, le bois de c\u00e8dre et le muguet se d\u00e9voilent sous un ciel inspir\u00e9 des dieux, adoucis par la douceur de la vanille. Un parfum imp\u00e9rial pour celles et ceux qui recherchent l\u2019aventure et l\u2019\u00e9l\u00e9gance, pour les \u00e2mes en qu\u00eate de nouveaux horizons. Une inspiration, et vous marchez aux c\u00f4t\u00e9s des l\u00e9gendes, \u00e0 jamais marqu\u00e9 par le charme de Santorini.<\/p>\n<p><strong>Note de Tete <\/strong><br \/>\nPamplemousse, Huile de Citron, Mandarine<\/p>\n<p><strong>Note de coeur <\/strong><br \/>\nThym, Bergamote<\/p>\n<p><strong>Note de Fond <\/strong><br \/>\nAmbre Gris, Bois de C\u00e8dre, Muguet, Vanille<\/p>\n","protected":false},"excerpt":{"rendered":"<p>Sous le soleil dor\u00e9 de Santorini, l\u00e0 o\u00f9 les falaises de marbre plongent dans le bleu infini de Pos\u00e9idon, les l\u00e9gendes murmurent le souvenir des gladiateurs et des empereurs grecs&hellip;<\/p>\n","protected":false},"featured_media":4678,"template":"","meta":[],"product_brand":[],"product_cat":[48],"product_tag":[],"class_list":{"0":"post-4683","1":"product","2":"type-product","3":"status-publish","4":"has-post-thumbnail","6":"product_cat-fragrances","8":"first","9":"instock","10":"taxable","11":"shipping-taxable","12":"purchasable","13":"product-type-simple","15":"col-md-4 col-sm-4 col-xs-6","16":"col-md-4 col-sm-4 col-xs-12","17":"col-lg-4","18":"product-has-gallery","19":"product-style-default"},"yoast_head":"<!-- This site is optimized with the Yoast SEO plugin v27.0 - https:\/\/yoast.com\/product\/yoast-seo-wordpress\/ -->\n<title>SANTORINI - Imperial Parfums<\/title>\n<meta name=\"robots\" content=\"index, follow, max-snippet:-1, max-image-preview:large, max-video-preview:-1\" \/>\n<link rel=\"canonical\" href=\"https:\/\/imperialparfums.com\/fr\/produit\/santorini\/\" \/>\n<meta property=\"og:locale\" content=\"fr_FR\" \/>\n<meta property=\"og:type\" content=\"article\" \/>\n<meta property=\"og:title\" content=\"SANTORINI - Imperial Parfums\" \/>\n<meta property=\"og:description\" content=\"Sous le soleil dor\u00e9 de Santorini, l\u00e0 o\u00f9 les falaises de marbre plongent dans le bleu infini de Pos\u00e9idon, les l\u00e9gendes murmurent le souvenir des gladiateurs et des empereurs grecs&hellip;\" \/>\n<meta property=\"og:url\" content=\"https:\/\/imperialparfums.com\/fr\/produit\/santorini\/\" \/>\n<meta property=\"og:site_name\" content=\"Imperial Parfums\" \/>\n<meta property=\"article:modified_time\" content=\"2026-03-25T13:05:52+00:00\" \/>\n<meta property=\"og:image\" content=\"https:\/\/imperialparfums.com\/wp-content\/uploads\/2026\/03\/Santorini-Germ6.jpg\" \/>\n\t<meta property=\"og:image:width\" content=\"1920\" \/>\n\t<meta property=\"og:image:height\" content=\"1310\" \/>\n\t<meta property=\"og:image:type\" content=\"image\/jpeg\" \/>\n<meta name=\"twitter:card\" content=\"summary_large_image\" \/>\n<meta name=\"twitter:label1\" content=\"Est. reading time\" \/>\n\t<meta name=\"twitter:data1\" content=\"2 minutes\" \/>\n<script type=\"application\/ld+json\" class=\"yoast-schema-graph\">{\"@context\":\"https:\/\/schema.org\",\"@graph\":[{\"@type\":\"WebPage\",\"@id\":\"https:\/\/imperialparfums.com\/fr\/produit\/santorini\/\",\"url\":\"https:\/\/imperialparfums.com\/fr\/produit\/santorini\/\",\"name\":\"SANTORINI - Imperial Parfums\",\"isPartOf\":{\"@id\":\"https:\/\/imperialparfums.com\/#website\"},\"primaryImageOfPage\":{\"@id\":\"https:\/\/imperialparfums.com\/fr\/produit\/santorini\/#primaryimage\"},\"image\":{\"@id\":\"https:\/\/imperialparfums.com\/fr\/produit\/santorini\/#primaryimage\"},\"thumbnailUrl\":\"https:\/\/imperialparfums.com\/wp-content\/uploads\/2026\/03\/Santorini-Germ6.jpg\",\"datePublished\":\"2026-03-25T12:32:13+00:00\",\"dateModified\":\"2026-03-25T13:05:52+00:00\",\"breadcrumb\":{\"@id\":\"https:\/\/imperialparfums.com\/fr\/produit\/santorini\/#breadcrumb\"},\"inLanguage\":\"fr-FR\",\"potentialAction\":[{\"@type\":\"ReadAction\",\"target\":[\"https:\/\/imperialparfums.com\/fr\/produit\/santorini\/\"]}]},{\"@type\":\"ImageObject\",\"inLanguage\":\"fr-FR\",\"@id\":\"https:\/\/imperialparfums.com\/fr\/produit\/santorini\/#primaryimage\",\"url\":\"https:\/\/imperialparfums.com\/wp-content\/uploads\/2026\/03\/Santorini-Germ6.jpg\",\"contentUrl\":\"https:\/\/imperialparfums.com\/wp-content\/uploads\/2026\/03\/Santorini-Germ6.jpg\",\"width\":1920,\"height\":1310},{\"@type\":\"BreadcrumbList\",\"@id\":\"https:\/\/imperialparfums.com\/fr\/produit\/santorini\/#breadcrumb\",\"itemListElement\":[{\"@type\":\"ListItem\",\"position\":1,\"name\":\"Home\",\"item\":\"https:\/\/imperialparfums.com\/fr\/\"},{\"@type\":\"ListItem\",\"position\":2,\"name\":\"Shop\",\"item\":\"https:\/\/imperialparfums.com\/en\/shop\/\"},{\"@type\":\"ListItem\",\"position\":3,\"name\":\"SANTORINI\"}]},{\"@type\":\"WebSite\",\"@id\":\"https:\/\/imperialparfums.com\/#website\",\"url\":\"https:\/\/imperialparfums.com\/\",\"name\":\"Imperial Parfums\",\"description\":\"\",\"publisher\":{\"@id\":\"https:\/\/imperialparfums.com\/#organization\"},\"potentialAction\":[{\"@type\":\"SearchAction\",\"target\":{\"@type\":\"EntryPoint\",\"urlTemplate\":\"https:\/\/imperialparfums.com\/?s={search_term_string}\"},\"query-input\":{\"@type\":\"PropertyValueSpecification\",\"valueRequired\":true,\"valueName\":\"search_term_string\"}}],\"inLanguage\":\"fr-FR\"},{\"@type\":\"Organization\",\"@id\":\"https:\/\/imperialparfums.com\/#organization\",\"name\":\"Imperial Parfums\",\"url\":\"https:\/\/imperialparfums.com\/\",\"logo\":{\"@type\":\"ImageObject\",\"inLanguage\":\"fr-FR\",\"@id\":\"https:\/\/imperialparfums.com\/#\/schema\/logo\/image\/\",\"url\":\"https:\/\/imperialparfums.com\/wp-content\/uploads\/2021\/09\/logo-black-small.png\",\"contentUrl\":\"https:\/\/imperialparfums.com\/wp-content\/uploads\/2021\/09\/logo-black-small.png\",\"width\":250,\"height\":36,\"caption\":\"Imperial Parfums\"},\"image\":{\"@id\":\"https:\/\/imperialparfums.com\/#\/schema\/logo\/image\/\"}}]}<\/script>\n<!-- \/ Yoast SEO plugin. -->","yoast_head_json":{"title":"SANTORINI - Imperial Parfums","robots":{"index":"index","follow":"follow","max-snippet":"max-snippet:-1","max-image-preview":"max-image-preview:large","max-video-preview":"max-video-preview:-1"},"canonical":"https:\/\/imperialparfums.com\/fr\/produit\/santorini\/","og_locale":"fr_FR","og_type":"article","og_title":"SANTORINI - Imperial Parfums","og_description":"Sous le soleil dor\u00e9 de Santorini, l\u00e0 o\u00f9 les falaises de marbre plongent dans le bleu infini de Pos\u00e9idon, les l\u00e9gendes murmurent le souvenir des gladiateurs et des empereurs grecs&hellip;","og_url":"https:\/\/imperialparfums.com\/fr\/produit\/santorini\/","og_site_name":"Imperial Parfums","article_modified_time":"2026-03-25T13:05:52+00:00","og_image":[{"width":1920,"height":1310,"url":"https:\/\/imperialparfums.com\/wp-content\/uploads\/2026\/03\/Santorini-Germ6.jpg","type":"image\/jpeg"}],"twitter_card":"summary_large_image","twitter_misc":{"Est. reading time":"2 minutes"},"schema":{"@context":"https:\/\/schema.org","@graph":[{"@type":"WebPage","@id":"https:\/\/imperialparfums.com\/fr\/produit\/santorini\/","url":"https:\/\/imperialparfums.com\/fr\/produit\/santorini\/","name":"SANTORINI - Imperial Parfums","isPartOf":{"@id":"https:\/\/imperialparfums.com\/#website"},"primaryImageOfPage":{"@id":"https:\/\/imperialparfums.com\/fr\/produit\/santorini\/#primaryimage"},"image":{"@id":"https:\/\/imperialparfums.com\/fr\/produit\/santorini\/#primaryimage"},"thumbnailUrl":"https:\/\/imperialparfums.com\/wp-content\/uploads\/2026\/03\/Santorini-Germ6.jpg","datePublished":"2026-03-25T12:32:13+00:00","dateModified":"2026-03-25T13:05:52+00:00","breadcrumb":{"@id":"https:\/\/imperialparfums.com\/fr\/produit\/santorini\/#breadcrumb"},"inLanguage":"fr-FR","potentialAction":[{"@type":"ReadAction","target":["https:\/\/imperialparfums.com\/fr\/produit\/santorini\/"]}]},{"@type":"ImageObject","inLanguage":"fr-FR","@id":"https:\/\/imperialparfums.com\/fr\/produit\/santorini\/#primaryimage","url":"https:\/\/imperialparfums.com\/wp-content\/uploads\/2026\/03\/Santorini-Germ6.jpg","contentUrl":"https:\/\/imperialparfums.com\/wp-content\/uploads\/2026\/03\/Santorini-Germ6.jpg","width":1920,"height":1310},{"@type":"BreadcrumbList","@id":"https:\/\/imperialparfums.com\/fr\/produit\/santorini\/#breadcrumb","itemListElement":[{"@type":"ListItem","position":1,"name":"Home","item":"https:\/\/imperialparfums.com\/fr\/"},{"@type":"ListItem","position":2,"name":"Shop","item":"https:\/\/imperialparfums.com\/en\/shop\/"},{"@type":"ListItem","position":3,"name":"SANTORINI"}]},{"@type":"WebSite","@id":"https:\/\/imperialparfums.com\/#website","url":"https:\/\/imperialparfums.com\/","name":"Imperial Parfums","description":"","publisher":{"@id":"https:\/\/imperialparfums.com\/#organization"},"potentialAction":[{"@type":"SearchAction","target":{"@type":"EntryPoint","urlTemplate":"https:\/\/imperialparfums.com\/?s={search_term_string}"},"query-input":{"@type":"PropertyValueSpecification","valueRequired":true,"valueName":"search_term_string"}}],"inLanguage":"fr-FR"},{"@type":"Organization","@id":"https:\/\/imperialparfums.com\/#organization","name":"Imperial Parfums","url":"https:\/\/imperialparfums.com\/","logo":{"@type":"ImageObject","inLanguage":"fr-FR","@id":"https:\/\/imperialparfums.com\/#\/schema\/logo\/image\/","url":"https:\/\/imperialparfums.com\/wp-content\/uploads\/2021\/09\/logo-black-small.png","contentUrl":"https:\/\/imperialparfums.com\/wp-content\/uploads\/2021\/09\/logo-black-small.png","width":250,"height":36,"caption":"Imperial Parfums"},"image":{"@id":"https:\/\/imperialparfums.com\/#\/schema\/logo\/image\/"}}]}},"jetpack_sharing_enabled":true,"_links":{"self":[{"href":"https:\/\/imperialparfums.com\/fr\/wp-json\/wp\/v2\/product\/4683","targetHints":{"allow":["GET"]}}],"collection":[{"href":"https:\/\/imperialparfums.com\/fr\/wp-json\/wp\/v2\/product"}],"about":[{"href":"https:\/\/imperialparfums.com\/fr\/wp-json\/wp\/v2\/types\/product"}],"wp:featuredmedia":[{"embeddable":true,"href":"https:\/\/imperialparfums.com\/fr\/wp-json\/wp\/v2\/media\/4678"}],"wp:attachment":[{"href":"https:\/\/imperialparfums.com\/fr\/wp-json\/wp\/v2\/media?parent=4683"}],"wp:term":[{"taxonomy":"product_brand","embeddable":true,"href":"https:\/\/imperialparfums.com\/fr\/wp-json\/wp\/v2\/product_brand?post=4683"},{"taxonomy":"product_cat","embeddable":true,"href":"https:\/\/imperialparfums.com\/fr\/wp-json\/wp\/v2\/product_cat?post=4683"},{"taxonomy":"product_tag","embeddable":true,"href":"https:\/\/imperialparfums.com\/fr\/wp-json\/wp\/v2\/product_tag?post=4683"}],"curies":[{"name":"wp","href":"https:\/\/api.w.org\/{rel}","templated":true}]}}